{"id":42980,"date":"2022-05-29T11:24:02","date_gmt":"2022-05-29T09:24:02","guid":{"rendered":"https:\/\/bojungle.eu\/shop\/product\/b-filtro-para-humi-purificador-sensy\/"},"modified":"2024-01-31T13:50:06","modified_gmt":"2024-01-31T12:50:06","slug":"b-filter-for-humi-purifier-sensy","status":"publish","type":"product","link":"https:\/\/www.bojungle.eu\/pt-pt\/produto\/b-filter-for-humi-purifier-sensy\/","title":{"rendered":"Filtro para Humi-purifier Sensy"},"content":{"rendered":"<p>Este filtro \u00e9 adequado para o Humi-Purifier Sensy e para os nossos humidificadores digitais anteriores.<\/p>\n","protected":false},"excerpt":{"rendered":"<p>O filtro para o Humi-Purifier Sensy foi concebido para melhorar a qualidade do ar no seu espa\u00e7o habitacional, criando um ambiente mais saud\u00e1vel. Este filtro de alta qualidade foi especialmente concebido para ser utilizado com o Humi-Purifier Sensy, proporcionando uma filtragem eficaz de part\u00edculas de p\u00f3, alerg\u00e9nios e outros contaminantes transportados pelo ar. <\/p>\n","protected":false},"featured_media":65197,"comment_status":"closed","ping_status":"closed","template":"","meta":{"_lmt_disableupdate":"","_lmt_disable":""},"product_brand":[],"product_cat":[528],"product_tag":[],"woo-feed-brand":[],"class_list":{"0":"post-42980","1":"product","2":"type-product","3":"status-publish","4":"has-post-thumbnail","6":"product_cat-dormir","8":"first","9":"instock","10":"taxable","11":"shipping-taxable","12":"purchasable","13":"product-type-simple"},"_links":{"self":[{"href":"https:\/\/www.bojungle.eu\/pt-pt\/wp-json\/wp\/v2\/product\/42980","targetHints":{"allow":["GET"]}}],"collection":[{"href":"https:\/\/www.bojungle.eu\/pt-pt\/wp-json\/wp\/v2\/product"}],"about":[{"href":"https:\/\/www.bojungle.eu\/pt-pt\/wp-json\/wp\/v2\/types\/product"}],"replies":[{"embeddable":true,"href":"https:\/\/www.bojungle.eu\/pt-pt\/wp-json\/wp\/v2\/comments?post=42980"}],"version-history":[{"count":1,"href":"https:\/\/www.bojungle.eu\/pt-pt\/wp-json\/wp\/v2\/product\/42980\/revisions"}],"predecessor-version":[{"id":65206,"href":"https:\/\/www.bojungle.eu\/pt-pt\/wp-json\/wp\/v2\/product\/42980\/revisions\/65206"}],"wp:featuredmedia":[{"embeddable":true,"href":"https:\/\/www.bojungle.eu\/pt-pt\/wp-json\/wp\/v2\/media\/65197"}],"wp:attachment":[{"href":"https:\/\/www.bojungle.eu\/pt-pt\/wp-json\/wp\/v2\/media?parent=42980"}],"wp:term":[{"taxonomy":"product_brand","embeddable":true,"href":"https:\/\/www.bojungle.eu\/pt-pt\/wp-json\/wp\/v2\/product_brand?post=42980"},{"taxonomy":"product_cat","embeddable":true,"href":"https:\/\/www.bojungle.eu\/pt-pt\/wp-json\/wp\/v2\/product_cat?post=42980"},{"taxonomy":"product_tag","embeddable":true,"href":"https:\/\/www.bojungle.eu\/pt-pt\/wp-json\/wp\/v2\/product_tag?post=42980"},{"taxonomy":"woo-feed-brand","embeddable":true,"href":"https:\/\/www.bojungle.eu\/pt-pt\/wp-json\/wp\/v2\/woo-feed-brand?post=42980"}],"curies":[{"name":"wp","href":"https:\/\/api.w.org\/{rel}","templated":true}]}}