{"id":42983,"date":"2022-05-29T11:24:19","date_gmt":"2022-05-29T09:24:19","guid":{"rendered":"https:\/\/bojungle.eu\/shop\/product\/b-duche-duche-dobravel-cinza-branco\/"},"modified":"2025-05-26T16:48:44","modified_gmt":"2025-05-26T14:48:44","slug":"b-foldable-shower-bath-grey-white","status":"publish","type":"product","link":"https:\/\/www.bojungle.eu\/pt-pt\/produto\/b-foldable-shower-bath-grey-white\/","title":{"rendered":"B-Duche Duche Dobr\u00e1vel Cinza\/ Branco"},"content":{"rendered":"<p>A banheira de duche dobr\u00e1vel \u00e9 constru\u00edda com pe\u00e7as de silicone de primeira qualidade e uma estrutura de alum\u00ednio resistente, esta banheira oferece uma durabilidade e ajustabilidade excepcionais. A fun\u00e7\u00e3o de altura ajust\u00e1vel garante um conforto \u00f3timo para utilizadores de todas as idades e capacidades. <\/p>\n<p>Equipada com um assento confort\u00e1vel com ventosas para maior estabilidade e apoio, a nossa banheira proporciona um ambiente seguro para relaxar ou tomar duches refrescantes.<\/p>\n<p>A limpeza \u00e9 muito f\u00e1cil com a nossa tampa de drenagem de f\u00e1cil utiliza\u00e7\u00e3o, permitindo uma remo\u00e7\u00e3o r\u00e1pida e eficiente da \u00e1gua ap\u00f3s cada utiliza\u00e7\u00e3o. Al\u00e9m disso, fique descansado sabendo que a nossa banheira de duche dobr\u00e1vel n\u00e3o tem BPA, dando prioridade \u00e0 sua sa\u00fade e seguran\u00e7a. <\/p>\n<p>Melhore a sua experi\u00eancia de banho com a derradeira mistura de comodidade, conforto e versatilidade. Melhore o seu espa\u00e7o com a nossa banheira de duche dobr\u00e1vel! <\/p>\n<ul>\n<li>Este banho pode ser facilmente colocado num chuveiro ou servir como uma alternativa a um banho fixo. Gra\u00e7as \u00e0s pe\u00e7as de silicone no banho e \u00e0 estrutura de alum\u00ednio, pode ser ajustada em altura. Dentro do banho, h\u00e1 um assento com ventosas dispon\u00edveis. A \u00e1gua pode ser facilmente removida gra\u00e7as \u00e0 tampa de drenagem.<\/li>\n<li>BPA livre<\/li>\n<\/ul>\n<table border=\"1\">\n<tbody>\n<tr>\n<td>Manual<\/td>\n<td><a href=\"https:\/\/www.bojungle.eu\/wp-content\/uploads\/2025\/05\/Manual-B400700.pdf\" target=\"_blank\" rel=\"noopener\">Clique aqui<\/a><\/td>\n<\/tr>\n<\/tbody>\n<\/table>\n","protected":false},"excerpt":{"rendered":"<p>Experimente a comodidade e o conforto inigual\u00e1veis da nossa banheira de duche dobr\u00e1vel em elegante cinzento\/branco! Transforme a sua rotina de banho com esta solu\u00e7\u00e3o inovadora concebida para se integrar perfeitamente no seu espa\u00e7o de duche ou funcionar como uma alternativa flex\u00edvel a uma banheira fixa tradicional. <\/p>\n<p>&nbsp;<\/p>\n","protected":false},"featured_media":66623,"comment_status":"closed","ping_status":"closed","template":"","meta":{"_lmt_disableupdate":"","_lmt_disable":""},"product_brand":[],"product_cat":[594,516],"product_tag":[],"woo-feed-brand":[],"class_list":{"0":"post-42983","1":"product","2":"type-product","3":"status-publish","4":"has-post-thumbnail","6":"product_cat-bebe-no-banho","7":"product_cat-tosquia","9":"first","10":"instock","11":"taxable","12":"shipping-taxable","13":"purchasable","14":"product-type-simple"},"_links":{"self":[{"href":"https:\/\/www.bojungle.eu\/pt-pt\/wp-json\/wp\/v2\/product\/42983","targetHints":{"allow":["GET"]}}],"collection":[{"href":"https:\/\/www.bojungle.eu\/pt-pt\/wp-json\/wp\/v2\/product"}],"about":[{"href":"https:\/\/www.bojungle.eu\/pt-pt\/wp-json\/wp\/v2\/types\/product"}],"replies":[{"embeddable":true,"href":"https:\/\/www.bojungle.eu\/pt-pt\/wp-json\/wp\/v2\/comments?post=42983"}],"version-history":[{"count":3,"href":"https:\/\/www.bojungle.eu\/pt-pt\/wp-json\/wp\/v2\/product\/42983\/revisions"}],"predecessor-version":[{"id":79956,"href":"https:\/\/www.bojungle.eu\/pt-pt\/wp-json\/wp\/v2\/product\/42983\/revisions\/79956"}],"wp:featuredmedia":[{"embeddable":true,"href":"https:\/\/www.bojungle.eu\/pt-pt\/wp-json\/wp\/v2\/media\/66623"}],"wp:attachment":[{"href":"https:\/\/www.bojungle.eu\/pt-pt\/wp-json\/wp\/v2\/media?parent=42983"}],"wp:term":[{"taxonomy":"product_brand","embeddable":true,"href":"https:\/\/www.bojungle.eu\/pt-pt\/wp-json\/wp\/v2\/product_brand?post=42983"},{"taxonomy":"product_cat","embeddable":true,"href":"https:\/\/www.bojungle.eu\/pt-pt\/wp-json\/wp\/v2\/product_cat?post=42983"},{"taxonomy":"product_tag","embeddable":true,"href":"https:\/\/www.bojungle.eu\/pt-pt\/wp-json\/wp\/v2\/product_tag?post=42983"},{"taxonomy":"woo-feed-brand","embeddable":true,"href":"https:\/\/www.bojungle.eu\/pt-pt\/wp-json\/wp\/v2\/woo-feed-brand?post=42983"}],"curies":[{"name":"wp","href":"https:\/\/api.w.org\/{rel}","templated":true}]}}