{"id":43003,"date":"2022-05-29T11:24:19","date_gmt":"2022-05-29T09:24:19","guid":{"rendered":"https:\/\/bojungle.eu\/shop\/product\/cinzento-claro-playard-dobravel-b\/"},"modified":"2025-06-16T13:56:57","modified_gmt":"2025-06-16T11:56:57","slug":"b-foldable-playard-light-grey","status":"publish","type":"product","link":"https:\/\/www.bojungle.eu\/pt-pt\/produto\/b-foldable-playard-light-grey\/","title":{"rendered":"Cinzento Claro Playard dobr\u00e1vel B"},"content":{"rendered":"<ul>\n<li>\u00c0 procura de um playard leve que seja f\u00e1cil de levar em viagens e que possa ser montado em segundos? N\u00e3o procure mais, o nosso Playard dobr\u00e1vel B manter\u00e1 o seu beb\u00e9 ou crian\u00e7a a salvo onde quer que v\u00e1.<\/li>\n<li>Caracter\u00edsticas principais:<\/li>\n<li>Desenho espa\u00e7oso (dimens\u00f5es: 75 cm x 120cm x 140 cm)<\/li>\n<li>Tecidos e materiais resistentes \u00e0 \u00e1gua que permitem a utiliza\u00e7\u00e3o tanto no interior como no exterior<\/li>\n<li>Estrutura muito leve (7,9 kg) que se dobra e desdobra em segundos: perfeita para utiliza\u00e7\u00e3o em movimento!<\/li>\n<li>Muito compacto quando dobrado (dimens\u00f5es: 23 cm x 23 cm x 100 cm)<\/li>\n<li>Saco de transporte inclu\u00eddo<\/li>\n<\/ul>\n<table border=\"1\">\n<tbody>\n<tr>\n<td>Manual<\/td>\n<td><a href=\"https:\/\/www.bojungle.eu\/wp-content\/uploads\/2025\/06\/Playard.pdf\" target=\"_blank\" rel=\"noopener\">Clique aqui<\/a><\/td>\n<\/tr>\n<\/tbody>\n<\/table>\n","protected":false},"excerpt":{"rendered":"<p>\u00c0 procura de um playard leve que seja f\u00e1cil de levar em viagens e que possa ser montado em segundos? N\u00e3o procure mais, o nosso Playard dobr\u00e1vel B manter\u00e1 o seu beb\u00e9 ou crian\u00e7a a salvo onde quer que v\u00e1.<\/p>\n","protected":false},"featured_media":75207,"comment_status":"closed","ping_status":"closed","template":"","meta":{"_lmt_disableupdate":"","_lmt_disable":""},"product_brand":[],"product_cat":[633,811],"product_tag":[],"woo-feed-brand":[],"class_list":{"0":"post-43003","1":"product","2":"type-product","3":"status-publish","4":"has-post-thumbnail","6":"product_cat-ao-ar-livre","7":"product_cat-no-jardim","9":"first","10":"instock","11":"featured","12":"taxable","13":"shipping-taxable","14":"purchasable","15":"product-type-simple"},"_links":{"self":[{"href":"https:\/\/www.bojungle.eu\/pt-pt\/wp-json\/wp\/v2\/product\/43003","targetHints":{"allow":["GET"]}}],"collection":[{"href":"https:\/\/www.bojungle.eu\/pt-pt\/wp-json\/wp\/v2\/product"}],"about":[{"href":"https:\/\/www.bojungle.eu\/pt-pt\/wp-json\/wp\/v2\/types\/product"}],"replies":[{"embeddable":true,"href":"https:\/\/www.bojungle.eu\/pt-pt\/wp-json\/wp\/v2\/comments?post=43003"}],"version-history":[{"count":1,"href":"https:\/\/www.bojungle.eu\/pt-pt\/wp-json\/wp\/v2\/product\/43003\/revisions"}],"predecessor-version":[{"id":80287,"href":"https:\/\/www.bojungle.eu\/pt-pt\/wp-json\/wp\/v2\/product\/43003\/revisions\/80287"}],"wp:featuredmedia":[{"embeddable":true,"href":"https:\/\/www.bojungle.eu\/pt-pt\/wp-json\/wp\/v2\/media\/75207"}],"wp:attachment":[{"href":"https:\/\/www.bojungle.eu\/pt-pt\/wp-json\/wp\/v2\/media?parent=43003"}],"wp:term":[{"taxonomy":"product_brand","embeddable":true,"href":"https:\/\/www.bojungle.eu\/pt-pt\/wp-json\/wp\/v2\/product_brand?post=43003"},{"taxonomy":"product_cat","embeddable":true,"href":"https:\/\/www.bojungle.eu\/pt-pt\/wp-json\/wp\/v2\/product_cat?post=43003"},{"taxonomy":"product_tag","embeddable":true,"href":"https:\/\/www.bojungle.eu\/pt-pt\/wp-json\/wp\/v2\/product_tag?post=43003"},{"taxonomy":"woo-feed-brand","embeddable":true,"href":"https:\/\/www.bojungle.eu\/pt-pt\/wp-json\/wp\/v2\/woo-feed-brand?post=43003"}],"curies":[{"name":"wp","href":"https:\/\/api.w.org\/{rel}","templated":true}]}}