{"id":43071,"date":"2022-05-29T11:21:08","date_gmt":"2022-05-29T09:21:08","guid":{"rendered":"https:\/\/bojungle.eu\/shop\/product\/tubo-de-drenagem-b-para-urso-de-banho\/"},"modified":"2025-02-10T14:40:38","modified_gmt":"2025-02-10T13:40:38","slug":"b-draining-tube-for-bath-bear","status":"publish","type":"product","link":"https:\/\/www.bojungle.eu\/pt-pt\/produto\/b-draining-tube-for-bath-bear\/","title":{"rendered":"Tubo de drenagem"},"content":{"rendered":"<div id=\"description\" class=\"tab-pane fade in active\" role=\"tabpanel\">\n<div class=\"product-description\">\n<div class=\"flex-1 overflow-hidden @container\/thread translate-y-[1.5rem] -mt-[1.5rem] pb-[1.5rem]\">\n<div class=\"h-full\">\n<div class=\"react-scroll-to-bottom--css-qybng-79elbk h-full\">\n<div class=\"react-scroll-to-bottom--css-qybng-1n7m0yu\">\n<div class=\"flex flex-col text-sm md:pb-9\">\n<article class=\"w-full text-token-text-primary focus-visible:outline-2 focus-visible:outline-offset-[-4px]\" dir=\"auto\" data-testid=\"conversation-turn-3\" data-scroll-anchor=\"true\">\n<div class=\"m-auto text-base py-[18px] px-6\">\n<div class=\"mx-auto flex flex-1 gap-4 text-base md:gap-5 lg:gap-6 md:max-w-3xl\">\n<div class=\"group\/conversation-turn relative flex w-full min-w-0 flex-col agent-turn @xs\/thread:px-0 @sm\/thread:px-1.5 @md\/thread:px-4\">\n<div class=\"flex-col gap-1 md:gap-3\">\n<div class=\"flex max-w-full flex-col flex-grow\">\n<div class=\"min-h-8 text-message flex w-full flex-col items-end gap-2 whitespace-normal break-words text-start [.text-message+&amp;]:mt-5\" dir=\"auto\" data-message-author-role=\"assistant\" data-message-id=\"630864a0-8bd2-45e0-a4fb-e6553ac52155\" data-message-model-slug=\"gpt-4o-mini\">\n<div class=\"flex w-full flex-col gap-1 empty:hidden first:pt-[3px]\">\n<div class=\"markdown prose w-full break-words dark:prose-invert light\">\n<p>O tubo de drenagem para o urso de banho da Bo Jungle \u00e9 um acess\u00f3rio pr\u00e1tico concebido para facilitar a limpeza na hora do banho. O tubo drena eficazmente a \u00e1gua do seu Bath Bear, assegurando uma secagem r\u00e1pida e higi\u00e9nica. Perfeitamente dimensionado para o sistema de banho Bo Jungle, ajuda a manter a \u00e1rea do banho limpa e seca com o m\u00ednimo de esfor\u00e7o. Ideal para pais ocupados, esta solu\u00e7\u00e3o simples mas eficaz acrescenta praticidade \u00e0 rotina de banho do seu beb\u00e9.   <\/p>\n<\/div>\n<\/div>\n<\/div>\n<\/div>\n<\/div>\n<\/div>\n<\/div>\n<\/div>\n<\/article>\n<\/div>\n<\/div>\n<\/div>\n<\/div>\n<\/div>\n<\/div>\n<\/div>\n","protected":false},"excerpt":{"rendered":"<div id=\"description\" class=\"tab-pane fade in active\" role=\"tabpanel\">\n<div class=\"product-description\">\n<p>O tubo de drenagem para o urso de banho da Bo Jungle \u00e9 um acess\u00f3rio pr\u00e1tico concebido para facilitar a limpeza na hora do banho. O tubo drena eficazmente a \u00e1gua do seu Bath Bear, assegurando uma secagem r\u00e1pida e higi\u00e9nica. Perfeitamente dimensionado para o sistema de banho Bo Jungle, ajuda a manter a \u00e1rea do banho limpa e seca com o m\u00ednimo de esfor\u00e7o. Ideal para pais ocupados, esta solu\u00e7\u00e3o simples mas eficaz acrescenta praticidade \u00e0 rotina de banho do seu beb\u00e9.   <\/p>\n<\/div>\n<\/div>\n","protected":false},"featured_media":69395,"comment_status":"closed","ping_status":"closed","template":"","meta":{"_lmt_disableupdate":"","_lmt_disable":""},"product_brand":[],"product_cat":[594,516],"product_tag":[],"woo-feed-brand":[],"class_list":{"0":"post-43071","1":"product","2":"type-product","3":"status-publish","4":"has-post-thumbnail","6":"product_cat-bebe-no-banho","7":"product_cat-tosquia","9":"first","10":"instock","11":"taxable","12":"shipping-taxable","13":"purchasable","14":"product-type-simple"},"_links":{"self":[{"href":"https:\/\/www.bojungle.eu\/pt-pt\/wp-json\/wp\/v2\/product\/43071","targetHints":{"allow":["GET"]}}],"collection":[{"href":"https:\/\/www.bojungle.eu\/pt-pt\/wp-json\/wp\/v2\/product"}],"about":[{"href":"https:\/\/www.bojungle.eu\/pt-pt\/wp-json\/wp\/v2\/types\/product"}],"replies":[{"embeddable":true,"href":"https:\/\/www.bojungle.eu\/pt-pt\/wp-json\/wp\/v2\/comments?post=43071"}],"version-history":[{"count":1,"href":"https:\/\/www.bojungle.eu\/pt-pt\/wp-json\/wp\/v2\/product\/43071\/revisions"}],"predecessor-version":[{"id":79021,"href":"https:\/\/www.bojungle.eu\/pt-pt\/wp-json\/wp\/v2\/product\/43071\/revisions\/79021"}],"wp:featuredmedia":[{"embeddable":true,"href":"https:\/\/www.bojungle.eu\/pt-pt\/wp-json\/wp\/v2\/media\/69395"}],"wp:attachment":[{"href":"https:\/\/www.bojungle.eu\/pt-pt\/wp-json\/wp\/v2\/media?parent=43071"}],"wp:term":[{"taxonomy":"product_brand","embeddable":true,"href":"https:\/\/www.bojungle.eu\/pt-pt\/wp-json\/wp\/v2\/product_brand?post=43071"},{"taxonomy":"product_cat","embeddable":true,"href":"https:\/\/www.bojungle.eu\/pt-pt\/wp-json\/wp\/v2\/product_cat?post=43071"},{"taxonomy":"product_tag","embeddable":true,"href":"https:\/\/www.bojungle.eu\/pt-pt\/wp-json\/wp\/v2\/product_tag?post=43071"},{"taxonomy":"woo-feed-brand","embeddable":true,"href":"https:\/\/www.bojungle.eu\/pt-pt\/wp-json\/wp\/v2\/woo-feed-brand?post=43071"}],"curies":[{"name":"wp","href":"https:\/\/api.w.org\/{rel}","templated":true}]}}