{"id":43134,"date":"2022-05-29T11:15:17","date_gmt":"2022-05-29T09:15:17","guid":{"rendered":"https:\/\/bojungle.eu\/shop\/product\/cadeira-b-dinner-wheely-blue\/"},"modified":"2025-07-25T09:40:09","modified_gmt":"2025-07-25T07:40:09","slug":"b-dinner-cadeira-roda-azul","status":"publish","type":"product","link":"https:\/\/www.bojungle.eu\/pt-pt\/produto\/b-dinner-cadeira-roda-azul\/","title":{"rendered":"Cadeira B-Dinner Wheely Blue"},"content":{"rendered":"<ul>\n<li>Design e funcionalidade em um!<\/li>\n<li>Muito compacto quando dobrado<\/li>\n<li>Inser\u00e7\u00e3o de bandeja amov\u00edvel<\/li>\n<li>F\u00e1cil de limpar<\/li>\n<li>Cobertura de assento em couro de PU de luxo<\/li>\n<li>Tubagem de alum\u00ednio<\/li>\n<li>Arn\u00eas de seguran\u00e7a de 5 pontos<\/li>\n<li>Encosto regul\u00e1vel em 3 posi\u00e7\u00f5es, apoio para os p\u00e9s em 3, bandeja em 3<\/li>\n<li>As rodas traseiras podem ser bloqueadas<\/li>\n<li>7 posi\u00e7\u00f5es de altura poss\u00edveis<\/li>\n<li>Pl\u00e1sticos de qualidade alimentar<\/li>\n<\/ul>\n","protected":false},"excerpt":{"rendered":"<p>Design e funcionalidade em um!<\/p>\n","protected":false},"featured_media":75297,"comment_status":"closed","ping_status":"closed","template":"","meta":{"_lmt_disableupdate":"","_lmt_disable":""},"product_brand":[],"product_cat":[655,451],"product_tag":[],"woo-feed-brand":[],"class_list":{"0":"post-43134","1":"product","2":"type-product","3":"status-publish","4":"has-post-thumbnail","6":"product_cat-cadeiras-altas-e-cadeiras-de-bebe","7":"product_cat-comida-e-bebida","9":"first","10":"instock","11":"taxable","12":"shipping-taxable","13":"purchasable","14":"product-type-simple"},"_links":{"self":[{"href":"https:\/\/www.bojungle.eu\/pt-pt\/wp-json\/wp\/v2\/product\/43134","targetHints":{"allow":["GET"]}}],"collection":[{"href":"https:\/\/www.bojungle.eu\/pt-pt\/wp-json\/wp\/v2\/product"}],"about":[{"href":"https:\/\/www.bojungle.eu\/pt-pt\/wp-json\/wp\/v2\/types\/product"}],"replies":[{"embeddable":true,"href":"https:\/\/www.bojungle.eu\/pt-pt\/wp-json\/wp\/v2\/comments?post=43134"}],"version-history":[{"count":0,"href":"https:\/\/www.bojungle.eu\/pt-pt\/wp-json\/wp\/v2\/product\/43134\/revisions"}],"wp:featuredmedia":[{"embeddable":true,"href":"https:\/\/www.bojungle.eu\/pt-pt\/wp-json\/wp\/v2\/media\/75297"}],"wp:attachment":[{"href":"https:\/\/www.bojungle.eu\/pt-pt\/wp-json\/wp\/v2\/media?parent=43134"}],"wp:term":[{"taxonomy":"product_brand","embeddable":true,"href":"https:\/\/www.bojungle.eu\/pt-pt\/wp-json\/wp\/v2\/product_brand?post=43134"},{"taxonomy":"product_cat","embeddable":true,"href":"https:\/\/www.bojungle.eu\/pt-pt\/wp-json\/wp\/v2\/product_cat?post=43134"},{"taxonomy":"product_tag","embeddable":true,"href":"https:\/\/www.bojungle.eu\/pt-pt\/wp-json\/wp\/v2\/product_tag?post=43134"},{"taxonomy":"woo-feed-brand","embeddable":true,"href":"https:\/\/www.bojungle.eu\/pt-pt\/wp-json\/wp\/v2\/woo-feed-brand?post=43134"}],"curies":[{"name":"wp","href":"https:\/\/api.w.org\/{rel}","templated":true}]}}