{"id":43160,"date":"2022-05-29T11:14:16","date_gmt":"2022-05-29T09:14:16","guid":{"rendered":"https:\/\/bojungle.eu\/shop\/product\/b-cosy-grey\/"},"modified":"2024-07-05T09:11:50","modified_gmt":"2024-07-05T07:11:50","slug":"b-cosy-grey","status":"publish","type":"product","link":"https:\/\/www.bojungle.eu\/pt-pt\/produto\/b-cosy-grey\/","title":{"rendered":"B-Cosy Grey"},"content":{"rendered":"<p>Apresentamos a Almofada Ergon\u00f3mica Cinzenta B-Cosy, a solu\u00e7\u00e3o definitiva para garantir que a cabe\u00e7a do seu beb\u00e9 permanece bem redonda e bem apoiada desde o primeiro dia. Concebida a pensar no conforto e na sa\u00fade do seu filho, esta almofada vers\u00e1til \u00e9 perfeita para ser utilizada em carrinhos de beb\u00e9, cadeiras de autom\u00f3vel, baloi\u00e7os, espregui\u00e7adeiras, camas de beb\u00e9 e ber\u00e7os.<\/p>\n<p><strong>Caracter\u00edsticas principais:<\/strong><\/p>\n<ul>\n<li><strong>Design ergon\u00f3mico: <\/strong> Com uma forma perfeita para embalar a cabe\u00e7a do seu beb\u00e9 e distribuir a press\u00e3o uniformemente, prevenindo a s\u00edndrome da cabe\u00e7a chata.<\/li>\n<li><strong>Utilizado desde o nascimento: <\/strong> Adequado para rec\u00e9m-nascidos, proporcionando um apoio essencial durante os primeiros meses cruciais.<\/li>\n<li><strong>Materiais macios e respir\u00e1veis: <\/strong> Fabricado com tecidos de alta qualidade e respir\u00e1veis que mant\u00eam o seu beb\u00e9 fresco e confort\u00e1vel, independentemente da esta\u00e7\u00e3o do ano.<\/li>\n<li><strong>Utiliza\u00e7\u00e3o vers\u00e1til: <\/strong> Adapta-se perfeitamente a carrinhos de beb\u00e9, cadeiras de autom\u00f3vel, baloi\u00e7os, espregui\u00e7adeiras, camas de beb\u00e9 e ber\u00e7os, tornando-o uma escolha conveniente para pais ocupados em movimento.<\/li>\n<li><strong>F\u00e1cil de limpar:<\/strong> Os materiais da almofada n\u00e3o s\u00f3 s\u00e3o suaves para a pele do seu beb\u00e9, como tamb\u00e9m s\u00e3o f\u00e1ceis de lavar, garantindo que se mant\u00e9m fresca e higi\u00e9nica.<\/li>\n<\/ul>\n<p>D\u00ea ao seu beb\u00e9 o melhor come\u00e7o de vida com a Almofada Ergon\u00f3mica B-Cosy Cinzenta, onde o conforto se alia \u00e0 praticidade. Um must-have para todos os pais dedicados ao bem-estar e felicidade do seu beb\u00e9.<\/p>\n","protected":false},"excerpt":{"rendered":"<div class=\"elementor-element elementor-element-80cf67d elementor-widget elementor-widget-jet-single-excerpt\" data-id=\"80cf67d\" data-element_type=\"widget\" data-widget_type=\"jet-single-excerpt.default\">\n<div class=\"elementor-widget-container\">\n<div class=\"elementor-jet-single-excerpt jet-woo-builder\">\n<div class=\"woocommerce-product-details__short-description\">\n<div class=\"flex flex-grow flex-col max-w-full\">\n<div class=\"min-h-[20px] text-message flex flex-col items-start whitespace-pre-wrap break-words [.text-message+&amp;]:mt-5 juice:w-full juice:items-end overflow-x-auto gap-2\" dir=\"auto\" data-message-author-role=\"assistant\" data-message-id=\"cf4d27f0-e94a-46af-ad1f-544928a89c38\">\n<div class=\"flex w-full flex-col gap-1 juice:empty:hidden juice:first:pt-[3px]\">\n<div class=\"markdown prose w-full break-words dark:prose-invert light\">\n<p>A almofada ergon\u00f3mica cinzenta B-Cosy garante que a cabe\u00e7a do seu beb\u00e9 se mant\u00e9m bem redonda. Adequada desde o nascimento, esta almofada proporciona um apoio essencial gra\u00e7as ao seu design ergon\u00f3mico. Fabricado com materiais macios e respir\u00e1veis, mant\u00e9m o seu beb\u00e9 confort\u00e1vel em carrinhos de beb\u00e9, cadeiras de autom\u00f3vel, baloi\u00e7os, espregui\u00e7adeiras, camas de beb\u00e9 e ber\u00e7os. F\u00e1cil de limpar e perfeito para os pais em viagem, \u00e9 um acess\u00f3rio indispens\u00e1vel para o bem-estar do seu beb\u00e9.<\/p>\n<\/div>\n<\/div>\n<\/div>\n<\/div>\n<\/div>\n<\/div>\n<\/div>\n<\/div>\n","protected":false},"featured_media":75889,"comment_status":"closed","ping_status":"closed","template":"","meta":{"_lmt_disableupdate":"","_lmt_disable":""},"product_brand":[],"product_cat":[796,633,528],"product_tag":[],"woo-feed-brand":[],"class_list":{"0":"post-43160","1":"product","2":"type-product","3":"status-publish","4":"has-post-thumbnail","6":"product_cat-almofadas","7":"product_cat-ao-ar-livre","8":"product_cat-dormir","10":"first","11":"instock","12":"taxable","13":"shipping-taxable","14":"purchasable","15":"product-type-simple"},"_links":{"self":[{"href":"https:\/\/www.bojungle.eu\/pt-pt\/wp-json\/wp\/v2\/product\/43160","targetHints":{"allow":["GET"]}}],"collection":[{"href":"https:\/\/www.bojungle.eu\/pt-pt\/wp-json\/wp\/v2\/product"}],"about":[{"href":"https:\/\/www.bojungle.eu\/pt-pt\/wp-json\/wp\/v2\/types\/product"}],"replies":[{"embeddable":true,"href":"https:\/\/www.bojungle.eu\/pt-pt\/wp-json\/wp\/v2\/comments?post=43160"}],"version-history":[{"count":1,"href":"https:\/\/www.bojungle.eu\/pt-pt\/wp-json\/wp\/v2\/product\/43160\/revisions"}],"predecessor-version":[{"id":75915,"href":"https:\/\/www.bojungle.eu\/pt-pt\/wp-json\/wp\/v2\/product\/43160\/revisions\/75915"}],"wp:featuredmedia":[{"embeddable":true,"href":"https:\/\/www.bojungle.eu\/pt-pt\/wp-json\/wp\/v2\/media\/75889"}],"wp:attachment":[{"href":"https:\/\/www.bojungle.eu\/pt-pt\/wp-json\/wp\/v2\/media?parent=43160"}],"wp:term":[{"taxonomy":"product_brand","embeddable":true,"href":"https:\/\/www.bojungle.eu\/pt-pt\/wp-json\/wp\/v2\/product_brand?post=43160"},{"taxonomy":"product_cat","embeddable":true,"href":"https:\/\/www.bojungle.eu\/pt-pt\/wp-json\/wp\/v2\/product_cat?post=43160"},{"taxonomy":"product_tag","embeddable":true,"href":"https:\/\/www.bojungle.eu\/pt-pt\/wp-json\/wp\/v2\/product_tag?post=43160"},{"taxonomy":"woo-feed-brand","embeddable":true,"href":"https:\/\/www.bojungle.eu\/pt-pt\/wp-json\/wp\/v2\/woo-feed-brand?post=43160"}],"curies":[{"name":"wp","href":"https:\/\/api.w.org\/{rel}","templated":true}]}}