{"id":43188,"date":"2022-05-29T11:14:26","date_gmt":"2022-05-29T09:14:26","guid":{"rendered":"https:\/\/bojungle.eu\/shop\/product\/b-cosy-pink-jersey\/"},"modified":"2024-08-21T16:19:52","modified_gmt":"2024-08-21T14:19:52","slug":"b-cosy-pink-jersey","status":"publish","type":"product","link":"https:\/\/www.bojungle.eu\/pt-pt\/produto\/b-cosy-pink-jersey\/","title":{"rendered":"B-Cosy Jersey Pink"},"content":{"rendered":"<p>Apresentamos a Almofada Ergon\u00f3mica B-Cosy Jersey Pink, a solu\u00e7\u00e3o definitiva para garantir que a cabe\u00e7a do seu beb\u00e9 permanece bem redonda e bem apoiada desde o primeiro dia. Concebida a pensar no conforto e na sa\u00fade do seu filho, esta almofada vers\u00e1til \u00e9 perfeita para ser utilizada em carrinhos de beb\u00e9, cadeiras de autom\u00f3vel, baloi\u00e7os, espregui\u00e7adeiras, camas de beb\u00e9 e ber\u00e7os. <strong>Caracter\u00edsticas principais:<\/strong><\/p>\n<ul>\n<li><strong>Design ergon\u00f3mico: <\/strong> Com uma forma perfeita para embalar a cabe\u00e7a do seu beb\u00e9 e distribuir a press\u00e3o uniformemente, prevenindo a s\u00edndrome da cabe\u00e7a chata.<\/li>\n<li><strong>Utilizado desde o nascimento: <\/strong> Adequado para rec\u00e9m-nascidos, proporcionando um apoio essencial durante os primeiros meses cruciais.<\/li>\n<li><strong>Materiais macios e respir\u00e1veis: <\/strong> Fabricado com tecidos de alta qualidade e respir\u00e1veis que mant\u00eam o seu beb\u00e9 fresco e confort\u00e1vel, independentemente da esta\u00e7\u00e3o do ano.<\/li>\n<li><strong>Utiliza\u00e7\u00e3o vers\u00e1til: <\/strong> Adapta-se perfeitamente a carrinhos de beb\u00e9, cadeiras de autom\u00f3vel, baloi\u00e7os, espregui\u00e7adeiras, camas de beb\u00e9 e ber\u00e7os, tornando-o uma escolha conveniente para pais ocupados em movimento.<\/li>\n<li><strong>F\u00e1cil de limpar:<\/strong> Os materiais da almofada n\u00e3o s\u00f3 s\u00e3o suaves para a pele do seu beb\u00e9, como tamb\u00e9m s\u00e3o f\u00e1ceis de lavar, garantindo que se mant\u00e9m fresca e higi\u00e9nica.<\/li>\n<\/ul>\n<p> D\u00ea ao seu beb\u00e9 o melhor come\u00e7o de vida com a Almofada Ergon\u00f3mica B-Cosy Jersey Pink, onde o conforto se alia \u00e0 praticidade. Um must-have para todos os pais dedicados ao bem-estar e felicidade do seu beb\u00e9.<\/p>\n","protected":false},"excerpt":{"rendered":"<p>A almofada ergon\u00f3mica B-Cosy Jersey Pink garante que a cabe\u00e7a do seu beb\u00e9 fica bem redonda. Adequada desde o nascimento, esta almofada proporciona um apoio essencial gra\u00e7as ao seu design ergon\u00f3mico. Fabricado com materiais macios e respir\u00e1veis, mant\u00e9m o seu beb\u00e9 confort\u00e1vel em carrinhos de beb\u00e9, cadeiras de autom\u00f3vel, baloi\u00e7os, espregui\u00e7adeiras, camas de beb\u00e9 e ber\u00e7os. F\u00e1cil de limpar e perfeito para os pais em viagem, \u00e9 um acess\u00f3rio indispens\u00e1vel para o bem-estar do seu beb\u00e9. &nbsp;<\/p>\n","protected":false},"featured_media":76056,"comment_status":"closed","ping_status":"closed","template":"","meta":{"_lmt_disableupdate":"","_lmt_disable":""},"product_brand":[],"product_cat":[796,633,528],"product_tag":[],"woo-feed-brand":[],"class_list":{"0":"post-43188","1":"product","2":"type-product","3":"status-publish","4":"has-post-thumbnail","6":"product_cat-almofadas","7":"product_cat-ao-ar-livre","8":"product_cat-dormir","10":"first","11":"instock","12":"taxable","13":"shipping-taxable","14":"purchasable","15":"product-type-simple"},"_links":{"self":[{"href":"https:\/\/www.bojungle.eu\/pt-pt\/wp-json\/wp\/v2\/product\/43188","targetHints":{"allow":["GET"]}}],"collection":[{"href":"https:\/\/www.bojungle.eu\/pt-pt\/wp-json\/wp\/v2\/product"}],"about":[{"href":"https:\/\/www.bojungle.eu\/pt-pt\/wp-json\/wp\/v2\/types\/product"}],"replies":[{"embeddable":true,"href":"https:\/\/www.bojungle.eu\/pt-pt\/wp-json\/wp\/v2\/comments?post=43188"}],"version-history":[{"count":1,"href":"https:\/\/www.bojungle.eu\/pt-pt\/wp-json\/wp\/v2\/product\/43188\/revisions"}],"predecessor-version":[{"id":76096,"href":"https:\/\/www.bojungle.eu\/pt-pt\/wp-json\/wp\/v2\/product\/43188\/revisions\/76096"}],"wp:featuredmedia":[{"embeddable":true,"href":"https:\/\/www.bojungle.eu\/pt-pt\/wp-json\/wp\/v2\/media\/76056"}],"wp:attachment":[{"href":"https:\/\/www.bojungle.eu\/pt-pt\/wp-json\/wp\/v2\/media?parent=43188"}],"wp:term":[{"taxonomy":"product_brand","embeddable":true,"href":"https:\/\/www.bojungle.eu\/pt-pt\/wp-json\/wp\/v2\/product_brand?post=43188"},{"taxonomy":"product_cat","embeddable":true,"href":"https:\/\/www.bojungle.eu\/pt-pt\/wp-json\/wp\/v2\/product_cat?post=43188"},{"taxonomy":"product_tag","embeddable":true,"href":"https:\/\/www.bojungle.eu\/pt-pt\/wp-json\/wp\/v2\/product_tag?post=43188"},{"taxonomy":"woo-feed-brand","embeddable":true,"href":"https:\/\/www.bojungle.eu\/pt-pt\/wp-json\/wp\/v2\/woo-feed-brand?post=43188"}],"curies":[{"name":"wp","href":"https:\/\/api.w.org\/{rel}","templated":true}]}}