{"id":43241,"date":"2022-05-29T11:13:30","date_gmt":"2022-05-29T09:13:30","guid":{"rendered":"https:\/\/bojungle.eu\/shop\/product\/b-comfort-nest-taupe\/"},"modified":"2025-03-13T13:05:43","modified_gmt":"2025-03-13T12:05:43","slug":"b-comfort-nest-taupe","status":"publish","type":"product","link":"https:\/\/www.bojungle.eu\/pt-pt\/produto\/b-comfort-nest-taupe\/","title":{"rendered":"B-Comfort Nest Taupe"},"content":{"rendered":"<p data-start=\"62\" data-end=\"282\">D\u00ea ao seu filho o m\u00e1ximo conforto e seguran\u00e7a com a Comfort Nest Taupe, uma almofada universal de apoio para todo o corpo, concebida para se adaptar perfeitamente a carrinhos de beb\u00e9, alcofas, cadeiras auto, ber\u00e7os, baloi\u00e7os e muito mais.<\/p>\n<p>Caracter\u00edsticas principais:<\/p>\n<ul>\n<li><strong data-start=\"308\" data-end=\"334\">Ajuste vers\u00e1til e seguro <\/strong>&#8211; Concebido com aberturas para as correias do arn\u00eas para um ajuste confort\u00e1vel e seguro em v\u00e1rios equipamentos para beb\u00e9s.<\/li>\n<li><strong data-start=\"424\" data-end=\"454\">Revers\u00edvel para todas as esta\u00e7\u00f5es <\/strong>&#8211; Apresenta um lado de ver\u00e3o respir\u00e1vel para um conforto refrescante e um lado de inverno em velboa macia para calor e aconchego.<\/li>\n<li><strong data-start=\"578\" data-end=\"601\">Abafador de p\u00e9s amov\u00edvel &#8211; <\/strong>Proporciona um calor extra e pode ser retirado para maior comodidade.<\/li>\n<li><strong data-start=\"667\" data-end=\"687\">Removable foot muff <\/strong>&#8211; Provides extra warmth and can be removed for greater convenience.<\/li>\n<\/ul>\n<p data-start=\"788\" data-end=\"907\" data-is-last-node=\"\" data-is-only-node=\"\">Perfeito para utiliza\u00e7\u00e3o durante todo o ano, o Comfort Nest Taupe mant\u00e9m o seu filho aconchegado, seguro e apoiado onde quer que v\u00e1!<\/p>\n","protected":false},"excerpt":{"rendered":"<div class=\"flex max-w-full flex-col flex-grow\">\n<div class=\"min-h-8 text-message relative flex w-full flex-col items-end gap-2 whitespace-normal break-words text-start [.text-message+&amp;]:mt-5\" dir=\"auto\" data-message-author-role=\"assistant\" data-message-id=\"3ae60a2c-cacd-4a52-b05c-d94bc836cb8a\" data-message-model-slug=\"gpt-4o\">\n<div class=\"flex w-full flex-col gap-1 empty:hidden first:pt-[3px]\">\n<div class=\"markdown prose w-full break-words dark:prose-invert light\">\n<p data-start=\"63\" data-end=\"463\" data-is-last-node=\"\" data-is-only-node=\"\">Mantenha o seu filho aconchegado e seguro com esta almofada de apoio vers\u00e1til, concebida para carrinhos de beb\u00e9, cadeiras auto, alcofas, ber\u00e7os e muito mais. Com um design revers\u00edvel, com um lado de ver\u00e3o respir\u00e1vel e um lado de inverno em velboa macia, garante conforto durante todo o ano. O protetor de p\u00e9s amov\u00edvel acrescenta calor extra, enquanto as aberturas das correias do arn\u00eas proporcionam um ajuste seguro. Apoio perfeito para todas as viagens!   <\/p>\n<\/div>\n<\/div>\n<\/div>\n<\/div>\n<div class=\"mb-2 flex gap-3 -ml-2\" tabindex=\"0\">\n<div class=\"flex items-center justify-start rounded-xl p-1\">\n<div class=\"flex items-center\">\n<p>&nbsp;<\/p>\n<div class=\"flex\"><\/div>\n<p>&nbsp;<\/p>\n<div class=\"flex items-center pb-0\"><\/div>\n<\/div>\n<\/div>\n<\/div>\n","protected":false},"featured_media":68191,"comment_status":"closed","ping_status":"closed","template":"","meta":{"_lmt_disableupdate":"","_lmt_disable":""},"product_brand":[],"product_cat":[634,633],"product_tag":[],"woo-feed-brand":[],"class_list":{"0":"post-43241","1":"product","2":"type-product","3":"status-publish","4":"has-post-thumbnail","6":"product_cat-acessorios-para-o-exterior","7":"product_cat-ao-ar-livre","9":"first","10":"instock","11":"taxable","12":"shipping-taxable","13":"purchasable","14":"product-type-simple"},"_links":{"self":[{"href":"https:\/\/www.bojungle.eu\/pt-pt\/wp-json\/wp\/v2\/product\/43241","targetHints":{"allow":["GET"]}}],"collection":[{"href":"https:\/\/www.bojungle.eu\/pt-pt\/wp-json\/wp\/v2\/product"}],"about":[{"href":"https:\/\/www.bojungle.eu\/pt-pt\/wp-json\/wp\/v2\/types\/product"}],"replies":[{"embeddable":true,"href":"https:\/\/www.bojungle.eu\/pt-pt\/wp-json\/wp\/v2\/comments?post=43241"}],"version-history":[{"count":1,"href":"https:\/\/www.bojungle.eu\/pt-pt\/wp-json\/wp\/v2\/product\/43241\/revisions"}],"predecessor-version":[{"id":79333,"href":"https:\/\/www.bojungle.eu\/pt-pt\/wp-json\/wp\/v2\/product\/43241\/revisions\/79333"}],"wp:featuredmedia":[{"embeddable":true,"href":"https:\/\/www.bojungle.eu\/pt-pt\/wp-json\/wp\/v2\/media\/68191"}],"wp:attachment":[{"href":"https:\/\/www.bojungle.eu\/pt-pt\/wp-json\/wp\/v2\/media?parent=43241"}],"wp:term":[{"taxonomy":"product_brand","embeddable":true,"href":"https:\/\/www.bojungle.eu\/pt-pt\/wp-json\/wp\/v2\/product_brand?post=43241"},{"taxonomy":"product_cat","embeddable":true,"href":"https:\/\/www.bojungle.eu\/pt-pt\/wp-json\/wp\/v2\/product_cat?post=43241"},{"taxonomy":"product_tag","embeddable":true,"href":"https:\/\/www.bojungle.eu\/pt-pt\/wp-json\/wp\/v2\/product_tag?post=43241"},{"taxonomy":"woo-feed-brand","embeddable":true,"href":"https:\/\/www.bojungle.eu\/pt-pt\/wp-json\/wp\/v2\/woo-feed-brand?post=43241"}],"curies":[{"name":"wp","href":"https:\/\/api.w.org\/{rel}","templated":true}]}}