{"id":43256,"date":"2022-05-29T11:13:27","date_gmt":"2022-05-29T09:13:27","guid":{"rendered":"https:\/\/bojungle.eu\/shop\/product\/volante-b-carro\/"},"modified":"2025-02-12T16:32:31","modified_gmt":"2025-02-12T15:32:31","slug":"b-carro-roda-roda","status":"publish","type":"product","link":"https:\/\/www.bojungle.eu\/pt-pt\/produto\/b-carro-roda-roda\/","title":{"rendered":"Car Steering Wheel"},"content":{"rendered":"<p data-start=\"0\" data-end=\"201\">Apresentamos o Car Steering Wheel &#8211; a derradeira experi\u00eancia de condu\u00e7\u00e3o interactiva para crian\u00e7as! Este volante divertido e envolvente est\u00e1 repleto de funcionalidades para manter os mais pequenos entretidos em viagem. <\/p>\n<p data-start=\"203\" data-end=\"220\"><strong data-start=\"203\" data-end=\"220\">Caracter\u00edsticas principais:<\/strong><\/p>\n<ul data-start=\"222\" data-end=\"909\">\n<li data-start=\"222\" data-end=\"391\">\n<p data-start=\"224\" data-end=\"391\"><strong data-start=\"224\" data-end=\"273\">Volante com efeitos sonoros integrados:<\/strong> Rode o volante e desfrute de sons realistas de motores, buzinas de autom\u00f3veis e ru\u00eddos de condu\u00e7\u00e3o divertidos que d\u00e3o vida \u00e0 aventura.<\/p>\n<\/li>\n<li data-start=\"395\" data-end=\"543\">\n<p data-start=\"397\" data-end=\"543\"><strong data-start=\"397\" data-end=\"437\">Buzina de carro com m\u00fasica e efeitos de luz:<\/strong> Pressione a buzina e veja como ela se ilumina com cores vibrantes, tocando uma melodia cativante para maior emo\u00e7\u00e3o<\/p>\n<\/li>\n<li data-start=\"547\" data-end=\"728\">\n<p data-start=\"549\" data-end=\"728\"><strong data-start=\"549\" data-end=\"595\">Roda dentada girat\u00f3ria de 360\u00b0 com efeitos sonoros: <\/strong>A roda dentada totalmente rotativa permite que as crian\u00e7as sintam que est\u00e3o realmente ao volante, com efeitos sonoros emocionantes \u00e0 medida que rodam.<\/p>\n<\/li>\n<li data-start=\"730\" data-end=\"909\">\n<p data-start=\"732\" data-end=\"909\"><strong data-start=\"732\" data-end=\"751\">Grampos de suspens\u00e3o: <\/strong>Prende-se facilmente ao encosto de cabe\u00e7a do carro ou a um parque infantil, garantindo um ajuste seguro enquanto o seu filho se diverte sem fim, quer seja num passeio de carro ou durante as brincadeiras.<\/p>\n<\/li>\n<\/ul>\n<p data-start=\"911\" data-end=\"1113\" data-is-last-node=\"\">Perfeito para os pequenos condutores que adoram imitar os adultos, o volante B-Car \u00e9 um acess\u00f3rio indispens\u00e1vel para a cadeira auto ou para o parque infantil do seu filho. Transforme cada viagem numa aventura com som, m\u00fasica e luzes! <\/p>\n","protected":false},"excerpt":{"rendered":"<p>O volante do carro \u00e9 um brinquedo interativo concebido para a divers\u00e3o e o entretenimento! Com efeitos sonoros integrados, uma buzina com m\u00fasica e luzes, uma roda dentada rotativa de 360\u00b0 e grampos suspensos para f\u00e1cil fixa\u00e7\u00e3o nos apoios de cabe\u00e7a do carro ou nos parques infantis, traz a emo\u00e7\u00e3o de conduzir para o quarto do seu filho.  <\/p>\n<p>&nbsp;<\/p>\n","protected":false},"featured_media":71448,"comment_status":"closed","ping_status":"closed","template":"","meta":{"_lmt_disableupdate":"","_lmt_disable":""},"product_brand":[],"product_cat":[497,617,618,477],"product_tag":[],"woo-feed-brand":[],"class_list":{"0":"post-43256","1":"product","2":"type-product","3":"status-publish","4":"has-post-thumbnail","6":"product_cat-brinquedos-coloridos","7":"product_cat-brinquedos-de-actividade","8":"product_cat-brinquedos-musicais","9":"product_cat-hora-de-brincar","11":"first","12":"instock","13":"taxable","14":"shipping-taxable","15":"purchasable","16":"product-type-simple"},"_links":{"self":[{"href":"https:\/\/www.bojungle.eu\/pt-pt\/wp-json\/wp\/v2\/product\/43256","targetHints":{"allow":["GET"]}}],"collection":[{"href":"https:\/\/www.bojungle.eu\/pt-pt\/wp-json\/wp\/v2\/product"}],"about":[{"href":"https:\/\/www.bojungle.eu\/pt-pt\/wp-json\/wp\/v2\/types\/product"}],"replies":[{"embeddable":true,"href":"https:\/\/www.bojungle.eu\/pt-pt\/wp-json\/wp\/v2\/comments?post=43256"}],"version-history":[{"count":1,"href":"https:\/\/www.bojungle.eu\/pt-pt\/wp-json\/wp\/v2\/product\/43256\/revisions"}],"predecessor-version":[{"id":79073,"href":"https:\/\/www.bojungle.eu\/pt-pt\/wp-json\/wp\/v2\/product\/43256\/revisions\/79073"}],"wp:featuredmedia":[{"embeddable":true,"href":"https:\/\/www.bojungle.eu\/pt-pt\/wp-json\/wp\/v2\/media\/71448"}],"wp:attachment":[{"href":"https:\/\/www.bojungle.eu\/pt-pt\/wp-json\/wp\/v2\/media?parent=43256"}],"wp:term":[{"taxonomy":"product_brand","embeddable":true,"href":"https:\/\/www.bojungle.eu\/pt-pt\/wp-json\/wp\/v2\/product_brand?post=43256"},{"taxonomy":"product_cat","embeddable":true,"href":"https:\/\/www.bojungle.eu\/pt-pt\/wp-json\/wp\/v2\/product_cat?post=43256"},{"taxonomy":"product_tag","embeddable":true,"href":"https:\/\/www.bojungle.eu\/pt-pt\/wp-json\/wp\/v2\/product_tag?post=43256"},{"taxonomy":"woo-feed-brand","embeddable":true,"href":"https:\/\/www.bojungle.eu\/pt-pt\/wp-json\/wp\/v2\/woo-feed-brand?post=43256"}],"curies":[{"name":"wp","href":"https:\/\/api.w.org\/{rel}","templated":true}]}}