{"id":43259,"date":"2022-05-29T11:13:52","date_gmt":"2022-05-29T09:13:52","guid":{"rendered":"https:\/\/bojungle.eu\/shop\/product\/b-cosy-blue-jersey\/"},"modified":"2024-08-21T12:58:02","modified_gmt":"2024-08-21T10:58:02","slug":"b-cosy-blue-jersey","status":"publish","type":"product","link":"https:\/\/www.bojungle.eu\/pt-pt\/produto\/b-cosy-blue-jersey\/","title":{"rendered":"B-Cosy Jersey Blue"},"content":{"rendered":"<p>Przedstawiamy ergonomiczn\u0105 poduszk\u0119 B-Cosy Jersey Blue, najlepsze rozwi\u0105zanie zapewniaj\u0105ce, \u017ce g\u0142\u00f3wka dziecka pozostaje pi\u0119knie okr\u0105g\u0142a i dobrze podparta od pierwszego dnia \u017cycia. Concebida a pensar no conforto e na sa\u00fade do seu filho, esta almofada vers\u00e1til \u00e9 perfeita para ser utilizada em carrinhos de beb\u00e9, cadeiras de autom\u00f3vel, baloi\u00e7os, espregui\u00e7adeiras, camas de beb\u00e9 e ber\u00e7os. <strong>Caracter\u00edsticas principais:<\/strong><\/p>\n<ul>\n<li><strong>Design ergon\u00f3mico: <\/strong> Com uma forma perfeita para embalar a cabe\u00e7a do seu beb\u00e9 e distribuir a press\u00e3o uniformemente, prevenindo a s\u00edndrome da cabe\u00e7a chata.<\/li>\n<li><strong>Utilizado desde o nascimento: <\/strong> Adequado para rec\u00e9m-nascidos, proporcionando um apoio essencial durante os primeiros meses cruciais.<\/li>\n<li><strong>Materiais macios e respir\u00e1veis: <\/strong> Fabricado com tecidos de alta qualidade e respir\u00e1veis que mant\u00eam o seu beb\u00e9 fresco e confort\u00e1vel, independentemente da esta\u00e7\u00e3o do ano.<\/li>\n<li><strong>Utiliza\u00e7\u00e3o vers\u00e1til: <\/strong> Adapta-se perfeitamente a carrinhos de beb\u00e9, cadeiras de autom\u00f3vel, baloi\u00e7os, espregui\u00e7adeiras, camas de beb\u00e9 e ber\u00e7os, tornando-o uma escolha conveniente para pais ocupados em movimento.<\/li>\n<li><strong>F\u00e1cil de limpar:<\/strong> Os materiais da almofada n\u00e3o s\u00f3 s\u00e3o suaves para a pele do seu beb\u00e9, como tamb\u00e9m s\u00e3o f\u00e1ceis de lavar, garantindo que se mant\u00e9m fresca e higi\u00e9nica.<\/li>\n<\/ul>\n<p> Zapewnij swojemu dziecku najlepszy start dzi\u0119ki ergonomicznej poduszce B-Cosy Jersey Blue, w kt\u00f3rej wygoda \u0142\u0105czy si\u0119 z praktyczno\u015bci\u0105. Um must-have para todos os pais dedicados ao bem-estar e felicidade do seu beb\u00e9.<\/p>\n","protected":false},"excerpt":{"rendered":"<div class=\"elementor-element elementor-element-80cf67d elementor-widget elementor-widget-jet-single-excerpt\" data-id=\"80cf67d\" data-element_type=\"widget\" data-widget_type=\"jet-single-excerpt.default\">\n<div class=\"elementor-widget-container\">\n<div class=\"elementor-jet-single-excerpt jet-woo-builder\">\n<div class=\"woocommerce-product-details__short-description\">\n<div class=\"elementor-element elementor-element-80cf67d elementor-widget elementor-widget-jet-single-excerpt\" data-id=\"80cf67d\" data-element_type=\"widget\" data-widget_type=\"jet-single-excerpt.default\">\n<div class=\"elementor-widget-container\">\n<div class=\"elementor-jet-single-excerpt jet-woo-builder\">\n<div class=\"woocommerce-product-details__short-description\">\n<div class=\"flex flex-grow flex-col max-w-full\">\n<div class=\"min-h-[20px] text-message flex flex-col items-start whitespace-pre-wrap break-words [.text-message+&amp;]:mt-5 juice:w-full juice:items-end overflow-x-auto gap-2\" dir=\"auto\" data-message-author-role=\"assistant\" data-message-id=\"cf4d27f0-e94a-46af-ad1f-544928a89c38\">\n<div class=\"flex w-full flex-col gap-1 juice:empty:hidden juice:first:pt-[3px]\">\n<div class=\"markdown prose w-full break-words dark:prose-invert light\"> Ergonomiczna poduszka B-Cosy Jersey Blue sprawia, \u017ce g\u0142\u00f3wka dziecka pozostaje pi\u0119knie okr\u0105g\u0142a. Adequada desde o nascimento, esta almofada proporciona um apoio essencial gra\u00e7as ao seu design ergon\u00f3mico. Fabricado com materiais macios e respir\u00e1veis, mant\u00e9m o seu beb\u00e9 confort\u00e1vel em carrinhos de beb\u00e9, cadeiras de autom\u00f3vel, baloi\u00e7os, espregui\u00e7adeiras, camas de beb\u00e9 e ber\u00e7os. F\u00e1cil de limpar e perfeito para os pais em viagem, \u00e9 um acess\u00f3rio indispens\u00e1vel para o bem-estar do seu beb\u00e9. <\/div>\n<\/div>\n<\/div>\n<\/div>\n<\/div>\n<\/div>\n<\/div>\n<\/div>\n<\/div>\n<\/div>\n<\/div>\n<\/div>\n","protected":false},"featured_media":76024,"comment_status":"closed","ping_status":"closed","template":"","meta":{"_lmt_disableupdate":"","_lmt_disable":""},"product_brand":[],"product_cat":[796,633,528],"product_tag":[],"woo-feed-brand":[],"class_list":{"0":"post-43259","1":"product","2":"type-product","3":"status-publish","4":"has-post-thumbnail","6":"product_cat-almofadas","7":"product_cat-ao-ar-livre","8":"product_cat-dormir","10":"first","11":"instock","12":"taxable","13":"shipping-taxable","14":"purchasable","15":"product-type-simple"},"_links":{"self":[{"href":"https:\/\/www.bojungle.eu\/pt-pt\/wp-json\/wp\/v2\/product\/43259","targetHints":{"allow":["GET"]}}],"collection":[{"href":"https:\/\/www.bojungle.eu\/pt-pt\/wp-json\/wp\/v2\/product"}],"about":[{"href":"https:\/\/www.bojungle.eu\/pt-pt\/wp-json\/wp\/v2\/types\/product"}],"replies":[{"embeddable":true,"href":"https:\/\/www.bojungle.eu\/pt-pt\/wp-json\/wp\/v2\/comments?post=43259"}],"version-history":[{"count":2,"href":"https:\/\/www.bojungle.eu\/pt-pt\/wp-json\/wp\/v2\/product\/43259\/revisions"}],"predecessor-version":[{"id":76088,"href":"https:\/\/www.bojungle.eu\/pt-pt\/wp-json\/wp\/v2\/product\/43259\/revisions\/76088"}],"wp:featuredmedia":[{"embeddable":true,"href":"https:\/\/www.bojungle.eu\/pt-pt\/wp-json\/wp\/v2\/media\/76024"}],"wp:attachment":[{"href":"https:\/\/www.bojungle.eu\/pt-pt\/wp-json\/wp\/v2\/media?parent=43259"}],"wp:term":[{"taxonomy":"product_brand","embeddable":true,"href":"https:\/\/www.bojungle.eu\/pt-pt\/wp-json\/wp\/v2\/product_brand?post=43259"},{"taxonomy":"product_cat","embeddable":true,"href":"https:\/\/www.bojungle.eu\/pt-pt\/wp-json\/wp\/v2\/product_cat?post=43259"},{"taxonomy":"product_tag","embeddable":true,"href":"https:\/\/www.bojungle.eu\/pt-pt\/wp-json\/wp\/v2\/product_tag?post=43259"},{"taxonomy":"woo-feed-brand","embeddable":true,"href":"https:\/\/www.bojungle.eu\/pt-pt\/wp-json\/wp\/v2\/woo-feed-brand?post=43259"}],"curies":[{"name":"wp","href":"https:\/\/api.w.org\/{rel}","templated":true}]}}