{"id":43277,"date":"2022-05-29T11:12:50","date_gmt":"2022-05-29T09:12:50","guid":{"rendered":"https:\/\/bojungle.eu\/shop\/product\/b-car-home-mirror-tambo-o-macaco\/"},"modified":"2025-07-25T09:40:12","modified_gmt":"2025-07-25T07:40:12","slug":"b-car-home-mirrortambo-o-monkey","status":"publish","type":"product","link":"https:\/\/www.bojungle.eu\/pt-pt\/produto\/b-car-home-mirrortambo-o-monkey\/","title":{"rendered":"B-Car &amp; Home Mirror Tambo, o Macaco"},"content":{"rendered":"<ul>\n<li>A solu\u00e7\u00e3o perfeita para os pais que querem manter os seus filhos entretidos em longas viagens. Ele ou ela vai adorar descobrir-se ao espelho!<\/li>\n<li>O espelho pode ser fixado ao descanso da cabe\u00e7a no carro, mas tamb\u00e9m pode ser fixado a um parque infantil ou mesmo a uma cama de beb\u00e9<\/li>\n<li>Cont\u00e9m loops para fixar brinquedos adicionais.<\/li>\n<\/ul>\n","protected":false},"excerpt":{"rendered":"<p>A solu\u00e7\u00e3o perfeita para os pais que querem manter os seus filhos entretidos em longas viagens. Ele ou ela vai adorar descobrir-se ao espelho!<\/p>\n","protected":false},"featured_media":68572,"comment_status":"closed","ping_status":"closed","template":"","meta":{"_lmt_disableupdate":"","_lmt_disable":""},"product_brand":[],"product_cat":[634,633,477,1345],"product_tag":[],"woo-feed-brand":[],"class_list":{"0":"post-43277","1":"product","2":"type-product","3":"status-publish","4":"has-post-thumbnail","6":"product_cat-acessorios-para-o-exterior","7":"product_cat-ao-ar-livre","8":"product_cat-hora-de-brincar","9":"product_cat-saldos","11":"first","12":"instock","13":"sale","14":"taxable","15":"shipping-taxable","16":"purchasable","17":"product-type-simple"},"_links":{"self":[{"href":"https:\/\/www.bojungle.eu\/pt-pt\/wp-json\/wp\/v2\/product\/43277","targetHints":{"allow":["GET"]}}],"collection":[{"href":"https:\/\/www.bojungle.eu\/pt-pt\/wp-json\/wp\/v2\/product"}],"about":[{"href":"https:\/\/www.bojungle.eu\/pt-pt\/wp-json\/wp\/v2\/types\/product"}],"replies":[{"embeddable":true,"href":"https:\/\/www.bojungle.eu\/pt-pt\/wp-json\/wp\/v2\/comments?post=43277"}],"version-history":[{"count":0,"href":"https:\/\/www.bojungle.eu\/pt-pt\/wp-json\/wp\/v2\/product\/43277\/revisions"}],"wp:featuredmedia":[{"embeddable":true,"href":"https:\/\/www.bojungle.eu\/pt-pt\/wp-json\/wp\/v2\/media\/68572"}],"wp:attachment":[{"href":"https:\/\/www.bojungle.eu\/pt-pt\/wp-json\/wp\/v2\/media?parent=43277"}],"wp:term":[{"taxonomy":"product_brand","embeddable":true,"href":"https:\/\/www.bojungle.eu\/pt-pt\/wp-json\/wp\/v2\/product_brand?post=43277"},{"taxonomy":"product_cat","embeddable":true,"href":"https:\/\/www.bojungle.eu\/pt-pt\/wp-json\/wp\/v2\/product_cat?post=43277"},{"taxonomy":"product_tag","embeddable":true,"href":"https:\/\/www.bojungle.eu\/pt-pt\/wp-json\/wp\/v2\/product_tag?post=43277"},{"taxonomy":"woo-feed-brand","embeddable":true,"href":"https:\/\/www.bojungle.eu\/pt-pt\/wp-json\/wp\/v2\/woo-feed-brand?post=43277"}],"curies":[{"name":"wp","href":"https:\/\/api.w.org\/{rel}","templated":true}]}}