{"id":43346,"date":"2022-05-29T11:12:19","date_gmt":"2022-05-29T09:12:19","guid":{"rendered":"https:\/\/bojungle.eu\/shop\/product\/b-b-bowls-730ml-3-pcs\/"},"modified":"2025-07-25T09:40:13","modified_gmt":"2025-07-25T07:40:13","slug":"b-b-bowls-730ml-3-pcs","status":"publish","type":"product","link":"https:\/\/www.bojungle.eu\/pt-pt\/produto\/b-b-bowls-730ml-3-pcs\/","title":{"rendered":"B-B-Bowls 730ml (3 pcs)"},"content":{"rendered":"<ul>\n<li>3 ou 6 recipientes de armazenamento de alimentos<\/li>\n<li>Fechar 100% hermeticamente<\/li>\n<li>Pode ser utilizado no forno microondas (retirar a tampa), congelador e frigor\u00edfico<\/li>\n<li>Lav\u00e1vel na m\u00e1quina de lavar lou\u00e7a<\/li>\n<li>Pode ser esterilizado (esteriliza\u00e7\u00e3o a frio)<\/li>\n<li>Conte\u00fado: 730 ml<\/li>\n<li>Conjunto 730 ml: 1 x Turquesa &#8211; 1 x Taupe &#8211; 1 x Branco<\/li>\n<li>Tamb\u00e9m dispon\u00edvel em 300 ml<\/li>\n<\/ul>\n","protected":false},"excerpt":{"rendered":"<p>3 recipientes de armazenamento de alimentos<\/p>\n","protected":false},"featured_media":72965,"comment_status":"closed","ping_status":"closed","template":"","meta":{"_lmt_disableupdate":"","_lmt_disable":""},"product_brand":[],"product_cat":[451,457],"product_tag":[],"woo-feed-brand":[],"class_list":{"0":"post-43346","1":"product","2":"type-product","3":"status-publish","4":"has-post-thumbnail","6":"product_cat-comida-e-bebida","7":"product_cat-preparativos-de-refeicoes","9":"first","10":"instock","11":"taxable","12":"shipping-taxable","13":"purchasable","14":"product-type-simple"},"_links":{"self":[{"href":"https:\/\/www.bojungle.eu\/pt-pt\/wp-json\/wp\/v2\/product\/43346","targetHints":{"allow":["GET"]}}],"collection":[{"href":"https:\/\/www.bojungle.eu\/pt-pt\/wp-json\/wp\/v2\/product"}],"about":[{"href":"https:\/\/www.bojungle.eu\/pt-pt\/wp-json\/wp\/v2\/types\/product"}],"replies":[{"embeddable":true,"href":"https:\/\/www.bojungle.eu\/pt-pt\/wp-json\/wp\/v2\/comments?post=43346"}],"version-history":[{"count":0,"href":"https:\/\/www.bojungle.eu\/pt-pt\/wp-json\/wp\/v2\/product\/43346\/revisions"}],"wp:featuredmedia":[{"embeddable":true,"href":"https:\/\/www.bojungle.eu\/pt-pt\/wp-json\/wp\/v2\/media\/72965"}],"wp:attachment":[{"href":"https:\/\/www.bojungle.eu\/pt-pt\/wp-json\/wp\/v2\/media?parent=43346"}],"wp:term":[{"taxonomy":"product_brand","embeddable":true,"href":"https:\/\/www.bojungle.eu\/pt-pt\/wp-json\/wp\/v2\/product_brand?post=43346"},{"taxonomy":"product_cat","embeddable":true,"href":"https:\/\/www.bojungle.eu\/pt-pt\/wp-json\/wp\/v2\/product_cat?post=43346"},{"taxonomy":"product_tag","embeddable":true,"href":"https:\/\/www.bojungle.eu\/pt-pt\/wp-json\/wp\/v2\/product_tag?post=43346"},{"taxonomy":"woo-feed-brand","embeddable":true,"href":"https:\/\/www.bojungle.eu\/pt-pt\/wp-json\/wp\/v2\/woo-feed-brand?post=43346"}],"curies":[{"name":"wp","href":"https:\/\/api.w.org\/{rel}","templated":true}]}}