{"id":43392,"date":"2022-05-29T11:10:25","date_gmt":"2022-05-29T09:10:25","guid":{"rendered":"https:\/\/bojungle.eu\/shop\/product\/b-b-bowls-vidro-branco-cinzento-rosa-3pcs\/"},"modified":"2025-04-09T13:53:04","modified_gmt":"2025-04-09T11:53:04","slug":"b-b-bowls-glass-white-grey-pink-3pcs","status":"publish","type":"product","link":"https:\/\/www.bojungle.eu\/pt-pt\/produto\/b-b-bowls-glass-white-grey-pink-3pcs\/","title":{"rendered":"B-Bowls Vidro Branco-Cinzento-Rosa (3pcs)"},"content":{"rendered":"<p class=\"\" data-start=\"143\" data-end=\"427\">Concebido a pensar no seu filho, este conjunto de 3 recipientes de armazenamento de alimentos para beb\u00e9s oferece uma solu\u00e7\u00e3o segura, pr\u00e1tica e ecol\u00f3gica para armazenar pur\u00e9s, lanches e refei\u00e7\u00f5es caseiras. Fabricados em vidro com alto teor de borossilicato, s\u00e3o resistentes, resistentes \u00e0 temperatura e perfeitos para pais ocupados. <\/p>\n<p class=\"\" data-start=\"429\" data-end=\"455\"><strong data-start=\"429\" data-end=\"455\">Porque \u00e9 que os pais os adoram:<\/strong><\/p>\n<ul data-start=\"456\" data-end=\"959\">\n<li class=\"\" data-start=\"456\" data-end=\"549\">\n<p class=\"\" data-start=\"458\" data-end=\"549\"><strong data-start=\"458\" data-end=\"489\">100% \u00e0 prova de fugas &amp; herm\u00e9tico:<\/strong> Mantenha os alimentos frescos e sem confus\u00e3o com uma veda\u00e7\u00e3o segura e herm\u00e9tica.<\/p>\n<\/li>\n<li class=\"\" data-start=\"550\" data-end=\"663\">\n<p class=\"\" data-start=\"552\" data-end=\"663\"><strong data-start=\"552\" data-end=\"576\">Materiais seguros para beb\u00e9s: <\/strong>O vidro com alto teor de borossilicato n\u00e3o \u00e9 t\u00f3xico, \u00e9 resistente a odores e n\u00e3o cont\u00e9m produtos qu\u00edmicos nocivos.<\/p>\n<\/li>\n<li class=\"\" data-start=\"664\" data-end=\"848\">\n<p class=\"\" data-start=\"666\" data-end=\"685\"><strong data-start=\"666\" data-end=\"684\">Utiliza\u00e7\u00e3o vers\u00e1til<\/strong><\/p>\n<\/li>\n<li class=\"\" data-start=\"849\" data-end=\"959\">\n<p class=\"\" data-start=\"851\" data-end=\"959\"><strong data-start=\"851\" data-end=\"868\">Tamanho perfeito:<\/strong> Cada recipiente tem uma capacidade de 360 ml &#8211; ideal para preparar comida para beb\u00e9 ou guardar refei\u00e7\u00f5es para crian\u00e7as.<\/p>\n<\/li>\n<\/ul>\n<p class=\"\" data-start=\"961\" data-end=\"1100\">Desde o congelamento de pequenas por\u00e7\u00f5es at\u00e9 ao reaquecimento de sobras, estes recipientes s\u00e3o o companheiro perfeito para todas as fases do percurso alimentar do seu beb\u00e9.<\/p>\n","protected":false},"excerpt":{"rendered":"<article class=\"text-token-text-primary w-full\" dir=\"auto\" data-testid=\"conversation-turn-6\" data-scroll-anchor=\"true\">\n<div class=\"text-base my-auto mx-auto py-5 [--thread-content-margin:--spacing(4)] @[37rem]:[--thread-content-margin:--spacing(6)] @[70rem]:[--thread-content-margin:--spacing(12)] px-(--thread-content-margin)\">\n<div class=\"[--thread-content-max-width:32rem] @[34rem]:[--thread-content-max-width:40rem] @[64rem]:[--thread-content-max-width:48rem] mx-auto flex max-w-(--thread-content-max-width) flex-1 text-base gap-4 md:gap-5 lg:gap-6 group\/turn-messages focus-visible:outline-hidden\" tabindex=\"-1\">\n<div class=\"group\/conversation-turn relative flex w-full min-w-0 flex-col agent-turn\">\n<div class=\"relative flex-col gap-1 md:gap-3\">\n<div class=\"flex max-w-full flex-col grow\">\n<div class=\"min-h-8 text-message relative flex w-full flex-col items-end gap-2 text-start break-words whitespace-normal [.text-message+&amp;]:mt-5\" dir=\"auto\" data-message-author-role=\"assistant\" data-message-id=\"96df15f7-760b-43ea-9a88-c295badfdb09\" data-message-model-slug=\"gpt-4o\">\n<div class=\"flex w-full flex-col gap-1 empty:hidden first:pt-[3px]\">\n<div class=\"markdown prose dark:prose-invert w-full break-words light\">\n<p class=\"\" data-start=\"98\" data-end=\"420\">Mantenha as refei\u00e7\u00f5es do beb\u00e9 frescas e seguras com estes recipientes de vidro com alto teor de borosilicato. 100% \u00e0 prova de fugas e herm\u00e9ticos, s\u00e3o perfeitos para armazenar, congelar, reaquecer e servir comida caseira para beb\u00e9. Podem ser utilizados no micro-ondas, no forno (at\u00e9 600\u00b0C, sem tampa), no congelador e na m\u00e1quina de lavar lou\u00e7a. F\u00e1cil de esterilizar &#8211; feito para pais ocupados e preocupados com a sa\u00fade.   <\/p>\n<\/div>\n<\/div>\n<\/div>\n<\/div>\n<\/div>\n<div class=\"absolute\">\n<div class=\"flex items-center justify-center\"><\/div>\n<\/div>\n<\/div>\n<\/div>\n<\/div>\n<\/article>\n<div class=\"pointer-events-none h-px w-px\" aria-hidden=\"true\" data-edge=\"true\"><\/div>\n","protected":false},"featured_media":69836,"comment_status":"closed","ping_status":"closed","template":"","meta":{"_lmt_disableupdate":"","_lmt_disable":""},"product_brand":[],"product_cat":[451,457],"product_tag":[],"woo-feed-brand":[],"class_list":{"0":"post-43392","1":"product","2":"type-product","3":"status-publish","4":"has-post-thumbnail","6":"product_cat-comida-e-bebida","7":"product_cat-preparativos-de-refeicoes","9":"first","10":"instock","11":"taxable","12":"shipping-taxable","13":"purchasable","14":"product-type-simple"},"_links":{"self":[{"href":"https:\/\/www.bojungle.eu\/pt-pt\/wp-json\/wp\/v2\/product\/43392","targetHints":{"allow":["GET"]}}],"collection":[{"href":"https:\/\/www.bojungle.eu\/pt-pt\/wp-json\/wp\/v2\/product"}],"about":[{"href":"https:\/\/www.bojungle.eu\/pt-pt\/wp-json\/wp\/v2\/types\/product"}],"replies":[{"embeddable":true,"href":"https:\/\/www.bojungle.eu\/pt-pt\/wp-json\/wp\/v2\/comments?post=43392"}],"version-history":[{"count":1,"href":"https:\/\/www.bojungle.eu\/pt-pt\/wp-json\/wp\/v2\/product\/43392\/revisions"}],"predecessor-version":[{"id":79564,"href":"https:\/\/www.bojungle.eu\/pt-pt\/wp-json\/wp\/v2\/product\/43392\/revisions\/79564"}],"wp:featuredmedia":[{"embeddable":true,"href":"https:\/\/www.bojungle.eu\/pt-pt\/wp-json\/wp\/v2\/media\/69836"}],"wp:attachment":[{"href":"https:\/\/www.bojungle.eu\/pt-pt\/wp-json\/wp\/v2\/media?parent=43392"}],"wp:term":[{"taxonomy":"product_brand","embeddable":true,"href":"https:\/\/www.bojungle.eu\/pt-pt\/wp-json\/wp\/v2\/product_brand?post=43392"},{"taxonomy":"product_cat","embeddable":true,"href":"https:\/\/www.bojungle.eu\/pt-pt\/wp-json\/wp\/v2\/product_cat?post=43392"},{"taxonomy":"product_tag","embeddable":true,"href":"https:\/\/www.bojungle.eu\/pt-pt\/wp-json\/wp\/v2\/product_tag?post=43392"},{"taxonomy":"woo-feed-brand","embeddable":true,"href":"https:\/\/www.bojungle.eu\/pt-pt\/wp-json\/wp\/v2\/woo-feed-brand?post=43392"}],"curies":[{"name":"wp","href":"https:\/\/api.w.org\/{rel}","templated":true}]}}