{"id":43408,"date":"2022-05-29T11:06:38","date_gmt":"2022-05-29T09:06:38","guid":{"rendered":"https:\/\/bojungle.eu\/shop\/product\/b-bottle-warmer-superfast-digital-car-e-home-cinzento\/"},"modified":"2025-06-05T11:14:42","modified_gmt":"2025-06-05T09:14:42","slug":"b-b-bottle-warmer-flower-grey","status":"publish","type":"product","link":"https:\/\/www.bojungle.eu\/pt-pt\/produto\/b-b-bottle-warmer-flower-grey\/","title":{"rendered":"B-Aquecedor de Biber\u00f5es Flor"},"content":{"rendered":"<p>O aquecedor de mamadeira Flower \u00e9 um aquecedor de mamadeira a vapor f\u00e1cil de usar e pode ser usado para aquecer as mamadeiras e potes de comida do seu beb\u00ea<\/p>\n<ul>\n<li>Leva apenas 3 minutos e 30 segundos para aquecer uma garrafa de 240ml<\/li>\n<li>Alarme visual e sonoro indica quando a garrafa est\u00e1 quente<\/li>\n<li> P\u00e1ra automaticamente<\/li>\n<li>Acess\u00f3rios inclusos: anel de adapta\u00e7\u00e3o para mamadeiras menores, suporte para jarra ou garrafa, copo medidor e pin\u00e7a.<\/li>\n<\/ul>\n<p>&nbsp;<\/p>\n<table border=\"1\">\n<tbody>\n<tr>\n<td>Manual<\/td>\n<td><a href=\"https:\/\/www.bojungle.eu\/wp-content\/uploads\/2025\/06\/B500000-B-Bottle-Warmer-Flower-Grey-Manual.pdf\">Clique aqui<\/a><\/td>\n<\/tr>\n<\/tbody>\n<\/table>\n","protected":false},"excerpt":{"rendered":"<p>Descubra a Flor do Aquecedor de Biber\u00f5es, a sua solu\u00e7\u00e3o definitiva para aquecer sem esfor\u00e7o os biber\u00f5es e frascos de comida do seu beb\u00e9. Este aquecedor de garrafas de vapor f\u00e1cil de usar garante um aquecimento r\u00e1pido e eficiente, levando apenas 3 minutos e 30 segundos para uma garrafa de 240ml. Equipado com alarmes visuais e sonoros, ser\u00e1 notificado quando a sua garrafa atingir a temperatura perfeita. Al\u00e9m disso, seu recurso de desligamento autom\u00e1tico oferece mais seguran\u00e7a e tranquilidade. Completo com acess\u00f3rios essenciais como um anel de adapta\u00e7\u00e3o para biber\u00f5es mais pequenos, um suporte para frascos ou biber\u00f5es, um copo medidor e pin\u00e7as, o Bottle Warmer Flower oferece conveni\u00eancia na sua rotina de cuidados com o beb\u00e9. Mantenha as refei\u00e7\u00f5es do seu beb\u00e9 quentes e prontas com facilidade usando o Bottle Warmer Flower.<\/p>\n<p>&nbsp;<\/p>\n","protected":false},"featured_media":65230,"comment_status":"closed","ping_status":"closed","template":"","meta":{"_lmt_disableupdate":"","_lmt_disable":""},"product_brand":[],"product_cat":[451,457],"product_tag":[],"woo-feed-brand":[],"class_list":{"0":"post-43408","1":"product","2":"type-product","3":"status-publish","4":"has-post-thumbnail","6":"product_cat-comida-e-bebida","7":"product_cat-preparativos-de-refeicoes","9":"first","10":"instock","11":"taxable","12":"shipping-taxable","13":"purchasable","14":"product-type-simple"},"_links":{"self":[{"href":"https:\/\/www.bojungle.eu\/pt-pt\/wp-json\/wp\/v2\/product\/43408","targetHints":{"allow":["GET"]}}],"collection":[{"href":"https:\/\/www.bojungle.eu\/pt-pt\/wp-json\/wp\/v2\/product"}],"about":[{"href":"https:\/\/www.bojungle.eu\/pt-pt\/wp-json\/wp\/v2\/types\/product"}],"replies":[{"embeddable":true,"href":"https:\/\/www.bojungle.eu\/pt-pt\/wp-json\/wp\/v2\/comments?post=43408"}],"version-history":[{"count":2,"href":"https:\/\/www.bojungle.eu\/pt-pt\/wp-json\/wp\/v2\/product\/43408\/revisions"}],"predecessor-version":[{"id":80062,"href":"https:\/\/www.bojungle.eu\/pt-pt\/wp-json\/wp\/v2\/product\/43408\/revisions\/80062"}],"wp:featuredmedia":[{"embeddable":true,"href":"https:\/\/www.bojungle.eu\/pt-pt\/wp-json\/wp\/v2\/media\/65230"}],"wp:attachment":[{"href":"https:\/\/www.bojungle.eu\/pt-pt\/wp-json\/wp\/v2\/media?parent=43408"}],"wp:term":[{"taxonomy":"product_brand","embeddable":true,"href":"https:\/\/www.bojungle.eu\/pt-pt\/wp-json\/wp\/v2\/product_brand?post=43408"},{"taxonomy":"product_cat","embeddable":true,"href":"https:\/\/www.bojungle.eu\/pt-pt\/wp-json\/wp\/v2\/product_cat?post=43408"},{"taxonomy":"product_tag","embeddable":true,"href":"https:\/\/www.bojungle.eu\/pt-pt\/wp-json\/wp\/v2\/product_tag?post=43408"},{"taxonomy":"woo-feed-brand","embeddable":true,"href":"https:\/\/www.bojungle.eu\/pt-pt\/wp-json\/wp\/v2\/woo-feed-brand?post=43408"}],"curies":[{"name":"wp","href":"https:\/\/api.w.org\/{rel}","templated":true}]}}