{"id":43437,"date":"2022-05-29T11:04:31","date_gmt":"2022-05-29T09:04:31","guid":{"rendered":"https:\/\/bojungle.eu\/shop\/product\/b-bottle-rack-flower\/"},"modified":"2025-07-25T09:40:14","modified_gmt":"2025-07-25T07:40:14","slug":"b-b-bottle-rack-flower","status":"publish","type":"product","link":"https:\/\/www.bojungle.eu\/pt-pt\/produto\/b-b-bottle-rack-flower\/","title":{"rendered":"B-Bottle Rack Flower"},"content":{"rendered":"<ul>\n<li>Porta-garrafas numa s\u00f3 pe\u00e7a, f\u00e1cil de usar<\/li>\n<li>Pode ser desdobrado na posi\u00e7\u00e3o &#8220;flor&#8221; para secar garrafas, mamilos e an\u00e9is de garrafas<\/li>\n<li>Para 12 garrafas, tetinas e an\u00e9is de garrafas<\/li>\n<li>Fabricado em polipropileno, sem BPA<\/li>\n<li>Lavadora de lou\u00e7a segura<\/li>\n<li>Dimens\u00f5es (dobrado) : 27 x 9 cm<\/li>\n<li>Dimens\u00f5es (aberto) : 30,8 cm x 17,85 cm<\/li>\n<\/ul>\n","protected":false},"excerpt":{"rendered":"<p>Porta-garrafas numa s\u00f3 pe\u00e7a, f\u00e1cil de usar<\/p>\n","protected":false},"featured_media":69826,"comment_status":"closed","ping_status":"closed","template":"","meta":{"_lmt_disableupdate":"","_lmt_disable":""},"product_brand":[],"product_cat":[451,457,1345],"product_tag":[],"woo-feed-brand":[],"class_list":{"0":"post-43437","1":"product","2":"type-product","3":"status-publish","4":"has-post-thumbnail","6":"product_cat-comida-e-bebida","7":"product_cat-preparativos-de-refeicoes","8":"product_cat-saldos","10":"first","11":"instock","12":"sale","13":"taxable","14":"shipping-taxable","15":"purchasable","16":"product-type-simple"},"_links":{"self":[{"href":"https:\/\/www.bojungle.eu\/pt-pt\/wp-json\/wp\/v2\/product\/43437","targetHints":{"allow":["GET"]}}],"collection":[{"href":"https:\/\/www.bojungle.eu\/pt-pt\/wp-json\/wp\/v2\/product"}],"about":[{"href":"https:\/\/www.bojungle.eu\/pt-pt\/wp-json\/wp\/v2\/types\/product"}],"replies":[{"embeddable":true,"href":"https:\/\/www.bojungle.eu\/pt-pt\/wp-json\/wp\/v2\/comments?post=43437"}],"version-history":[{"count":0,"href":"https:\/\/www.bojungle.eu\/pt-pt\/wp-json\/wp\/v2\/product\/43437\/revisions"}],"wp:featuredmedia":[{"embeddable":true,"href":"https:\/\/www.bojungle.eu\/pt-pt\/wp-json\/wp\/v2\/media\/69826"}],"wp:attachment":[{"href":"https:\/\/www.bojungle.eu\/pt-pt\/wp-json\/wp\/v2\/media?parent=43437"}],"wp:term":[{"taxonomy":"product_brand","embeddable":true,"href":"https:\/\/www.bojungle.eu\/pt-pt\/wp-json\/wp\/v2\/product_brand?post=43437"},{"taxonomy":"product_cat","embeddable":true,"href":"https:\/\/www.bojungle.eu\/pt-pt\/wp-json\/wp\/v2\/product_cat?post=43437"},{"taxonomy":"product_tag","embeddable":true,"href":"https:\/\/www.bojungle.eu\/pt-pt\/wp-json\/wp\/v2\/product_tag?post=43437"},{"taxonomy":"woo-feed-brand","embeddable":true,"href":"https:\/\/www.bojungle.eu\/pt-pt\/wp-json\/wp\/v2\/woo-feed-brand?post=43437"}],"curies":[{"name":"wp","href":"https:\/\/api.w.org\/{rel}","templated":true}]}}