{"id":43447,"date":"2022-05-29T11:06:15","date_gmt":"2022-05-29T09:06:15","guid":{"rendered":"https:\/\/bojungle.eu\/shop\/product\/b-bottle-warmer-superfast-digital-car-e-home-cinzento\/"},"modified":"2024-01-11T16:07:15","modified_gmt":"2024-01-11T15:07:15","slug":"b-b-bottle-warmer-superfast-digital-car-car-e-home-cinzento","status":"publish","type":"product","link":"https:\/\/www.bojungle.eu\/pt-pt\/produto\/b-b-bottle-warmer-superfast-digital-car-car-e-home-cinzento\/","title":{"rendered":"B-Bottle Warmer Superfast Digital Car e Home (Cinzento)"},"content":{"rendered":"<ul>\n<li>O maior e mais r\u00e1pido aquecedor de biber\u00f5es do mercado<\/li>\n<li>Inclui um adaptador para permitir o carregamento no carro<\/li>\n<li>\u00b1 1 min 30 para aquecer um biber\u00e3o de 240 ml<\/li>\n<li>\u00b1 2 min para aquecer um frasco de comida para beb\u00e9<\/li>\n<li>Di\u00e2metro interior de 8,5 cm<\/li>\n<li>Tempo de aquecimento configur\u00e1vel com um intervalo de 10 segundos<\/li>\n<li>Indica o tempo restante de aquecimento<\/li>\n<li>Anel adaptador para pequenos frascos<\/li>\n<li>P\u00e1ra automaticamente, alerta visual e sonoro<\/li>\n<li>Copo de medi\u00e7\u00e3o de \u00e1gua<\/li>\n<li>220V &#8211; 500 Watt<\/li>\n<\/ul>\n","protected":false},"excerpt":{"rendered":"<p>Este aquecedor de biber\u00f5es a vapor f\u00e1cil de utilizar pode ser utilizado para aquecer os biber\u00f5es e os frascos de comida do seu beb\u00e9. Gra\u00e7as ao adaptador inclu\u00eddo, tamb\u00e9m \u00e9 poss\u00edvel faz\u00ea-lo no autom\u00f3vel.<\/p>\n","protected":false},"featured_media":72544,"comment_status":"closed","ping_status":"closed","template":"","meta":{"_lmt_disableupdate":"","_lmt_disable":""},"product_brand":[],"product_cat":[451,457],"product_tag":[],"woo-feed-brand":[],"class_list":{"0":"post-43447","1":"product","2":"type-product","3":"status-publish","4":"has-post-thumbnail","6":"product_cat-comida-e-bebida","7":"product_cat-preparativos-de-refeicoes","9":"first","10":"outofstock","11":"taxable","12":"shipping-taxable","13":"purchasable","14":"product-type-simple"},"_links":{"self":[{"href":"https:\/\/www.bojungle.eu\/pt-pt\/wp-json\/wp\/v2\/product\/43447","targetHints":{"allow":["GET"]}}],"collection":[{"href":"https:\/\/www.bojungle.eu\/pt-pt\/wp-json\/wp\/v2\/product"}],"about":[{"href":"https:\/\/www.bojungle.eu\/pt-pt\/wp-json\/wp\/v2\/types\/product"}],"replies":[{"embeddable":true,"href":"https:\/\/www.bojungle.eu\/pt-pt\/wp-json\/wp\/v2\/comments?post=43447"}],"version-history":[{"count":1,"href":"https:\/\/www.bojungle.eu\/pt-pt\/wp-json\/wp\/v2\/product\/43447\/revisions"}],"predecessor-version":[{"id":64239,"href":"https:\/\/www.bojungle.eu\/pt-pt\/wp-json\/wp\/v2\/product\/43447\/revisions\/64239"}],"wp:featuredmedia":[{"embeddable":true,"href":"https:\/\/www.bojungle.eu\/pt-pt\/wp-json\/wp\/v2\/media\/72544"}],"wp:attachment":[{"href":"https:\/\/www.bojungle.eu\/pt-pt\/wp-json\/wp\/v2\/media?parent=43447"}],"wp:term":[{"taxonomy":"product_brand","embeddable":true,"href":"https:\/\/www.bojungle.eu\/pt-pt\/wp-json\/wp\/v2\/product_brand?post=43447"},{"taxonomy":"product_cat","embeddable":true,"href":"https:\/\/www.bojungle.eu\/pt-pt\/wp-json\/wp\/v2\/product_cat?post=43447"},{"taxonomy":"product_tag","embeddable":true,"href":"https:\/\/www.bojungle.eu\/pt-pt\/wp-json\/wp\/v2\/product_tag?post=43447"},{"taxonomy":"woo-feed-brand","embeddable":true,"href":"https:\/\/www.bojungle.eu\/pt-pt\/wp-json\/wp\/v2\/woo-feed-brand?post=43447"}],"curies":[{"name":"wp","href":"https:\/\/api.w.org\/{rel}","templated":true}]}}