{"id":43457,"date":"2022-05-29T11:03:34","date_gmt":"2022-05-29T09:03:34","guid":{"rendered":"https:\/\/bojungle.eu\/shop\/product\/b-booster-seat-pink\/"},"modified":"2025-07-25T09:40:15","modified_gmt":"2025-07-25T07:40:15","slug":"b-booster-seat-pink","status":"publish","type":"product","link":"https:\/\/www.bojungle.eu\/pt-pt\/produto\/b-booster-seat-pink\/","title":{"rendered":"B-Booster Seat Pink"},"content":{"rendered":"<ul>\n<li>Mantenha o beb\u00e9 entretido enquanto ele come!<\/li>\n<li>Bandeja amov\u00edvel, lav\u00e1vel na m\u00e1quina de lavar lou\u00e7a<\/li>\n<li>Inser\u00e7\u00e3o de bandeja amov\u00edvel, f\u00e1cil de limpar<\/li>\n<li>Fixa-se facilmente \u00e0 maioria das cadeiras para adultos<\/li>\n<li>Viagens f\u00e1ceis de fazer<\/li>\n<li>Cresce com beb\u00e9: os p\u00e9s s\u00e3o facilmente ajust\u00e1veis em 3 alturas diferentes<\/li>\n<li>P\u00e9s antiderrapantes<\/li>\n<li>Arn\u00eas de seguran\u00e7a de 3 pontos<\/li>\n<li>2 brinquedos envolventes para manter o beb\u00e9 entretido<\/li>\n<li>Dispon\u00edvel em 3 cores<\/li>\n<li>Recomendado 0-3 anos de idade<\/li>\n<\/ul>\n","protected":false},"excerpt":{"rendered":"<p>Mantenha o beb\u00e9 entretido enquanto ele come!<\/p>\n","protected":false},"featured_media":75387,"comment_status":"closed","ping_status":"closed","template":"","meta":{"_lmt_disableupdate":"","_lmt_disable":""},"product_brand":[],"product_cat":[655,451,1345],"product_tag":[],"woo-feed-brand":[],"class_list":{"0":"post-43457","1":"product","2":"type-product","3":"status-publish","4":"has-post-thumbnail","6":"product_cat-cadeiras-altas-e-cadeiras-de-bebe","7":"product_cat-comida-e-bebida","8":"product_cat-saldos","10":"first","11":"instock","12":"sale","13":"taxable","14":"shipping-taxable","15":"purchasable","16":"product-type-simple"},"_links":{"self":[{"href":"https:\/\/www.bojungle.eu\/pt-pt\/wp-json\/wp\/v2\/product\/43457","targetHints":{"allow":["GET"]}}],"collection":[{"href":"https:\/\/www.bojungle.eu\/pt-pt\/wp-json\/wp\/v2\/product"}],"about":[{"href":"https:\/\/www.bojungle.eu\/pt-pt\/wp-json\/wp\/v2\/types\/product"}],"replies":[{"embeddable":true,"href":"https:\/\/www.bojungle.eu\/pt-pt\/wp-json\/wp\/v2\/comments?post=43457"}],"version-history":[{"count":0,"href":"https:\/\/www.bojungle.eu\/pt-pt\/wp-json\/wp\/v2\/product\/43457\/revisions"}],"wp:featuredmedia":[{"embeddable":true,"href":"https:\/\/www.bojungle.eu\/pt-pt\/wp-json\/wp\/v2\/media\/75387"}],"wp:attachment":[{"href":"https:\/\/www.bojungle.eu\/pt-pt\/wp-json\/wp\/v2\/media?parent=43457"}],"wp:term":[{"taxonomy":"product_brand","embeddable":true,"href":"https:\/\/www.bojungle.eu\/pt-pt\/wp-json\/wp\/v2\/product_brand?post=43457"},{"taxonomy":"product_cat","embeddable":true,"href":"https:\/\/www.bojungle.eu\/pt-pt\/wp-json\/wp\/v2\/product_cat?post=43457"},{"taxonomy":"product_tag","embeddable":true,"href":"https:\/\/www.bojungle.eu\/pt-pt\/wp-json\/wp\/v2\/product_tag?post=43457"},{"taxonomy":"woo-feed-brand","embeddable":true,"href":"https:\/\/www.bojungle.eu\/pt-pt\/wp-json\/wp\/v2\/woo-feed-brand?post=43457"}],"curies":[{"name":"wp","href":"https:\/\/api.w.org\/{rel}","templated":true}]}}