{"id":43464,"date":"2022-05-29T11:00:19","date_gmt":"2022-05-29T09:00:19","guid":{"rendered":"https:\/\/bojungle.eu\/shop\/product\/b-bike-jumpy-blue\/"},"modified":"2025-08-06T13:38:50","modified_gmt":"2025-08-06T11:38:50","slug":"b-b-bike-jumpy-blue","status":"publish","type":"product","link":"https:\/\/www.bojungle.eu\/pt-pt\/produto\/b-b-bike-jumpy-blue\/","title":{"rendered":"B-Bike Jumpy Blue"},"content":{"rendered":"<ul>\n<li>A anca e a moda<\/li>\n<li>Efeito de Luz Glaring<\/li>\n<li>M\u00fasica animada<\/li>\n<li>Desmontagem f\u00e1cil<\/li>\n<li>Instrumento de simula\u00e7\u00e3o de carro<\/li>\n<li>Assento confort\u00e1vel Roomy<\/li>\n<li>M\u00fasica din\u00e2mica<\/li>\n<li>Coordena\u00e7\u00e3o corporal<\/li>\n<li>Capacidade t\u00e1ctil<\/li>\n<li>Brinquedos de montar com estilo v\u00eam com muitas caracter\u00edsticas especiais, v\u00e3o tornar o tempo de brincadeira das crian\u00e7as divertido e estimulante!<\/li>\n<\/ul>\n<table border=\"1\">\n<tbody>\n<tr>\n<td>Manual<\/td>\n<td><a href=\"https:\/\/www.bojungle.eu\/wp-content\/uploads\/2025\/08\/Handleiding-Bike.pdf\">Clique aqui<\/a><\/td>\n<\/tr>\n<\/tbody>\n<\/table>\n","protected":false},"excerpt":{"rendered":"<p>Brinquedos de montar com estilo v\u00eam com muitas caracter\u00edsticas especiais, v\u00e3o tornar o tempo de brincadeira das crian\u00e7as divertido e estimulante!<\/p>\n","protected":false},"featured_media":73531,"comment_status":"closed","ping_status":"closed","template":"","meta":{"_lmt_disableupdate":"","_lmt_disable":""},"product_brand":[],"product_cat":[617,618,477],"product_tag":[],"woo-feed-brand":[],"class_list":{"0":"post-43464","1":"product","2":"type-product","3":"status-publish","4":"has-post-thumbnail","6":"product_cat-brinquedos-de-actividade","7":"product_cat-brinquedos-musicais","8":"product_cat-hora-de-brincar","10":"first","11":"instock","12":"taxable","13":"shipping-taxable","14":"purchasable","15":"product-type-simple"},"_links":{"self":[{"href":"https:\/\/www.bojungle.eu\/pt-pt\/wp-json\/wp\/v2\/product\/43464","targetHints":{"allow":["GET"]}}],"collection":[{"href":"https:\/\/www.bojungle.eu\/pt-pt\/wp-json\/wp\/v2\/product"}],"about":[{"href":"https:\/\/www.bojungle.eu\/pt-pt\/wp-json\/wp\/v2\/types\/product"}],"replies":[{"embeddable":true,"href":"https:\/\/www.bojungle.eu\/pt-pt\/wp-json\/wp\/v2\/comments?post=43464"}],"version-history":[{"count":1,"href":"https:\/\/www.bojungle.eu\/pt-pt\/wp-json\/wp\/v2\/product\/43464\/revisions"}],"predecessor-version":[{"id":80777,"href":"https:\/\/www.bojungle.eu\/pt-pt\/wp-json\/wp\/v2\/product\/43464\/revisions\/80777"}],"wp:featuredmedia":[{"embeddable":true,"href":"https:\/\/www.bojungle.eu\/pt-pt\/wp-json\/wp\/v2\/media\/73531"}],"wp:attachment":[{"href":"https:\/\/www.bojungle.eu\/pt-pt\/wp-json\/wp\/v2\/media?parent=43464"}],"wp:term":[{"taxonomy":"product_brand","embeddable":true,"href":"https:\/\/www.bojungle.eu\/pt-pt\/wp-json\/wp\/v2\/product_brand?post=43464"},{"taxonomy":"product_cat","embeddable":true,"href":"https:\/\/www.bojungle.eu\/pt-pt\/wp-json\/wp\/v2\/product_cat?post=43464"},{"taxonomy":"product_tag","embeddable":true,"href":"https:\/\/www.bojungle.eu\/pt-pt\/wp-json\/wp\/v2\/product_tag?post=43464"},{"taxonomy":"woo-feed-brand","embeddable":true,"href":"https:\/\/www.bojungle.eu\/pt-pt\/wp-json\/wp\/v2\/woo-feed-brand?post=43464"}],"curies":[{"name":"wp","href":"https:\/\/api.w.org\/{rel}","templated":true}]}}