{"id":43505,"date":"2022-05-29T10:49:32","date_gmt":"2022-05-29T08:49:32","guid":{"rendered":"https:\/\/bojungle.eu\/shop\/product\/b-bib-esponja-ecologica-rabbit-grey\/"},"modified":"2025-07-25T09:40:17","modified_gmt":"2025-07-25T07:40:17","slug":"b-bib-ecological-sponge-rabbit-grey","status":"publish","type":"product","link":"https:\/\/www.bojungle.eu\/pt-pt\/produto\/b-bib-ecological-sponge-rabbit-grey\/","title":{"rendered":"B-Bib Esponja Ecol\u00f3gica Rabbit Grey"},"content":{"rendered":"<ul>\n<li>Acabaram-se as n\u00f3doas nas roupas! Os nossos babetes de felpo com fecho r\u00e1pido s\u00e3o feitos de algod\u00e3o 100% org\u00e2nico. S\u00e3o macios, absorvem bem e s\u00e3o extremamente giros! Algo para todos!<\/li>\n<li>Dimens\u00f5es : 26,5 x 49,5 cm<\/li>\n<li>Algod\u00e3o: 100% Biotcotton 450 GSM<\/li>\n<\/ul>\n","protected":false},"excerpt":{"rendered":"<p>Acabaram-se as n\u00f3doas nas roupas! Os nossos babetes de felpo com fecho r\u00e1pido s\u00e3o feitos de algod\u00e3o 100% org\u00e2nico. S\u00e3o macios, absorvem bem e s\u00e3o extremamente giros! Algo para todos!<\/p>\n","protected":false},"featured_media":72785,"comment_status":"closed","ping_status":"closed","template":"","meta":{"_lmt_disableupdate":"","_lmt_disable":""},"product_brand":[],"product_cat":[451,551],"product_tag":[],"woo-feed-brand":[],"class_list":{"0":"post-43505","1":"product","2":"type-product","3":"status-publish","4":"has-post-thumbnail","6":"product_cat-comida-e-bebida","7":"product_cat-hora-do-jantar","9":"first","10":"instock","11":"taxable","12":"shipping-taxable","13":"purchasable","14":"product-type-simple"},"_links":{"self":[{"href":"https:\/\/www.bojungle.eu\/pt-pt\/wp-json\/wp\/v2\/product\/43505","targetHints":{"allow":["GET"]}}],"collection":[{"href":"https:\/\/www.bojungle.eu\/pt-pt\/wp-json\/wp\/v2\/product"}],"about":[{"href":"https:\/\/www.bojungle.eu\/pt-pt\/wp-json\/wp\/v2\/types\/product"}],"replies":[{"embeddable":true,"href":"https:\/\/www.bojungle.eu\/pt-pt\/wp-json\/wp\/v2\/comments?post=43505"}],"version-history":[{"count":0,"href":"https:\/\/www.bojungle.eu\/pt-pt\/wp-json\/wp\/v2\/product\/43505\/revisions"}],"wp:featuredmedia":[{"embeddable":true,"href":"https:\/\/www.bojungle.eu\/pt-pt\/wp-json\/wp\/v2\/media\/72785"}],"wp:attachment":[{"href":"https:\/\/www.bojungle.eu\/pt-pt\/wp-json\/wp\/v2\/media?parent=43505"}],"wp:term":[{"taxonomy":"product_brand","embeddable":true,"href":"https:\/\/www.bojungle.eu\/pt-pt\/wp-json\/wp\/v2\/product_brand?post=43505"},{"taxonomy":"product_cat","embeddable":true,"href":"https:\/\/www.bojungle.eu\/pt-pt\/wp-json\/wp\/v2\/product_cat?post=43505"},{"taxonomy":"product_tag","embeddable":true,"href":"https:\/\/www.bojungle.eu\/pt-pt\/wp-json\/wp\/v2\/product_tag?post=43505"},{"taxonomy":"woo-feed-brand","embeddable":true,"href":"https:\/\/www.bojungle.eu\/pt-pt\/wp-json\/wp\/v2\/woo-feed-brand?post=43505"}],"curies":[{"name":"wp","href":"https:\/\/api.w.org\/{rel}","templated":true}]}}