{"id":43544,"date":"2022-05-29T10:42:45","date_gmt":"2022-05-29T08:42:45","guid":{"rendered":"https:\/\/bojungle.eu\/shop\/product\/b-colher-dobravel-e-garfo-cinzento\/"},"modified":"2025-07-25T09:40:17","modified_gmt":"2025-07-25T07:40:17","slug":"b-b-bendable-spoon-and-fork-grey","status":"publish","type":"product","link":"https:\/\/www.bojungle.eu\/pt-pt\/produto\/b-b-bendable-spoon-and-fork-grey\/","title":{"rendered":"B- Colher dobr\u00e1vel e Garfo Cinzento"},"content":{"rendered":"<ul>\n<li>Os talheres perfeitos para as crian\u00e7as que aprendem a comer sozinhas<\/li>\n<li>O garfo e a colher podem ser dobrados na direc\u00e7\u00e3o desejada para que seja mais f\u00e1cil para o seu filho comer sozinho<\/li>\n<li>O garfo tem pontas arredondadas para que os beb\u00e9s n\u00e3o se possam magoar a comer<\/li>\n<li>Lav\u00e1vel na m\u00e1quina de lavar lou\u00e7a<\/li>\n<\/ul>\n","protected":false},"excerpt":{"rendered":"<p>Os talheres perfeitos para as crian\u00e7as que aprendem a comer sozinhas<\/p>\n","protected":false},"featured_media":52284,"comment_status":"closed","ping_status":"closed","template":"","meta":{"_lmt_disableupdate":"","_lmt_disable":""},"product_brand":[],"product_cat":[451,551],"product_tag":[],"woo-feed-brand":[],"class_list":{"0":"post-43544","1":"product","2":"type-product","3":"status-publish","4":"has-post-thumbnail","6":"product_cat-comida-e-bebida","7":"product_cat-hora-do-jantar","9":"first","10":"instock","11":"taxable","12":"shipping-taxable","13":"purchasable","14":"product-type-simple"},"_links":{"self":[{"href":"https:\/\/www.bojungle.eu\/pt-pt\/wp-json\/wp\/v2\/product\/43544","targetHints":{"allow":["GET"]}}],"collection":[{"href":"https:\/\/www.bojungle.eu\/pt-pt\/wp-json\/wp\/v2\/product"}],"about":[{"href":"https:\/\/www.bojungle.eu\/pt-pt\/wp-json\/wp\/v2\/types\/product"}],"replies":[{"embeddable":true,"href":"https:\/\/www.bojungle.eu\/pt-pt\/wp-json\/wp\/v2\/comments?post=43544"}],"version-history":[{"count":0,"href":"https:\/\/www.bojungle.eu\/pt-pt\/wp-json\/wp\/v2\/product\/43544\/revisions"}],"wp:featuredmedia":[{"embeddable":true,"href":"https:\/\/www.bojungle.eu\/pt-pt\/wp-json\/wp\/v2\/media\/52284"}],"wp:attachment":[{"href":"https:\/\/www.bojungle.eu\/pt-pt\/wp-json\/wp\/v2\/media?parent=43544"}],"wp:term":[{"taxonomy":"product_brand","embeddable":true,"href":"https:\/\/www.bojungle.eu\/pt-pt\/wp-json\/wp\/v2\/product_brand?post=43544"},{"taxonomy":"product_cat","embeddable":true,"href":"https:\/\/www.bojungle.eu\/pt-pt\/wp-json\/wp\/v2\/product_cat?post=43544"},{"taxonomy":"product_tag","embeddable":true,"href":"https:\/\/www.bojungle.eu\/pt-pt\/wp-json\/wp\/v2\/product_tag?post=43544"},{"taxonomy":"woo-feed-brand","embeddable":true,"href":"https:\/\/www.bojungle.eu\/pt-pt\/wp-json\/wp\/v2\/woo-feed-brand?post=43544"}],"curies":[{"name":"wp","href":"https:\/\/api.w.org\/{rel}","templated":true}]}}