{"id":43558,"date":"2022-05-29T10:43:36","date_gmt":"2022-05-29T08:43:36","guid":{"rendered":"https:\/\/bojungle.eu\/shop\/product\/b-colher-dobravel-e-garfo-rosa\/"},"modified":"2025-07-25T09:40:18","modified_gmt":"2025-07-25T07:40:18","slug":"b-bendable-spoon-and-fork-terracotta","status":"publish","type":"product","link":"https:\/\/www.bojungle.eu\/pt-pt\/produto\/b-bendable-spoon-and-fork-terracotta\/","title":{"rendered":"B- Colher e garfo dobr\u00e1veis em terracota"},"content":{"rendered":"<ul>\n<li>Os talheres perfeitos para as crian\u00e7as que aprendem a comer sozinhas<\/li>\n<li>O garfo e a colher podem ser dobrados na direc\u00e7\u00e3o desejada para que seja mais f\u00e1cil para o seu filho comer sozinho<\/li>\n<li>O garfo tem pontas arredondadas para que os beb\u00e9s n\u00e3o se possam magoar a comer<\/li>\n<li>Lav\u00e1vel na m\u00e1quina de lavar lou\u00e7a<\/li>\n<\/ul>\n","protected":false},"excerpt":{"rendered":"<p>Os talheres perfeitos para as crian\u00e7as que aprendem a comer sozinhas<\/p>\n","protected":false},"featured_media":52325,"comment_status":"closed","ping_status":"closed","template":"","meta":{"_lmt_disableupdate":"","_lmt_disable":""},"product_brand":[],"product_cat":[451,454,551],"product_tag":[],"woo-feed-brand":[],"class_list":{"0":"post-43558","1":"product","2":"type-product","3":"status-publish","4":"has-post-thumbnail","6":"product_cat-comida-e-bebida","7":"product_cat-gama-silicone","8":"product_cat-hora-do-jantar","10":"first","11":"instock","12":"taxable","13":"shipping-taxable","14":"purchasable","15":"product-type-simple"},"_links":{"self":[{"href":"https:\/\/www.bojungle.eu\/pt-pt\/wp-json\/wp\/v2\/product\/43558","targetHints":{"allow":["GET"]}}],"collection":[{"href":"https:\/\/www.bojungle.eu\/pt-pt\/wp-json\/wp\/v2\/product"}],"about":[{"href":"https:\/\/www.bojungle.eu\/pt-pt\/wp-json\/wp\/v2\/types\/product"}],"replies":[{"embeddable":true,"href":"https:\/\/www.bojungle.eu\/pt-pt\/wp-json\/wp\/v2\/comments?post=43558"}],"version-history":[{"count":0,"href":"https:\/\/www.bojungle.eu\/pt-pt\/wp-json\/wp\/v2\/product\/43558\/revisions"}],"wp:featuredmedia":[{"embeddable":true,"href":"https:\/\/www.bojungle.eu\/pt-pt\/wp-json\/wp\/v2\/media\/52325"}],"wp:attachment":[{"href":"https:\/\/www.bojungle.eu\/pt-pt\/wp-json\/wp\/v2\/media?parent=43558"}],"wp:term":[{"taxonomy":"product_brand","embeddable":true,"href":"https:\/\/www.bojungle.eu\/pt-pt\/wp-json\/wp\/v2\/product_brand?post=43558"},{"taxonomy":"product_cat","embeddable":true,"href":"https:\/\/www.bojungle.eu\/pt-pt\/wp-json\/wp\/v2\/product_cat?post=43558"},{"taxonomy":"product_tag","embeddable":true,"href":"https:\/\/www.bojungle.eu\/pt-pt\/wp-json\/wp\/v2\/product_tag?post=43558"},{"taxonomy":"woo-feed-brand","embeddable":true,"href":"https:\/\/www.bojungle.eu\/pt-pt\/wp-json\/wp\/v2\/woo-feed-brand?post=43558"}],"curies":[{"name":"wp","href":"https:\/\/api.w.org\/{rel}","templated":true}]}}