{"id":43575,"date":"2022-05-29T10:41:59","date_gmt":"2022-05-29T08:41:59","guid":{"rendered":"https:\/\/bojungle.eu\/shop\/product\/cinzento-bedrail\/"},"modified":"2025-05-26T13:55:57","modified_gmt":"2025-05-26T11:55:57","slug":"cinzento-cama","status":"publish","type":"product","link":"https:\/\/www.bojungle.eu\/pt-pt\/produto\/cinzento-cama\/","title":{"rendered":"Cinzento Bedrail"},"content":{"rendered":"<p>A nossa grade de cama cinzenta \u00e9 a mistura perfeita de seguran\u00e7a e sofistica\u00e7\u00e3o para manter o seu filho seguro durante as aventuras da hora de dormir! Fabricada com o m\u00e1ximo cuidado e aten\u00e7\u00e3o aos pormenores, esta grade de cama foi concebida para complementar a decora\u00e7\u00e3o de qualquer quarto com os seus tons cinzentos suaves e neutros. <\/p>\n<p>A seguran\u00e7a encontra o estilo com o nosso design l\u00fadico, com detalhes subtis mas encantadores que d\u00e3o um toque de capricho ao espa\u00e7o de dormir do seu filho. Quer se trate de hist\u00f3rias para adormecer ou de brincadeiras imaginativas, o seu beb\u00e9 est\u00e1 confort\u00e1vel e seguro. <\/p>\n<p>A comodidade \u00e9 fundamental, e \u00e9 por isso que a nossa cama de grades cinzenta \u00e9 facilmente dobr\u00e1vel para uma arruma\u00e7\u00e3o e transporte sem problemas. Al\u00e9m disso, os tecidos s\u00e3o amov\u00edveis e, por isso, tamb\u00e9m podem ser lavados. <\/p>\n<p>Constru\u00eddas para durar, as nossas grades de cama t\u00eam uma estrutura robusta que proporciona um apoio fi\u00e1vel, dando-lhe tranquilidade enquanto o seu filho dorme profundamente durante a noite. Com dimens\u00f5es de 120 cm de comprimento x 50 cm de altura, \u00e9 o tamanho perfeito para se adaptar perfeitamente \u00e0 configura\u00e7\u00e3o da cama do seu filho. <\/p>\n<p>Mantenha o beb\u00e9 seguro em grande estilo com a nossa Grade de Cama Cinzenta &#8211; porque uma boa noite de sono come\u00e7a com paz de esp\u00edrito.<\/p>\n<ul>\n<li>Mantenha o beb\u00e9 a salvo em grande estilo!<\/li>\n<li>Cores suaves e neutras<\/li>\n<li>Desenho l\u00fadico<\/li>\n<li>Facilmente dobr\u00e1vel<\/li>\n<li>Tecidos de luxo amov\u00edveis e lav\u00e1veis \u00e0 m\u00e1quina<\/li>\n<li>Estrutura robusta<\/li>\n<\/ul>\n<p>&nbsp;<\/p>\n<table border=\"1\">\n<tbody>\n<tr>\n<td>Manual<\/td>\n<td><a href=\"https:\/\/www.bojungle.eu\/wp-content\/uploads\/2025\/05\/B-Bedrail-Manual.pdf\" target=\"_blank\" rel=\"noopener\">Clique aqui<\/a><\/td>\n<\/tr>\n<\/tbody>\n<\/table>\n","protected":false},"excerpt":{"rendered":"<div class=\"w-full text-token-text-primary\" data-testid=\"conversation-turn-5\">\n<div class=\"px-4 py-2 justify-center text-base md:gap-6 m-auto\">\n<div class=\"flex flex-1 text-base mx-auto gap-3 md:px-5 lg:px-1 xl:px-5 md:max-w-3xl lg:max-w-[40rem] xl:max-w-[48rem] group final-completion\">\n<div class=\"relative flex w-full flex-col agent-turn\">\n<div class=\"flex-col gap-1 md:gap-3\">\n<div class=\"flex flex-grow flex-col max-w-full\">\n<div class=\"min-h-[20px] text-message flex flex-col items-start gap-3 whitespace-pre-wrap break-words [.text-message+&amp;]:mt-5 overflow-x-auto\" data-message-author-role=\"assistant\" data-message-id=\"53f57814-90c3-4128-9578-79dd45938ba9\">\n<div class=\"markdown prose w-full break-words dark:prose-invert light\">\n<p>A grade de cama cinzenta \u00e9 a combina\u00e7\u00e3o perfeita de seguran\u00e7a e estilo para o espa\u00e7o de dormir do seu filho. Com cores suaves e neutras e um design divertido, \u00e9 simultaneamente encantador e pr\u00e1tico. Facilmente dobr\u00e1vel para arruma\u00e7\u00e3o, com tecidos de luxo amov\u00edveis e lav\u00e1veis na m\u00e1quina, e constru\u00edda com uma estrutura robusta para um apoio fi\u00e1vel. Mantenha o seu beb\u00e9 seguro e aconchegado com estilo!   <\/p>\n<\/div>\n<\/div>\n<\/div>\n<div class=\"mt-1 flex justify-start gap-3 empty:hidden\">\n<div class=\"text-gray-400 flex self-end lg:self-center justify-center lg:justify-start mt-0 -ml-1 h-7 visible\">\n<p>&nbsp;<\/p>\n<div class=\"flex items-center gap-1.5 text-xs\"><\/div>\n<div class=\"flex\"><\/div>\n<\/div>\n<\/div>\n<\/div>\n<\/div>\n<\/div>\n<\/div>\n<\/div>\n<div class=\"mx-auto\">\n<div>\n<div class=\"mx-auto mt-2 inline-flex rounded-xl border border-gray-100 dark:border-gray-700\"><\/div>\n<\/div>\n<\/div>\n","protected":false},"featured_media":66843,"comment_status":"closed","ping_status":"closed","template":"","meta":{"_lmt_disableupdate":"","_lmt_disable":""},"product_brand":[],"product_cat":[528],"product_tag":[],"woo-feed-brand":[],"class_list":{"0":"post-43575","1":"product","2":"type-product","3":"status-publish","4":"has-post-thumbnail","6":"product_cat-dormir","8":"first","9":"instock","10":"taxable","11":"shipping-taxable","12":"purchasable","13":"product-type-simple"},"_links":{"self":[{"href":"https:\/\/www.bojungle.eu\/pt-pt\/wp-json\/wp\/v2\/product\/43575","targetHints":{"allow":["GET"]}}],"collection":[{"href":"https:\/\/www.bojungle.eu\/pt-pt\/wp-json\/wp\/v2\/product"}],"about":[{"href":"https:\/\/www.bojungle.eu\/pt-pt\/wp-json\/wp\/v2\/types\/product"}],"replies":[{"embeddable":true,"href":"https:\/\/www.bojungle.eu\/pt-pt\/wp-json\/wp\/v2\/comments?post=43575"}],"version-history":[{"count":2,"href":"https:\/\/www.bojungle.eu\/pt-pt\/wp-json\/wp\/v2\/product\/43575\/revisions"}],"predecessor-version":[{"id":79867,"href":"https:\/\/www.bojungle.eu\/pt-pt\/wp-json\/wp\/v2\/product\/43575\/revisions\/79867"}],"wp:featuredmedia":[{"embeddable":true,"href":"https:\/\/www.bojungle.eu\/pt-pt\/wp-json\/wp\/v2\/media\/66843"}],"wp:attachment":[{"href":"https:\/\/www.bojungle.eu\/pt-pt\/wp-json\/wp\/v2\/media?parent=43575"}],"wp:term":[{"taxonomy":"product_brand","embeddable":true,"href":"https:\/\/www.bojungle.eu\/pt-pt\/wp-json\/wp\/v2\/product_brand?post=43575"},{"taxonomy":"product_cat","embeddable":true,"href":"https:\/\/www.bojungle.eu\/pt-pt\/wp-json\/wp\/v2\/product_cat?post=43575"},{"taxonomy":"product_tag","embeddable":true,"href":"https:\/\/www.bojungle.eu\/pt-pt\/wp-json\/wp\/v2\/product_tag?post=43575"},{"taxonomy":"woo-feed-brand","embeddable":true,"href":"https:\/\/www.bojungle.eu\/pt-pt\/wp-json\/wp\/v2\/woo-feed-brand?post=43575"}],"curies":[{"name":"wp","href":"https:\/\/api.w.org\/{rel}","templated":true}]}}