{"id":43611,"date":"2022-05-29T10:41:21","date_gmt":"2022-05-29T10:41:21","guid":{"rendered":"https:\/\/bojungle.eu\/shop\/product\/b-b-bathcape-tambo-o-macaco\/"},"modified":"2025-07-25T09:40:18","modified_gmt":"2025-07-25T07:40:18","slug":"b-b-bathcape-tambo-the-monkey","status":"publish","type":"product","link":"https:\/\/www.bojungle.eu\/pt-pt\/produto\/b-b-bathcape-tambo-the-monkey\/","title":{"rendered":"B-B-Bathcape Tambo, o Macaco"},"content":{"rendered":"<ul>\n<li>Estas belas capas de banho tem\u00e1ticas da selva tornar\u00e3o a hora do banho do seu filho muito mais agrad\u00e1vel<\/li>\n<li>As toucas de banho t\u00eam um lado feito de tecido felpudo macio que pode ser usado como toalha e o outro em velo que tamb\u00e9m pode ser usado como cobertor<\/li>\n<li>Os animais da selva manter\u00e3o a cabe\u00e7a do seu beb\u00e9 agrad\u00e1vel e quente<\/li>\n<li>Dimens\u00f5es: +- 75 x 75 cm<\/li>\n<\/ul>\n","protected":false},"excerpt":{"rendered":"<p>Estas belas capas de banho tem\u00e1ticas da selva tornar\u00e3o a hora do banho do seu filho muito mais agrad\u00e1vel<\/p>\n","protected":false},"featured_media":68684,"comment_status":"closed","ping_status":"closed","template":"","meta":{"_lmt_disableupdate":"","_lmt_disable":""},"product_brand":[],"product_cat":[516,823],"product_tag":[],"woo-feed-brand":[],"class_list":{"0":"post-43611","1":"product","2":"type-product","3":"status-publish","4":"has-post-thumbnail","6":"product_cat-tosquia","7":"product_cat-toucas-de-banho","9":"first","10":"instock","11":"taxable","12":"shipping-taxable","13":"purchasable","14":"product-type-simple"},"_links":{"self":[{"href":"https:\/\/www.bojungle.eu\/pt-pt\/wp-json\/wp\/v2\/product\/43611","targetHints":{"allow":["GET"]}}],"collection":[{"href":"https:\/\/www.bojungle.eu\/pt-pt\/wp-json\/wp\/v2\/product"}],"about":[{"href":"https:\/\/www.bojungle.eu\/pt-pt\/wp-json\/wp\/v2\/types\/product"}],"replies":[{"embeddable":true,"href":"https:\/\/www.bojungle.eu\/pt-pt\/wp-json\/wp\/v2\/comments?post=43611"}],"version-history":[{"count":0,"href":"https:\/\/www.bojungle.eu\/pt-pt\/wp-json\/wp\/v2\/product\/43611\/revisions"}],"wp:featuredmedia":[{"embeddable":true,"href":"https:\/\/www.bojungle.eu\/pt-pt\/wp-json\/wp\/v2\/media\/68684"}],"wp:attachment":[{"href":"https:\/\/www.bojungle.eu\/pt-pt\/wp-json\/wp\/v2\/media?parent=43611"}],"wp:term":[{"taxonomy":"product_brand","embeddable":true,"href":"https:\/\/www.bojungle.eu\/pt-pt\/wp-json\/wp\/v2\/product_brand?post=43611"},{"taxonomy":"product_cat","embeddable":true,"href":"https:\/\/www.bojungle.eu\/pt-pt\/wp-json\/wp\/v2\/product_cat?post=43611"},{"taxonomy":"product_tag","embeddable":true,"href":"https:\/\/www.bojungle.eu\/pt-pt\/wp-json\/wp\/v2\/product_tag?post=43611"},{"taxonomy":"woo-feed-brand","embeddable":true,"href":"https:\/\/www.bojungle.eu\/pt-pt\/wp-json\/wp\/v2\/woo-feed-brand?post=43611"}],"curies":[{"name":"wp","href":"https:\/\/api.w.org\/{rel}","templated":true}]}}