{"id":43630,"date":"2022-05-29T10:39:30","date_gmt":"2022-05-29T08:39:30","guid":{"rendered":"https:\/\/bojungle.eu\/shop\/product\/b-b-bathcape-esponja-ecologica-flor-rosa\/"},"modified":"2025-02-13T16:58:44","modified_gmt":"2025-02-13T15:58:44","slug":"b-b-bathcape-ecological-sponge-flower-pink","status":"publish","type":"product","link":"https:\/\/www.bojungle.eu\/pt-pt\/produto\/b-b-bathcape-ecological-sponge-flower-pink\/","title":{"rendered":"Capa de banho Ekologick\u00e1 houba Flower Pink"},"content":{"rendered":"<p data-start=\"0\" data-end=\"410\">Envolva o seu pequeno num conforto acolhedor com as nossas ador\u00e1veis toucas de banho! Concebidas com padr\u00f5es \u00fanicos, estas capas t\u00eam um capuz para manter a cabe\u00e7a do seu beb\u00e9 quente e confort\u00e1vel ap\u00f3s cada banho. Fabricadas em 100% algod\u00e3o org\u00e2nico, s\u00e3o suaves ao tato, muito absorventes e delicadas para a pele delicada. A combina\u00e7\u00e3o perfeita de praticidade e fofura, estas toucas de banho s\u00e3o um must-have para a rotina da hora do banho do seu beb\u00e9.   <\/p>\n<p data-start=\"457\" data-end=\"546\" data-is-last-node=\"\">Mime o seu beb\u00e9 com um luxo amigo do ambiente com estas toucas de banho em algod\u00e3o org\u00e2nico ultra-suave.<\/p>\n","protected":false},"excerpt":{"rendered":"<p>Mantenha o seu beb\u00e9 quente e aconchegado com as nossas toucas de banho macias e absorventes feitas de 100% algod\u00e3o org\u00e2nico. Com um capuz e desenhos \u00fanicos, s\u00e3o perfeitas para se aconchegar depois do banho. <\/p>\n","protected":false},"featured_media":69615,"comment_status":"closed","ping_status":"closed","template":"","meta":{"_lmt_disableupdate":"","_lmt_disable":""},"product_brand":[],"product_cat":[516,823],"product_tag":[],"woo-feed-brand":[],"class_list":{"0":"post-43630","1":"product","2":"type-product","3":"status-publish","4":"has-post-thumbnail","6":"product_cat-tosquia","7":"product_cat-toucas-de-banho","9":"first","10":"instock","11":"taxable","12":"shipping-taxable","13":"purchasable","14":"product-type-simple"},"_links":{"self":[{"href":"https:\/\/www.bojungle.eu\/pt-pt\/wp-json\/wp\/v2\/product\/43630","targetHints":{"allow":["GET"]}}],"collection":[{"href":"https:\/\/www.bojungle.eu\/pt-pt\/wp-json\/wp\/v2\/product"}],"about":[{"href":"https:\/\/www.bojungle.eu\/pt-pt\/wp-json\/wp\/v2\/types\/product"}],"replies":[{"embeddable":true,"href":"https:\/\/www.bojungle.eu\/pt-pt\/wp-json\/wp\/v2\/comments?post=43630"}],"version-history":[{"count":1,"href":"https:\/\/www.bojungle.eu\/pt-pt\/wp-json\/wp\/v2\/product\/43630\/revisions"}],"predecessor-version":[{"id":79105,"href":"https:\/\/www.bojungle.eu\/pt-pt\/wp-json\/wp\/v2\/product\/43630\/revisions\/79105"}],"wp:featuredmedia":[{"embeddable":true,"href":"https:\/\/www.bojungle.eu\/pt-pt\/wp-json\/wp\/v2\/media\/69615"}],"wp:attachment":[{"href":"https:\/\/www.bojungle.eu\/pt-pt\/wp-json\/wp\/v2\/media?parent=43630"}],"wp:term":[{"taxonomy":"product_brand","embeddable":true,"href":"https:\/\/www.bojungle.eu\/pt-pt\/wp-json\/wp\/v2\/product_brand?post=43630"},{"taxonomy":"product_cat","embeddable":true,"href":"https:\/\/www.bojungle.eu\/pt-pt\/wp-json\/wp\/v2\/product_cat?post=43630"},{"taxonomy":"product_tag","embeddable":true,"href":"https:\/\/www.bojungle.eu\/pt-pt\/wp-json\/wp\/v2\/product_tag?post=43630"},{"taxonomy":"woo-feed-brand","embeddable":true,"href":"https:\/\/www.bojungle.eu\/pt-pt\/wp-json\/wp\/v2\/woo-feed-brand?post=43630"}],"curies":[{"name":"wp","href":"https:\/\/api.w.org\/{rel}","templated":true}]}}