{"id":43674,"date":"2022-05-29T10:34:56","date_gmt":"2022-05-29T08:34:56","guid":{"rendered":"https:\/\/bojungle.eu\/shop\/product\/banho-b-cinzento-branco\/"},"modified":"2025-05-27T09:24:58","modified_gmt":"2025-05-27T07:24:58","slug":"b-b-bath-seat-grey-white","status":"publish","type":"product","link":"https:\/\/www.bojungle.eu\/pt-pt\/produto\/b-b-bath-seat-grey-white\/","title":{"rendered":"Assento de banho Cinzento\/Branco"},"content":{"rendered":"<p>Descubra o nosso assento de banho cinzento\/branco &#8211; a solu\u00e7\u00e3o definitiva para experi\u00eancias de banho seguras e agrad\u00e1veis para o seu filho! Fabricado com uma aten\u00e7\u00e3o meticulosa aos pormenores, este assento de banho promete elevar a divers\u00e3o na \u00e1gua a novos patamares. <\/p>\n<p>Concebida a pensar na estabilidade e seguran\u00e7a, a nossa cadeira de banho possui quatro potentes ventosas que aderem firmemente \u00e0 superf\u00edcie da banheira, garantindo uma base est\u00e1vel para o seu filho. Pode confiar que o seu pequeno salpicador se manter\u00e1 firmemente no lugar durante as suas aventuras na hora do banho. <\/p>\n<p>Compreendemos a import\u00e2ncia do conforto durante o banho, e \u00e9 por isso que a nossa cadeira de banho tem um encosto alto e um apoio para os bra\u00e7os. Este design ergon\u00f3mico proporciona um apoio ideal para o seu filho, permitindo-lhe relaxar e desfrutar do banho ao m\u00e1ximo. Mas isso n\u00e3o \u00e9 tudo &#8211; o nosso assento de banho vem equipado com tr\u00eas brinquedos integrados, acrescentando um elemento extra de entretenimento \u00e0 hora do banho. Veja como o seu filho se ri e brinca com estes brinquedos deliciosos, tornando a hora do banho ainda mais agrad\u00e1vel.   <\/p>\n<p>A seguran\u00e7a \u00e9 fundamental, e \u00e9 por isso que a nossa cadeira de banho foi concebida com uma c\u00f3moda abertura frontal. Esta carater\u00edstica permite que a crian\u00e7a entre e saia facilmente do assento sem qualquer risco de ferimentos, proporcionando paz de esp\u00edrito aos pais. <\/p>\n<p>Diga adeus \u00e0s dificuldades na hora do banho e ol\u00e1 \u00e0 divers\u00e3o sem complica\u00e7\u00f5es com o nosso Assento de Banho Cinzento\/Branco. Transforme a rotina da hora do banho do seu filho numa aventura pela qual ele vai ansiar todos os dias. Encomende a sua hoje mesmo e fa\u00e7a um mergulho no mundo da felicidade da hora do banho!  <\/p>\n<p>&nbsp;<\/p>\n<table border=\"1\">\n<tbody>\n<tr>\n<td>Manual<\/td>\n<td><a href=\"https:\/\/www.bojungle.eu\/wp-content\/uploads\/2025\/05\/Manual-B400700.pdf\">Clique aqui<\/a><\/td>\n<\/tr>\n<\/tbody>\n<\/table>\n","protected":false},"excerpt":{"rendered":"<p>Descubra o nosso Assento de Banho Cinzento\/Branco &#8211; a derradeira combina\u00e7\u00e3o de seguran\u00e7a e divers\u00e3o para as aventuras de banho do seu filho. Com quatro potentes ventosas para maior estabilidade, costas altas e apoio para os bra\u00e7os para maior conforto, tr\u00eas brinquedos integrados para entretenimento e uma conveniente abertura frontal para f\u00e1cil acesso, a hora do banho nunca foi t\u00e3o agrad\u00e1vel e sem preocupa\u00e7\u00f5es. Prepare-se para fazer um mergulho com o nosso assento de banho cinzento\/branco!  <\/p>\n","protected":false},"featured_media":69303,"comment_status":"closed","ping_status":"closed","template":"","meta":{"_lmt_disableupdate":"","_lmt_disable":""},"product_brand":[],"product_cat":[594,516],"product_tag":[],"woo-feed-brand":[],"class_list":{"0":"post-43674","1":"product","2":"type-product","3":"status-publish","4":"has-post-thumbnail","6":"product_cat-bebe-no-banho","7":"product_cat-tosquia","9":"first","10":"outofstock","11":"taxable","12":"shipping-taxable","13":"purchasable","14":"product-type-simple"},"_links":{"self":[{"href":"https:\/\/www.bojungle.eu\/pt-pt\/wp-json\/wp\/v2\/product\/43674","targetHints":{"allow":["GET"]}}],"collection":[{"href":"https:\/\/www.bojungle.eu\/pt-pt\/wp-json\/wp\/v2\/product"}],"about":[{"href":"https:\/\/www.bojungle.eu\/pt-pt\/wp-json\/wp\/v2\/types\/product"}],"replies":[{"embeddable":true,"href":"https:\/\/www.bojungle.eu\/pt-pt\/wp-json\/wp\/v2\/comments?post=43674"}],"version-history":[{"count":2,"href":"https:\/\/www.bojungle.eu\/pt-pt\/wp-json\/wp\/v2\/product\/43674\/revisions"}],"predecessor-version":[{"id":79967,"href":"https:\/\/www.bojungle.eu\/pt-pt\/wp-json\/wp\/v2\/product\/43674\/revisions\/79967"}],"wp:featuredmedia":[{"embeddable":true,"href":"https:\/\/www.bojungle.eu\/pt-pt\/wp-json\/wp\/v2\/media\/69303"}],"wp:attachment":[{"href":"https:\/\/www.bojungle.eu\/pt-pt\/wp-json\/wp\/v2\/media?parent=43674"}],"wp:term":[{"taxonomy":"product_brand","embeddable":true,"href":"https:\/\/www.bojungle.eu\/pt-pt\/wp-json\/wp\/v2\/product_brand?post=43674"},{"taxonomy":"product_cat","embeddable":true,"href":"https:\/\/www.bojungle.eu\/pt-pt\/wp-json\/wp\/v2\/product_cat?post=43674"},{"taxonomy":"product_tag","embeddable":true,"href":"https:\/\/www.bojungle.eu\/pt-pt\/wp-json\/wp\/v2\/product_tag?post=43674"},{"taxonomy":"woo-feed-brand","embeddable":true,"href":"https:\/\/www.bojungle.eu\/pt-pt\/wp-json\/wp\/v2\/woo-feed-brand?post=43674"}],"curies":[{"name":"wp","href":"https:\/\/api.w.org\/{rel}","templated":true}]}}