{"id":43720,"date":"2022-05-29T10:28:25","date_gmt":"2022-05-29T08:28:25","guid":{"rendered":"https:\/\/bojungle.eu\/shop\/product\/b-bambu-base-em-forma-de-estrela-classica\/"},"modified":"2025-07-25T09:40:20","modified_gmt":"2025-07-25T07:40:20","slug":"b-bamboo-base-shape-star-classic","status":"publish","type":"product","link":"https:\/\/www.bojungle.eu\/pt-pt\/produto\/b-bamboo-base-shape-star-classic\/","title":{"rendered":"B-Bambu Base em forma de Estrela Cl\u00e1ssica"},"content":{"rendered":"<ul>\n<li>Um cl\u00e1ssico reinventado: o classificador de formas feito de silicone e para um produto sustent\u00e1vel e saud\u00e1vel!<\/li>\n<li>Colocar as formas de silicone nas caixas certas<\/li>\n<li>Este brinquedo ajudar\u00e1 o seu beb\u00e9 a desenvolver os seus diferentes sentidos: tacto, vis\u00e3o, mas tamb\u00e9m a sua l\u00f3gica enquanto se diverte!<\/li>\n<li>Jogo de design e cores da moda para agradar tanto ao beb\u00e9 como aos pais!<\/li>\n<li>Para uma higiene perfeita, as formas de silicone s\u00e3o seguras e esteriliz\u00e1veis na m\u00e1quina de lavar loi\u00e7a.<\/li>\n<li>Formas de silicone de alta qualidade e base de bambu natural<\/li>\n<li>Tamanho da base: 12 x 12 cm<\/li>\n<\/ul>\n","protected":false},"excerpt":{"rendered":"<p>Um cl\u00e1ssico reinventado: o classificador de formas feito de silicone e para um produto sustent\u00e1vel e saud\u00e1vel!<\/p>\n","protected":false},"featured_media":67489,"comment_status":"closed","ping_status":"closed","template":"","meta":{"_lmt_disableupdate":"","_lmt_disable":""},"product_brand":[],"product_cat":[500,477],"product_tag":[],"woo-feed-brand":[],"class_list":{"0":"post-43720","1":"product","2":"type-product","3":"status-publish","4":"has-post-thumbnail","6":"product_cat-brinquedos-em-silicone","7":"product_cat-hora-de-brincar","9":"first","10":"instock","11":"taxable","12":"shipping-taxable","13":"purchasable","14":"product-type-simple"},"_links":{"self":[{"href":"https:\/\/www.bojungle.eu\/pt-pt\/wp-json\/wp\/v2\/product\/43720","targetHints":{"allow":["GET"]}}],"collection":[{"href":"https:\/\/www.bojungle.eu\/pt-pt\/wp-json\/wp\/v2\/product"}],"about":[{"href":"https:\/\/www.bojungle.eu\/pt-pt\/wp-json\/wp\/v2\/types\/product"}],"replies":[{"embeddable":true,"href":"https:\/\/www.bojungle.eu\/pt-pt\/wp-json\/wp\/v2\/comments?post=43720"}],"version-history":[{"count":0,"href":"https:\/\/www.bojungle.eu\/pt-pt\/wp-json\/wp\/v2\/product\/43720\/revisions"}],"wp:featuredmedia":[{"embeddable":true,"href":"https:\/\/www.bojungle.eu\/pt-pt\/wp-json\/wp\/v2\/media\/67489"}],"wp:attachment":[{"href":"https:\/\/www.bojungle.eu\/pt-pt\/wp-json\/wp\/v2\/media?parent=43720"}],"wp:term":[{"taxonomy":"product_brand","embeddable":true,"href":"https:\/\/www.bojungle.eu\/pt-pt\/wp-json\/wp\/v2\/product_brand?post=43720"},{"taxonomy":"product_cat","embeddable":true,"href":"https:\/\/www.bojungle.eu\/pt-pt\/wp-json\/wp\/v2\/product_cat?post=43720"},{"taxonomy":"product_tag","embeddable":true,"href":"https:\/\/www.bojungle.eu\/pt-pt\/wp-json\/wp\/v2\/product_tag?post=43720"},{"taxonomy":"woo-feed-brand","embeddable":true,"href":"https:\/\/www.bojungle.eu\/pt-pt\/wp-json\/wp\/v2\/woo-feed-brand?post=43720"}],"curies":[{"name":"wp","href":"https:\/\/api.w.org\/{rel}","templated":true}]}}