{"id":43730,"date":"2022-05-29T10:29:45","date_gmt":"2022-05-29T08:29:45","guid":{"rendered":"https:\/\/bojungle.eu\/shop\/product\/b-b-bath-bear-grey\/"},"modified":"2025-05-26T14:52:15","modified_gmt":"2025-05-26T12:52:15","slug":"b-b-bath-bear-grey","status":"publish","type":"product","link":"https:\/\/www.bojungle.eu\/pt-pt\/produto\/b-b-bath-bear-grey\/","title":{"rendered":"Urso de banho cinzento"},"content":{"rendered":"<p>Descubra o Urso de Banho Cinzento &#8211; o novo companheiro de banho preferido do seu beb\u00e9! Com o seu bonito design de orelhas de urso e a sua forma confort\u00e1vel, a hora do banho tornou-se muito mais divertida.<\/p>\n<p>Esta banheira para beb\u00e9 inclui um pr\u00e1tico redutor de banho, perfeito para rec\u00e9m-nascidos, que os mant\u00e9m seguros com ventosas. E quando for altura de escoar a \u00e1gua, basta abrir a tampa de escoamento para uma limpeza r\u00e1pida e f\u00e1cil. <\/p>\n<p>Inclu\u00edmos tamb\u00e9m uma saboneteira amov\u00edvel feita de silicone ecol\u00f3gico, para que possa manter todos os seus artigos essenciais de banho por perto sem qualquer confus\u00e3o. Al\u00e9m disso, pode ficar descansado sabendo que o Urso de Banho Cinzento n\u00e3o tem BPA, mantendo o seu pequeno seguro durante as suas aventuras de salpicos.<\/p>\n<p>&nbsp;<\/p>\n<table border=\"1\">\n<tbody>\n<tr>\n<td>Manual<\/td>\n<td><a href=\"https:\/\/www.bojungle.eu\/wp-content\/uploads\/2025\/05\/Manual-Bath-Bear.pdf\">Clique aqui<\/a><\/td>\n<\/tr>\n<\/tbody>\n<\/table>\n<p>&nbsp;<\/p>\n","protected":false},"excerpt":{"rendered":"<p>Conhe\u00e7a o Urso de Banho Cinzento &#8211; o melhor companheiro para a hora do banho do seu beb\u00e9! Com as suas ador\u00e1veis orelhas de urso e o seu design ergon\u00f3mico, a hora do banho ficou muito mais bonita e confort\u00e1vel. Completo com um redutor de banho para rec\u00e9m-nascidos, tampa de escoamento f\u00e1cil e saboneteira ecol\u00f3gica, \u00e9 a mistura perfeita de divers\u00e3o e funcionalidade. Al\u00e9m disso, \u00e9 isento de BPA para sua tranquilidade.   Prepare-se para aventuras limpas com o Urso Banho Cinzento!<\/p>\n<p>&nbsp;<\/p>\n","protected":false},"featured_media":68964,"comment_status":"closed","ping_status":"closed","template":"","meta":{"_lmt_disableupdate":"","_lmt_disable":""},"product_brand":[],"product_cat":[594,516],"product_tag":[],"woo-feed-brand":[],"class_list":{"0":"post-43730","1":"product","2":"type-product","3":"status-publish","4":"has-post-thumbnail","6":"product_cat-bebe-no-banho","7":"product_cat-tosquia","9":"first","10":"instock","11":"taxable","12":"shipping-taxable","13":"purchasable","14":"product-type-simple"},"_links":{"self":[{"href":"https:\/\/www.bojungle.eu\/pt-pt\/wp-json\/wp\/v2\/product\/43730","targetHints":{"allow":["GET"]}}],"collection":[{"href":"https:\/\/www.bojungle.eu\/pt-pt\/wp-json\/wp\/v2\/product"}],"about":[{"href":"https:\/\/www.bojungle.eu\/pt-pt\/wp-json\/wp\/v2\/types\/product"}],"replies":[{"embeddable":true,"href":"https:\/\/www.bojungle.eu\/pt-pt\/wp-json\/wp\/v2\/comments?post=43730"}],"version-history":[{"count":2,"href":"https:\/\/www.bojungle.eu\/pt-pt\/wp-json\/wp\/v2\/product\/43730\/revisions"}],"predecessor-version":[{"id":79892,"href":"https:\/\/www.bojungle.eu\/pt-pt\/wp-json\/wp\/v2\/product\/43730\/revisions\/79892"}],"wp:featuredmedia":[{"embeddable":true,"href":"https:\/\/www.bojungle.eu\/pt-pt\/wp-json\/wp\/v2\/media\/68964"}],"wp:attachment":[{"href":"https:\/\/www.bojungle.eu\/pt-pt\/wp-json\/wp\/v2\/media?parent=43730"}],"wp:term":[{"taxonomy":"product_brand","embeddable":true,"href":"https:\/\/www.bojungle.eu\/pt-pt\/wp-json\/wp\/v2\/product_brand?post=43730"},{"taxonomy":"product_cat","embeddable":true,"href":"https:\/\/www.bojungle.eu\/pt-pt\/wp-json\/wp\/v2\/product_cat?post=43730"},{"taxonomy":"product_tag","embeddable":true,"href":"https:\/\/www.bojungle.eu\/pt-pt\/wp-json\/wp\/v2\/product_tag?post=43730"},{"taxonomy":"woo-feed-brand","embeddable":true,"href":"https:\/\/www.bojungle.eu\/pt-pt\/wp-json\/wp\/v2\/woo-feed-brand?post=43730"}],"curies":[{"name":"wp","href":"https:\/\/api.w.org\/{rel}","templated":true}]}}