{"id":43778,"date":"2022-05-29T10:24:30","date_gmt":"2022-05-29T08:24:30","guid":{"rendered":"https:\/\/bojungle.eu\/shop\/product\/b-bola-de-silicone-cinzento\/"},"modified":"2024-05-15T10:44:06","modified_gmt":"2024-05-15T08:44:06","slug":"b-ball-silicone-cinzento","status":"publish","type":"product","link":"https:\/\/www.bojungle.eu\/pt-pt\/produto\/b-ball-silicone-cinzento\/","title":{"rendered":"B-Bola de Silicone Cinzento"},"content":{"rendered":"<p>Apresentamos a nossa B-Ball Silicone Cinzenta &#8211; a derradeira companheira para o seu beb\u00e9 com dentes! Fabricada em silicone macio e duradouro, esta bola foi concebida para estimular as sensa\u00e7\u00f5es de morder e agarrar. \u00c0 medida que o seu filho explora as superf\u00edcies texturadas, as gengivas s\u00e3o massajadas suavemente, proporcionando al\u00edvio durante o desconforto da denti\u00e7\u00e3o. As superf\u00edcies variadas para morder tamb\u00e9m estimulam os l\u00e1bios e a l\u00edngua, promovendo o desenvolvimento sensorial. Perfeitamente dimensionada para m\u00e3os pequenas, esta bola \u00e9 ideal para beb\u00e9s que est\u00e3o a come\u00e7ar a denti\u00e7\u00e3o. Al\u00e9m disso, \u00e9 f\u00e1cil de limpar &#8211; basta met\u00ea-la na m\u00e1quina de lavar para uma manuten\u00e7\u00e3o sem complica\u00e7\u00f5es.<\/p>\n<p>Fabricada com cuidado e qualidade, a nossa B-Ball Silicone Cinzenta \u00e9 um acess\u00f3rio indispens\u00e1vel para os beb\u00e9s com denti\u00e7\u00e3o.<\/p>\n","protected":false},"excerpt":{"rendered":"<p>Made with care and quality, our Grey Silicone B-Ball is an indispensable accessory for teething babies. Fabricada com cuidado e qualidade, a nossa bola de silicone cinzenta B-Ball \u00e9 um acess\u00f3rio indispens\u00e1vel para os beb\u00e9s com denti\u00e7\u00e3o. <\/p>\n","protected":false},"featured_media":73079,"comment_status":"closed","ping_status":"closed","template":"","meta":{"_lmt_disableupdate":"","_lmt_disable":""},"product_brand":[],"product_cat":[601,500,477],"product_tag":[],"woo-feed-brand":[],"class_list":{"0":"post-43778","1":"product","2":"type-product","3":"status-publish","4":"has-post-thumbnail","6":"product_cat-brinquedos-de-teether","7":"product_cat-brinquedos-em-silicone","8":"product_cat-hora-de-brincar","10":"first","11":"instock","12":"taxable","13":"shipping-taxable","14":"purchasable","15":"product-type-simple"},"_links":{"self":[{"href":"https:\/\/www.bojungle.eu\/pt-pt\/wp-json\/wp\/v2\/product\/43778","targetHints":{"allow":["GET"]}}],"collection":[{"href":"https:\/\/www.bojungle.eu\/pt-pt\/wp-json\/wp\/v2\/product"}],"about":[{"href":"https:\/\/www.bojungle.eu\/pt-pt\/wp-json\/wp\/v2\/types\/product"}],"replies":[{"embeddable":true,"href":"https:\/\/www.bojungle.eu\/pt-pt\/wp-json\/wp\/v2\/comments?post=43778"}],"version-history":[{"count":1,"href":"https:\/\/www.bojungle.eu\/pt-pt\/wp-json\/wp\/v2\/product\/43778\/revisions"}],"predecessor-version":[{"id":75672,"href":"https:\/\/www.bojungle.eu\/pt-pt\/wp-json\/wp\/v2\/product\/43778\/revisions\/75672"}],"wp:featuredmedia":[{"embeddable":true,"href":"https:\/\/www.bojungle.eu\/pt-pt\/wp-json\/wp\/v2\/media\/73079"}],"wp:attachment":[{"href":"https:\/\/www.bojungle.eu\/pt-pt\/wp-json\/wp\/v2\/media?parent=43778"}],"wp:term":[{"taxonomy":"product_brand","embeddable":true,"href":"https:\/\/www.bojungle.eu\/pt-pt\/wp-json\/wp\/v2\/product_brand?post=43778"},{"taxonomy":"product_cat","embeddable":true,"href":"https:\/\/www.bojungle.eu\/pt-pt\/wp-json\/wp\/v2\/product_cat?post=43778"},{"taxonomy":"product_tag","embeddable":true,"href":"https:\/\/www.bojungle.eu\/pt-pt\/wp-json\/wp\/v2\/product_tag?post=43778"},{"taxonomy":"woo-feed-brand","embeddable":true,"href":"https:\/\/www.bojungle.eu\/pt-pt\/wp-json\/wp\/v2\/woo-feed-brand?post=43778"}],"curies":[{"name":"wp","href":"https:\/\/api.w.org\/{rel}","templated":true}]}}