{"id":43838,"date":"2022-05-29T10:22:18","date_gmt":"2022-05-29T08:22:18","guid":{"rendered":"https:\/\/bojungle.eu\/shop\/product\/enigma-b-animal-3-pcs-panda-elefante-leao\/"},"modified":"2024-02-12T10:26:39","modified_gmt":"2024-02-12T09:26:39","slug":"b-animal-puzzle-3-pcs-panda-olifant-leeuw","status":"publish","type":"product","link":"https:\/\/www.bojungle.eu\/pt-pt\/produto\/b-animal-puzzle-3-pcs-panda-olifant-leeuw\/","title":{"rendered":"Enigma B-Animal (3 pcs) Panda &#8211; Elefante &#8211; Le\u00e3o"},"content":{"rendered":"<p>As formas criativas e multicoloridas destes brinquedos de banho estimular\u00e3o a imagina\u00e7\u00e3o do seu filho e tornar\u00e3o o tempo de banho mais agrad\u00e1vel<\/p>\n<ul>\n<li>Puzzles de animais divertidos para os mais pequenos<\/li>\n<li>Pode ser colado a azulejos ou \u00e0 banheira<\/li>\n<li>Cada animal tem 4 grandes pe\u00e7as de montagem<\/li>\n<li>3 animais em cada embalagem<\/li>\n<li>Feito de espuma<\/li>\n<li>Cumpre as normas europeias mais severas em mat\u00e9ria de seguran\u00e7a e qualidade<\/li>\n<li>Idade: 36m+<\/li>\n<\/ul>\n","protected":false},"excerpt":{"rendered":"<p>Descubra os nossos fant\u00e1sticos brinquedos de banho em espuma com puzzle de animais! Estas formas encantadoras v\u00e3o despertar a imagina\u00e7\u00e3o do seu filho e transformar a hora do banho numa aventura emocionante. Concebidos com divertidos puzzles de animais, estes brinquedos s\u00e3o perfeitos para os mais pequenos que gostam de explorar e aprender enquanto brincam. Concebidos tendo em mente a seguran\u00e7a e a divers\u00e3o, cada pe\u00e7a do puzzle \u00e9 feita de espuma macia, garantindo uma experi\u00eancia de jogo suave e confort\u00e1vel. Estes puzzles n\u00e3o s\u00e3o apenas divertidos, mas tamb\u00e9m educativos, incentivando o desenvolvimento cognitivo e as capacidades motoras finas \u00e0 medida que as crian\u00e7as montam as pe\u00e7as. Tamb\u00e9m pode col\u00e1-los nas paredes da casa de banho. Cada animal tem quatro pe\u00e7as de montagem grandes, o que facilita a manipula\u00e7\u00e3o e a montagem por m\u00e3os pequenas. Al\u00e9m disso, com tr\u00eas animais diferentes inclu\u00eddos em cada embalagem, h\u00e1 muita variedade para manter o seu filho interessado. Pode ter a certeza de que os nossos brinquedos de banho com puzzle de espuma para animais cumprem as mais rigorosas normas europeias de seguran\u00e7a e qualidade, proporcionando tranquilidade aos pais. Adequados para crian\u00e7as a partir dos 36 meses de idade, estes brinquedos de banho v\u00e3o certamente tornar a hora do banho numa experi\u00eancia agrad\u00e1vel e enriquecedora para o seu filho.  <\/p>\n","protected":false},"featured_media":65515,"comment_status":"closed","ping_status":"closed","template":"","meta":{"_lmt_disableupdate":"","_lmt_disable":""},"product_brand":[],"product_cat":[517,477,516],"product_tag":[],"woo-feed-brand":[],"class_list":{"0":"post-43838","1":"product","2":"type-product","3":"status-publish","4":"has-post-thumbnail","6":"product_cat-brinquedos-de-banho","7":"product_cat-hora-de-brincar","8":"product_cat-tosquia","10":"first","11":"instock","12":"taxable","13":"shipping-taxable","14":"purchasable","15":"product-type-simple"},"_links":{"self":[{"href":"https:\/\/www.bojungle.eu\/pt-pt\/wp-json\/wp\/v2\/product\/43838","targetHints":{"allow":["GET"]}}],"collection":[{"href":"https:\/\/www.bojungle.eu\/pt-pt\/wp-json\/wp\/v2\/product"}],"about":[{"href":"https:\/\/www.bojungle.eu\/pt-pt\/wp-json\/wp\/v2\/types\/product"}],"replies":[{"embeddable":true,"href":"https:\/\/www.bojungle.eu\/pt-pt\/wp-json\/wp\/v2\/comments?post=43838"}],"version-history":[{"count":1,"href":"https:\/\/www.bojungle.eu\/pt-pt\/wp-json\/wp\/v2\/product\/43838\/revisions"}],"predecessor-version":[{"id":65607,"href":"https:\/\/www.bojungle.eu\/pt-pt\/wp-json\/wp\/v2\/product\/43838\/revisions\/65607"}],"wp:featuredmedia":[{"embeddable":true,"href":"https:\/\/www.bojungle.eu\/pt-pt\/wp-json\/wp\/v2\/media\/65515"}],"wp:attachment":[{"href":"https:\/\/www.bojungle.eu\/pt-pt\/wp-json\/wp\/v2\/media?parent=43838"}],"wp:term":[{"taxonomy":"product_brand","embeddable":true,"href":"https:\/\/www.bojungle.eu\/pt-pt\/wp-json\/wp\/v2\/product_brand?post=43838"},{"taxonomy":"product_cat","embeddable":true,"href":"https:\/\/www.bojungle.eu\/pt-pt\/wp-json\/wp\/v2\/product_cat?post=43838"},{"taxonomy":"product_tag","embeddable":true,"href":"https:\/\/www.bojungle.eu\/pt-pt\/wp-json\/wp\/v2\/product_tag?post=43838"},{"taxonomy":"woo-feed-brand","embeddable":true,"href":"https:\/\/www.bojungle.eu\/pt-pt\/wp-json\/wp\/v2\/woo-feed-brand?post=43838"}],"curies":[{"name":"wp","href":"https:\/\/api.w.org\/{rel}","templated":true}]}}