{"id":43866,"date":"2022-05-29T10:19:49","date_gmt":"2022-05-29T08:19:49","guid":{"rendered":"https:\/\/bojungle.eu\/shop\/product\/b-rattle-rings-elephant-pink\/"},"modified":"2025-07-25T09:40:24","modified_gmt":"2025-07-25T07:40:24","slug":"b-rattle-rings-elephant-pink","status":"publish","type":"product","link":"https:\/\/www.bojungle.eu\/pt-pt\/produto\/b-rattle-rings-elephant-pink\/","title":{"rendered":"B- Rattle Rings Elephant Pink"},"content":{"rendered":"<ul>\n<li>Um grande cl\u00e1ssico com uma nova reviravolta: o guizo mastig\u00e1vel feito de silicone e madeira para um brinquedo saud\u00e1vel e dur\u00e1vel!<\/li>\n<li>Este guizo ajudar\u00e1 a aliviar as dores de denti\u00e7\u00e3o do beb\u00e9 com as diferentes texturas e formas na parte de silicone<\/li>\n<li>Chocalho de design e cores da moda para agradar tanto ao beb\u00e9 como aos pais.<\/li>\n<\/ul>\n","protected":false},"excerpt":{"rendered":"<p>Um grande cl\u00e1ssico com uma nova reviravolta: o guizo mastig\u00e1vel feito de silicone e madeira para um brinquedo saud\u00e1vel e dur\u00e1vel!<\/p>\n","protected":false},"featured_media":71275,"comment_status":"closed","ping_status":"closed","template":"","meta":{"_lmt_disableupdate":"","_lmt_disable":""},"product_brand":[],"product_cat":[497,477,674],"product_tag":[],"woo-feed-brand":[],"class_list":{"0":"post-43866","1":"product","2":"type-product","3":"status-publish","4":"has-post-thumbnail","6":"product_cat-brinquedos-coloridos","7":"product_cat-hora-de-brincar","8":"product_cat-rattles","10":"first","11":"instock","12":"taxable","13":"shipping-taxable","14":"purchasable","15":"product-type-simple"},"_links":{"self":[{"href":"https:\/\/www.bojungle.eu\/pt-pt\/wp-json\/wp\/v2\/product\/43866","targetHints":{"allow":["GET"]}}],"collection":[{"href":"https:\/\/www.bojungle.eu\/pt-pt\/wp-json\/wp\/v2\/product"}],"about":[{"href":"https:\/\/www.bojungle.eu\/pt-pt\/wp-json\/wp\/v2\/types\/product"}],"replies":[{"embeddable":true,"href":"https:\/\/www.bojungle.eu\/pt-pt\/wp-json\/wp\/v2\/comments?post=43866"}],"version-history":[{"count":0,"href":"https:\/\/www.bojungle.eu\/pt-pt\/wp-json\/wp\/v2\/product\/43866\/revisions"}],"wp:featuredmedia":[{"embeddable":true,"href":"https:\/\/www.bojungle.eu\/pt-pt\/wp-json\/wp\/v2\/media\/71275"}],"wp:attachment":[{"href":"https:\/\/www.bojungle.eu\/pt-pt\/wp-json\/wp\/v2\/media?parent=43866"}],"wp:term":[{"taxonomy":"product_brand","embeddable":true,"href":"https:\/\/www.bojungle.eu\/pt-pt\/wp-json\/wp\/v2\/product_brand?post=43866"},{"taxonomy":"product_cat","embeddable":true,"href":"https:\/\/www.bojungle.eu\/pt-pt\/wp-json\/wp\/v2\/product_cat?post=43866"},{"taxonomy":"product_tag","embeddable":true,"href":"https:\/\/www.bojungle.eu\/pt-pt\/wp-json\/wp\/v2\/product_tag?post=43866"},{"taxonomy":"woo-feed-brand","embeddable":true,"href":"https:\/\/www.bojungle.eu\/pt-pt\/wp-json\/wp\/v2\/woo-feed-brand?post=43866"}],"curies":[{"name":"wp","href":"https:\/\/api.w.org\/{rel}","templated":true}]}}