{"id":43887,"date":"2022-05-29T10:18:08","date_gmt":"2022-05-29T08:18:08","guid":{"rendered":"https:\/\/bojungle.eu\/shop\/product\/b-anel-multissensorial\/"},"modified":"2024-02-27T16:59:13","modified_gmt":"2024-02-27T15:59:13","slug":"b-multi-sensory-ring","status":"publish","type":"product","link":"https:\/\/www.bojungle.eu\/pt-pt\/produto\/b-multi-sensory-ring\/","title":{"rendered":"B- Anel multissensorial"},"content":{"rendered":"<div class=\"flex-1 overflow-hidden\">\n<div class=\"react-scroll-to-bottom--css-enznj-79elbk h-full\">\n<div class=\"react-scroll-to-bottom--css-enznj-1n7m0yu\">\n<div class=\"flex flex-col text-sm pb-9\">\n<div class=\"w-full text-token-text-primary\" data-testid=\"conversation-turn-3\">\n<div class=\"px-4 py-2 justify-center text-base md:gap-6 m-auto\">\n<div class=\"flex flex-1 text-base mx-auto gap-3 md:px-5 lg:px-1 xl:px-5 md:max-w-3xl lg:max-w-[40rem] xl:max-w-[48rem] group final-completion\">\n<div class=\"relative flex w-full flex-col agent-turn\">\n<div class=\"flex-col gap-1 md:gap-3\">\n<div class=\"flex flex-grow flex-col max-w-full\">\n<div class=\"min-h-[20px] text-message flex flex-col items-start gap-3 whitespace-pre-wrap break-words [.text-message+&amp;]:mt-5 overflow-x-auto\" data-message-author-role=\"assistant\" data-message-id=\"f9d6a576-9720-45fc-a945-c7ebe391709e\">\n<div class=\"markdown prose w-full break-words dark:prose-invert light\">\n<p>Descubra o Anel Multissensorial de Bo Jungle, uma reviravolta deliciosa num cl\u00e1ssico adorado, concebido especialmente para o prazer e o conforto do seu filho. Fabricado em silicone e madeira seguros e duradouros, este guizo mastig\u00e1vel \u00e9 perfeito para acalmar as dores de denti\u00e7\u00e3o, proporcionando horas de entretenimento. A parte de silicone do anel apresenta uma variedade de texturas e formas, oferecendo al\u00edvio \u00e0s gengivas sens\u00edveis do seu beb\u00e9 e estimulando os seus sentidos enquanto explora. E com o seu design simples, mas elegante, e a sua gama de cores suaves e agrad\u00e1veis, o nosso anel multi-sensorial vai certamente agradar tanto aos beb\u00e9s como aos pais. Torne as brincadeiras mais f\u00e1ceis com o nosso anel multi-sensorial &#8211; o companheiro perfeito para as primeiras aventuras do seu beb\u00e9. <\/p>\n<\/div>\n<\/div>\n<\/div>\n<\/div>\n<\/div>\n<\/div>\n<\/div>\n<\/div>\n<\/div>\n<\/div>\n<\/div>\n<\/div>\n<ul>\n<li>Um grande cl\u00e1ssico com uma nova reviravolta: o guizo mastig\u00e1vel feito de silicone e madeira para um brinquedo saud\u00e1vel e dur\u00e1vel!<\/li>\n<li>Este guizo ajudar\u00e1 a aliviar as dores de denti\u00e7\u00e3o do beb\u00e9 com as diferentes texturas e formas na parte de silicone<\/li>\n<li>Chocalho de design e cores da moda para agradar tanto ao beb\u00e9 como aos pais.<\/li>\n<\/ul>\n","protected":false},"excerpt":{"rendered":"<p>O anel multi-sensorial: um brinquedo de denti\u00e7\u00e3o seguro, dur\u00e1vel e calmante para o seu filho. Com a sua variedade de texturas e formas, este guizo mastig\u00e1vel proporciona al\u00edvio e estimula\u00e7\u00e3o, oferecendo um design simples mas elegante em cores modernas. Perfeito para manter o seu beb\u00e9 feliz durante as brincadeiras!  <\/p>\n","protected":false},"featured_media":66776,"comment_status":"closed","ping_status":"closed","template":"","meta":{"_lmt_disableupdate":"","_lmt_disable":""},"product_brand":[],"product_cat":[500,477],"product_tag":[],"woo-feed-brand":[],"class_list":{"0":"post-43887","1":"product","2":"type-product","3":"status-publish","4":"has-post-thumbnail","6":"product_cat-brinquedos-em-silicone","7":"product_cat-hora-de-brincar","9":"first","10":"outofstock","11":"taxable","12":"shipping-taxable","13":"purchasable","14":"product-type-simple"},"_links":{"self":[{"href":"https:\/\/www.bojungle.eu\/pt-pt\/wp-json\/wp\/v2\/product\/43887","targetHints":{"allow":["GET"]}}],"collection":[{"href":"https:\/\/www.bojungle.eu\/pt-pt\/wp-json\/wp\/v2\/product"}],"about":[{"href":"https:\/\/www.bojungle.eu\/pt-pt\/wp-json\/wp\/v2\/types\/product"}],"replies":[{"embeddable":true,"href":"https:\/\/www.bojungle.eu\/pt-pt\/wp-json\/wp\/v2\/comments?post=43887"}],"version-history":[{"count":1,"href":"https:\/\/www.bojungle.eu\/pt-pt\/wp-json\/wp\/v2\/product\/43887\/revisions"}],"predecessor-version":[{"id":66827,"href":"https:\/\/www.bojungle.eu\/pt-pt\/wp-json\/wp\/v2\/product\/43887\/revisions\/66827"}],"wp:featuredmedia":[{"embeddable":true,"href":"https:\/\/www.bojungle.eu\/pt-pt\/wp-json\/wp\/v2\/media\/66776"}],"wp:attachment":[{"href":"https:\/\/www.bojungle.eu\/pt-pt\/wp-json\/wp\/v2\/media?parent=43887"}],"wp:term":[{"taxonomy":"product_brand","embeddable":true,"href":"https:\/\/www.bojungle.eu\/pt-pt\/wp-json\/wp\/v2\/product_brand?post=43887"},{"taxonomy":"product_cat","embeddable":true,"href":"https:\/\/www.bojungle.eu\/pt-pt\/wp-json\/wp\/v2\/product_cat?post=43887"},{"taxonomy":"product_tag","embeddable":true,"href":"https:\/\/www.bojungle.eu\/pt-pt\/wp-json\/wp\/v2\/product_tag?post=43887"},{"taxonomy":"woo-feed-brand","embeddable":true,"href":"https:\/\/www.bojungle.eu\/pt-pt\/wp-json\/wp\/v2\/woo-feed-brand?post=43887"}],"curies":[{"name":"wp","href":"https:\/\/api.w.org\/{rel}","templated":true}]}}