{"id":44317,"date":"2023-05-02T12:54:21","date_gmt":"2023-05-02T10:54:21","guid":{"rendered":"https:\/\/bojungle.eu\/shop\/product\/b-conjunto-de-colheres-2-pecas-em-terracota\/"},"modified":"2025-07-25T09:40:25","modified_gmt":"2025-07-25T07:40:25","slug":"b-spoon-shape-set-2-pcs-terracotta","status":"publish","type":"product","link":"https:\/\/www.bojungle.eu\/pt-pt\/produto\/b-spoon-shape-set-2-pcs-terracotta\/","title":{"rendered":"B-Conjunto de colheres 2 pe\u00e7as em terracota"},"content":{"rendered":"<p style=\"font-weight: 400;\">A forma B-Spoon \u00e9 especialmente concebida para a transi\u00e7\u00e3o do beb\u00e9 da tetina para a colher.<\/p>\n<ul style=\"font-weight: 400;\">\n<li>F\u00e1cil de segurar<\/li>\n<li>Feito em silicone<\/li>\n<li>F\u00e1cil de limpar<\/li>\n<li>Colher macia: segura para morder<\/li>\n<li>Lavar \u00e0 m\u00e3o ou na m\u00e1quina de lavar lou\u00e7a<\/li>\n<\/ul>\n","protected":false},"excerpt":{"rendered":"<p style=\"font-weight: 400;\">A forma B-Spoon \u00e9 especialmente concebida para a transi\u00e7\u00e3o do beb\u00e9 da tetina para a colher.<\/p>\n","protected":false},"featured_media":73661,"comment_status":"closed","ping_status":"closed","template":"","meta":{"_lmt_disableupdate":"","_lmt_disable":""},"product_brand":[],"product_cat":[451,454,551],"product_tag":[],"woo-feed-brand":[],"class_list":{"0":"post-44317","1":"product","2":"type-product","3":"status-publish","4":"has-post-thumbnail","6":"product_cat-comida-e-bebida","7":"product_cat-gama-silicone","8":"product_cat-hora-do-jantar","10":"first","11":"instock","12":"taxable","13":"shipping-taxable","14":"purchasable","15":"product-type-simple"},"_links":{"self":[{"href":"https:\/\/www.bojungle.eu\/pt-pt\/wp-json\/wp\/v2\/product\/44317","targetHints":{"allow":["GET"]}}],"collection":[{"href":"https:\/\/www.bojungle.eu\/pt-pt\/wp-json\/wp\/v2\/product"}],"about":[{"href":"https:\/\/www.bojungle.eu\/pt-pt\/wp-json\/wp\/v2\/types\/product"}],"replies":[{"embeddable":true,"href":"https:\/\/www.bojungle.eu\/pt-pt\/wp-json\/wp\/v2\/comments?post=44317"}],"version-history":[{"count":0,"href":"https:\/\/www.bojungle.eu\/pt-pt\/wp-json\/wp\/v2\/product\/44317\/revisions"}],"wp:featuredmedia":[{"embeddable":true,"href":"https:\/\/www.bojungle.eu\/pt-pt\/wp-json\/wp\/v2\/media\/73661"}],"wp:attachment":[{"href":"https:\/\/www.bojungle.eu\/pt-pt\/wp-json\/wp\/v2\/media?parent=44317"}],"wp:term":[{"taxonomy":"product_brand","embeddable":true,"href":"https:\/\/www.bojungle.eu\/pt-pt\/wp-json\/wp\/v2\/product_brand?post=44317"},{"taxonomy":"product_cat","embeddable":true,"href":"https:\/\/www.bojungle.eu\/pt-pt\/wp-json\/wp\/v2\/product_cat?post=44317"},{"taxonomy":"product_tag","embeddable":true,"href":"https:\/\/www.bojungle.eu\/pt-pt\/wp-json\/wp\/v2\/product_tag?post=44317"},{"taxonomy":"woo-feed-brand","embeddable":true,"href":"https:\/\/www.bojungle.eu\/pt-pt\/wp-json\/wp\/v2\/woo-feed-brand?post=44317"}],"curies":[{"name":"wp","href":"https:\/\/api.w.org\/{rel}","templated":true}]}}