{"id":44643,"date":"2023-05-03T12:40:37","date_gmt":"2023-05-03T10:40:37","guid":{"rendered":"https:\/\/bojungle.eu\/shop\/product\/b-balanca-digital-para-bebes\/"},"modified":"2025-05-27T16:42:44","modified_gmt":"2025-05-27T14:42:44","slug":"b-digital-baby-scale-pt","status":"publish","type":"product","link":"https:\/\/www.bojungle.eu\/pt-pt\/produto\/b-digital-baby-scale-pt\/","title":{"rendered":"B- Balan\u00e7a digital para beb\u00e9s"},"content":{"rendered":"<p>Conhe\u00e7a a nossa balan\u00e7a digital para beb\u00e9s, a ferramenta perfeita para os pais que desejam acompanhar o crescimento do seu beb\u00e9 com precis\u00e3o e facilidade. Especificamente concebida para pesar rec\u00e9m-nascidos e beb\u00e9s prematuros, esta balan\u00e7a eletr\u00f3nica \u00e9 uma ferramenta essencial para acompanhar o desenvolvimento do seu pequeno. <\/p>\n<p>Com uma capacidade de peso m\u00e1xima de 20 kg e uma precis\u00e3o de d=0,005 kg, pode confiar que as leituras s\u00e3o fi\u00e1veis e precisas. Acabaram-se os palpites e as estimativas &#8211; ter\u00e1 dados exactos na ponta dos dedos. <\/p>\n<p>O que distingue a nossa balan\u00e7a digital para beb\u00e9s \u00e9 a sua conveniente conetividade. Basta descarregar a nossa aplica\u00e7\u00e3o de f\u00e1cil utiliza\u00e7\u00e3o e ligar via Bluetooth para acompanhar o progresso do seu beb\u00e9. Quer se trate de monitorizar o aumento de peso ou de garantir que o seu filho est\u00e1 a atingir as metas, a aplica\u00e7\u00e3o permite-lhe acompanhar de perto o seu desenvolvimento.  <\/p>\n<p>Compreendemos que pesar um beb\u00e9, especialmente um que n\u00e3o consegue estar quieto, pode ser um desafio. \u00c9 por isso que a nossa balan\u00e7a possui uma fun\u00e7\u00e3o de bloqueio\/reten\u00e7\u00e3o autom\u00e1tica. Isto significa que, mesmo que o seu beb\u00e9 esteja a mexer-se ou a mexer-se, a balan\u00e7a bloqueia automaticamente o peso para si, tornando o processo mais suave e sem complica\u00e7\u00f5es.  <\/p>\n<p>Alimentada por 3 pilhas AAA de 1,5 V (n\u00e3o inclu\u00eddas), a nossa balan\u00e7a digital para beb\u00e9s foi concebida para ser pr\u00e1tica. Quer esteja em casa ou em viagem, pode acompanhar facilmente o peso do seu beb\u00e9. <\/p>\n<p>Invista na paz de esp\u00edrito que adv\u00e9m do facto de saber que o crescimento do seu beb\u00e9 est\u00e1 a ser monitorizado com precis\u00e3o. Com a nossa balan\u00e7a digital para beb\u00e9s, ter\u00e1 as ferramentas necess\u00e1rias para garantir que o seu pequeno est\u00e1 a prosperar a cada passo do caminho. <\/p>\n<table border=\"1\">\n<tbody>\n<tr>\n<td>Manual<\/td>\n<td><a href=\"https:\/\/www.bojungle.eu\/wp-content\/uploads\/2025\/05\/B400800-Handleiding.pdf\" target=\"_blank\" rel=\"noopener\">Clique aqui<\/a><\/td>\n<\/tr>\n<\/tbody>\n<\/table>\n","protected":false},"excerpt":{"rendered":"<div class=\"flex-1 overflow-hidden\">\n<div class=\"react-scroll-to-bottom--css-rdley-79elbk h-full\">\n<div class=\"react-scroll-to-bottom--css-rdley-1n7m0yu\">\n<div>\n<div class=\"flex flex-col text-sm pb-9\">\n<div class=\"w-full text-token-text-primary\" dir=\"auto\" data-testid=\"conversation-turn-7\" data-scroll-anchor=\"true\">\n<div class=\"px-4 py-2 justify-center text-base md:gap-6 m-auto\">\n<div class=\"flex flex-1 text-base mx-auto gap-3 juice:gap-4 juice:md:gap-6 md:px-5 lg:px-1 xl:px-5 md:max-w-3xl lg:max-w-[40rem] xl:max-w-[48rem]\">\n<div class=\"relative flex w-full min-w-0 flex-col agent-turn\">\n<div class=\"flex-col gap-1 md:gap-3\">\n<div class=\"flex flex-grow flex-col max-w-full\">\n<div class=\"min-h-[20px] text-message flex flex-col items-start gap-3 whitespace-pre-wrap break-words [.text-message+&amp;]:mt-5 overflow-x-auto\" dir=\"auto\" data-message-author-role=\"assistant\" data-message-id=\"01dae6c7-1aee-415b-b1ec-4492d1b64f46\">\n<div class=\"markdown prose w-full break-words dark:prose-invert light\">\n<p>Apresentamos a nossa Balan\u00e7a Digital para Beb\u00e9s \u2013 a forma perfeita de verificar o peso do seu beb\u00e9! \u00c9 \u00f3timo para rec\u00e9m-nascidos e beb\u00eas pequenos, especialmente se nascerem cedo. Conecte-o ao seu telefone via Bluetooth e monitore facilmente o peso do seu beb\u00ea com nosso aplicativo. Suporta at\u00e9 20kg e \u00e9 super preciso. Mesmo que o seu beb\u00e9 esteja em movimento, ele bloqueia o peso automaticamente. Basta colocar tr\u00eas pilhas AAA (n\u00e3o inclu\u00eddas) e pronto! Fique de olho no crescimento do seu filho com a nossa Balan\u00e7a Digital para Beb\u00eas.      <\/p>\n<\/div>\n<\/div>\n<\/div>\n<\/div>\n<div class=\"absolute\">\n<div class=\"flex w-full gap-2 items-center justify-center\"><\/div>\n<\/div>\n<\/div>\n<\/div>\n<\/div>\n<\/div>\n<\/div>\n<\/div>\n<\/div>\n<\/div>\n<\/div>\n<div class=\"w-full pt-2 md:pt-0 dark:border-white\/20 md:border-transparent md:dark:border-transparent md:w-[calc(100%-.5rem)] juice:w-full\">\n<form class=\"stretch flex flex-row gap-3 last:mb-2 md:last:mb-6 mx-2 md:mx-4 lg:mx-auto lg:max-w-2xl xl:max-w-3xl\">\n<div class=\"relative flex h-full max-w-full flex-1 flex-col\">\n<div class=\"absolute bottom-full left-0 right-0\"><\/div>\n<div class=\"flex w-full items-center\"><\/div>\n<\/div>\n<\/form>\n<\/div>\n","protected":false},"featured_media":69375,"comment_status":"closed","ping_status":"closed","template":"","meta":{"_lmt_disableupdate":"","_lmt_disable":""},"product_brand":[],"product_cat":[595,516],"product_tag":[],"woo-feed-brand":[],"class_list":{"0":"post-44643","1":"product","2":"type-product","3":"status-publish","4":"has-post-thumbnail","6":"product_cat-a-beleza-e-a-saude-do-bebe","7":"product_cat-tosquia","9":"first","10":"instock","11":"taxable","12":"shipping-taxable","13":"purchasable","14":"product-type-simple"},"_links":{"self":[{"href":"https:\/\/www.bojungle.eu\/pt-pt\/wp-json\/wp\/v2\/product\/44643","targetHints":{"allow":["GET"]}}],"collection":[{"href":"https:\/\/www.bojungle.eu\/pt-pt\/wp-json\/wp\/v2\/product"}],"about":[{"href":"https:\/\/www.bojungle.eu\/pt-pt\/wp-json\/wp\/v2\/types\/product"}],"replies":[{"embeddable":true,"href":"https:\/\/www.bojungle.eu\/pt-pt\/wp-json\/wp\/v2\/comments?post=44643"}],"version-history":[{"count":2,"href":"https:\/\/www.bojungle.eu\/pt-pt\/wp-json\/wp\/v2\/product\/44643\/revisions"}],"predecessor-version":[{"id":79989,"href":"https:\/\/www.bojungle.eu\/pt-pt\/wp-json\/wp\/v2\/product\/44643\/revisions\/79989"}],"wp:featuredmedia":[{"embeddable":true,"href":"https:\/\/www.bojungle.eu\/pt-pt\/wp-json\/wp\/v2\/media\/69375"}],"wp:attachment":[{"href":"https:\/\/www.bojungle.eu\/pt-pt\/wp-json\/wp\/v2\/media?parent=44643"}],"wp:term":[{"taxonomy":"product_brand","embeddable":true,"href":"https:\/\/www.bojungle.eu\/pt-pt\/wp-json\/wp\/v2\/product_brand?post=44643"},{"taxonomy":"product_cat","embeddable":true,"href":"https:\/\/www.bojungle.eu\/pt-pt\/wp-json\/wp\/v2\/product_cat?post=44643"},{"taxonomy":"product_tag","embeddable":true,"href":"https:\/\/www.bojungle.eu\/pt-pt\/wp-json\/wp\/v2\/product_tag?post=44643"},{"taxonomy":"woo-feed-brand","embeddable":true,"href":"https:\/\/www.bojungle.eu\/pt-pt\/wp-json\/wp\/v2\/woo-feed-brand?post=44643"}],"curies":[{"name":"wp","href":"https:\/\/api.w.org\/{rel}","templated":true}]}}