{"id":44774,"date":"2023-05-03T14:47:37","date_gmt":"2023-05-03T12:47:37","guid":{"rendered":"https:\/\/bojungle.eu\/shop\/product\/b-balancim-pure-white-0-18kg\/"},"modified":"2025-06-12T16:13:37","modified_gmt":"2025-06-12T14:13:37","slug":"b-rocker-pure-white-pt","status":"publish","type":"product","link":"https:\/\/www.bojungle.eu\/pt-pt\/produto\/b-rocker-pure-white-pt\/","title":{"rendered":"B-Rocker Pure White (0 &#8211; 18kg)"},"content":{"rendered":"<ul>\n<li>Um lugar de beb\u00e9 para crian\u00e7a!<\/li>\n<li>Assento numa combina\u00e7\u00e3o de velboa de luxo ultra-suave e tecidos respir\u00e1veis<\/li>\n<li>Duas formas de utiliza\u00e7\u00e3o: como balancim ou numa posi\u00e7\u00e3o est\u00e1vel e fixa<\/li>\n<li>Encosto regul\u00e1vel em 3 posi\u00e7\u00f5es<\/li>\n<li>Fun\u00e7\u00e3o vibra\u00e7\u00e3o (funciona com 2 pilhas AA, n\u00e3o inclu\u00eddas)<\/li>\n<li>At\u00e9 18 kg! (+-5 anos)<\/li>\n<li>Tecidos amov\u00edveis e lav\u00e1veis \u00e0 m\u00e1quina<\/li>\n<li>Tubos robustos e de luxo em alum\u00ednio com revestimento em p\u00f3<\/li>\n<li>Arn\u00eas de seguran\u00e7a de 5 pontos<\/li>\n<li>Barra de brinquedos facilmente desmont\u00e1vel &amp; ajust\u00e1vel com 2 brinquedos<\/li>\n<li>Desenho facilmente dobr\u00e1vel para armazenamento e transporte<\/li>\n<\/ul>\n<p>&nbsp;<\/p>\n<table border=\"1\">\n<tbody>\n<tr>\n<td>Manual<\/td>\n<td><a href=\"https:\/\/www.bojungle.eu\/wp-content\/uploads\/2025\/06\/Manual_Rocker.pdf\" target=\"_blank\" rel=\"noopener\">Clique aqui<\/a><\/td>\n<\/tr>\n<\/tbody>\n<\/table>\n","protected":false},"excerpt":{"rendered":"<p>Um lugar de beb\u00e9 para crian\u00e7a! Gra\u00e7as aos tecidos luxuosos, \u00e0s vibra\u00e7\u00f5es e \u00e0 m\u00fasica, esta espregui\u00e7adeira vai proporcionar horas de divers\u00e3o.<\/p>\n","protected":false},"featured_media":71926,"comment_status":"closed","ping_status":"closed","template":"","meta":{"_lmt_disableupdate":"","_lmt_disable":""},"product_brand":[],"product_cat":[540],"product_tag":[],"woo-feed-brand":[],"class_list":{"0":"post-44774","1":"product","2":"type-product","3":"status-publish","4":"has-post-thumbnail","6":"product_cat-baloicos-e-roqueiros","8":"first","9":"instock","10":"taxable","11":"shipping-taxable","12":"purchasable","13":"product-type-simple"},"_links":{"self":[{"href":"https:\/\/www.bojungle.eu\/pt-pt\/wp-json\/wp\/v2\/product\/44774","targetHints":{"allow":["GET"]}}],"collection":[{"href":"https:\/\/www.bojungle.eu\/pt-pt\/wp-json\/wp\/v2\/product"}],"about":[{"href":"https:\/\/www.bojungle.eu\/pt-pt\/wp-json\/wp\/v2\/types\/product"}],"replies":[{"embeddable":true,"href":"https:\/\/www.bojungle.eu\/pt-pt\/wp-json\/wp\/v2\/comments?post=44774"}],"version-history":[{"count":1,"href":"https:\/\/www.bojungle.eu\/pt-pt\/wp-json\/wp\/v2\/product\/44774\/revisions"}],"predecessor-version":[{"id":80235,"href":"https:\/\/www.bojungle.eu\/pt-pt\/wp-json\/wp\/v2\/product\/44774\/revisions\/80235"}],"wp:featuredmedia":[{"embeddable":true,"href":"https:\/\/www.bojungle.eu\/pt-pt\/wp-json\/wp\/v2\/media\/71926"}],"wp:attachment":[{"href":"https:\/\/www.bojungle.eu\/pt-pt\/wp-json\/wp\/v2\/media?parent=44774"}],"wp:term":[{"taxonomy":"product_brand","embeddable":true,"href":"https:\/\/www.bojungle.eu\/pt-pt\/wp-json\/wp\/v2\/product_brand?post=44774"},{"taxonomy":"product_cat","embeddable":true,"href":"https:\/\/www.bojungle.eu\/pt-pt\/wp-json\/wp\/v2\/product_cat?post=44774"},{"taxonomy":"product_tag","embeddable":true,"href":"https:\/\/www.bojungle.eu\/pt-pt\/wp-json\/wp\/v2\/product_tag?post=44774"},{"taxonomy":"woo-feed-brand","embeddable":true,"href":"https:\/\/www.bojungle.eu\/pt-pt\/wp-json\/wp\/v2\/woo-feed-brand?post=44774"}],"curies":[{"name":"wp","href":"https:\/\/api.w.org\/{rel}","templated":true}]}}