{"id":46804,"date":"2023-08-17T09:17:37","date_gmt":"2023-08-17T07:17:37","guid":{"rendered":"https:\/\/www.bojungle.eu\/?post_type=product&#038;p=46804"},"modified":"2024-04-04T17:00:00","modified_gmt":"2024-04-04T15:00:00","slug":"pure-white-swinging-rocker-2-en-1","status":"publish","type":"product","link":"https:\/\/www.bojungle.eu\/pt-pt\/produto\/pure-white-swinging-rocker-2-en-1\/","title":{"rendered":"Cadeira de baloi\u00e7o 2 em 1 Pure White"},"content":{"rendered":"<p>Apresentamos a cadeira de baloi\u00e7o 2 em 1 Pure White: a solu\u00e7\u00e3o ideal para acalmar o beb\u00e9<\/p>\n<p>Eleve a experi\u00eancia de acalmar o seu beb\u00e9 com a nossa cadeira de baloi\u00e7o 2 em 1 Pure White, concebida para proporcionar um conforto, seguran\u00e7a e comodidade inigual\u00e1veis, tanto para si como para o seu filho.<\/p>\n<p><strong>Dupla funcionalidade:<\/strong> Este produto inovador faz a transi\u00e7\u00e3o perfeita entre um baloi\u00e7o relaxante e uma espregui\u00e7adeira acolhedora, oferecendo versatilidade para se adaptar \u00e0s necessidades do seu beb\u00e9 em qualquer momento. Quer seja na hora da sesta ou na hora de brincar, esta solu\u00e7\u00e3o 2 em 1 tem tudo o que precisa.<\/p>\n<p><strong>Seguran\u00e7a em primeiro lugar<\/strong>: Com um sistema de arn\u00eas de 5 pontos incorporado, pode ter a certeza de que o seu beb\u00e9 est\u00e1 bem preso para uma experi\u00eancia sem preocupa\u00e7\u00f5es. A sua paz de esp\u00edrito \u00e9 a nossa principal prioridade. <\/p>\n<p><strong>Jogo interativo:<\/strong> O arco de jogo ajust\u00e1vel acima proporciona um entretenimento cativante para o seu filho, estimulando os seus sentidos e encorajando a explora\u00e7\u00e3o. Veja como o seu beb\u00e9 se delicia a alcan\u00e7ar, agarrar e descobrir novas imagens e sons. <\/p>\n<p><strong>Del\u00edcia musical:<\/strong> Precisa de uma ajuda extra para adormecer o seu beb\u00e9? Basta premir um bot\u00e3o para ativar melodias suaves, criando um ambiente calmante que ajuda a relaxar e promove um sono tranquilo para o seu pequeno pacote de alegria <\/p>\n<p><strong>Caracter\u00edsticas pr\u00e1ticas:<\/strong><\/p>\n<ul>\n<li>Espregui\u00e7adeira amov\u00edvel para utiliza\u00e7\u00e3o aut\u00f3noma.<\/li>\n<li>Escolha entre fun\u00e7\u00f5es de balan\u00e7o e fixas para maior flexibilidade.<\/li>\n<li>Desfrute da rota\u00e7\u00e3o de 360\u00b0 do assento para uma intera\u00e7\u00e3o f\u00e1cil com o seu beb\u00e9 a partir de qualquer \u00e2ngulo.<\/li>\n<li>Encosto ajust\u00e1vel com tr\u00eas regula\u00e7\u00f5es de altura para um conforto \u00f3timo.<\/li>\n<li>Controle o baloi\u00e7o sem esfor\u00e7o atrav\u00e9s do painel ou do telecomando inclu\u00eddo.<\/li>\n<li>Adaptador inclu\u00eddo para uma liga\u00e7\u00e3o conveniente \u00e0 tomada ou utilize 4 pilhas C para portabilidade.<\/li>\n<li>Seleccione entre 7 op\u00e7\u00f5es de movimento diferentes e 5 velocidades de baloi\u00e7o para personalizar a experi\u00eancia de acordo com as prefer\u00eancias do seu beb\u00e9.<\/li>\n<\/ul>\n<p>Experimente a Pure White Swinging Rocker 2 em 1 e descubra a combina\u00e7\u00e3o perfeita de conforto, conveni\u00eancia e seguran\u00e7a para si e para o seu precioso pequenino. Diga adeus aos momentos de agita\u00e7\u00e3o e ol\u00e1 \u00e0 felicidade serena em cada utiliza\u00e7\u00e3o.<\/p>\n","protected":false},"excerpt":{"rendered":"<p>Apresentamos a Pure White Swinging Rocker 2 em 1: a melhor companheira de conforto do seu beb\u00e9! Alterne facilmente entre um baloi\u00e7o relaxante e uma espregui\u00e7adeira acolhedora. Com um arn\u00eas de 5 pontos para seguran\u00e7a, arco de jogo ajust\u00e1vel para divers\u00e3o interactiva e m\u00fasica suave com o toque de um bot\u00e3o. Com rota\u00e7\u00e3o de 360\u00b0 do assento, 7 op\u00e7\u00f5es de movimento e 5 velocidades de balan\u00e7o, \u00e9 a solu\u00e7\u00e3o perfeita para pais ocupados e beb\u00e9s satisfeitos.   <\/p>\n","protected":false},"featured_media":67073,"comment_status":"closed","ping_status":"closed","template":"","meta":{"_lmt_disableupdate":"","_lmt_disable":""},"product_brand":[],"product_cat":[540],"product_tag":[1132,1135,1133,1138],"woo-feed-brand":[],"class_list":{"0":"post-46804","1":"product","2":"type-product","3":"status-publish","4":"has-post-thumbnail","6":"product_cat-baloicos-e-roqueiros","7":"product_tag-automatica","8":"product_tag-baloico","9":"product_tag-branco-puro","10":"product_tag-relaxante","12":"first","13":"instock","14":"featured","15":"taxable","16":"shipping-taxable","17":"purchasable","18":"product-type-simple"},"_links":{"self":[{"href":"https:\/\/www.bojungle.eu\/pt-pt\/wp-json\/wp\/v2\/product\/46804","targetHints":{"allow":["GET"]}}],"collection":[{"href":"https:\/\/www.bojungle.eu\/pt-pt\/wp-json\/wp\/v2\/product"}],"about":[{"href":"https:\/\/www.bojungle.eu\/pt-pt\/wp-json\/wp\/v2\/types\/product"}],"replies":[{"embeddable":true,"href":"https:\/\/www.bojungle.eu\/pt-pt\/wp-json\/wp\/v2\/comments?post=46804"}],"version-history":[{"count":1,"href":"https:\/\/www.bojungle.eu\/pt-pt\/wp-json\/wp\/v2\/product\/46804\/revisions"}],"predecessor-version":[{"id":72262,"href":"https:\/\/www.bojungle.eu\/pt-pt\/wp-json\/wp\/v2\/product\/46804\/revisions\/72262"}],"wp:featuredmedia":[{"embeddable":true,"href":"https:\/\/www.bojungle.eu\/pt-pt\/wp-json\/wp\/v2\/media\/67073"}],"wp:attachment":[{"href":"https:\/\/www.bojungle.eu\/pt-pt\/wp-json\/wp\/v2\/media?parent=46804"}],"wp:term":[{"taxonomy":"product_brand","embeddable":true,"href":"https:\/\/www.bojungle.eu\/pt-pt\/wp-json\/wp\/v2\/product_brand?post=46804"},{"taxonomy":"product_cat","embeddable":true,"href":"https:\/\/www.bojungle.eu\/pt-pt\/wp-json\/wp\/v2\/product_cat?post=46804"},{"taxonomy":"product_tag","embeddable":true,"href":"https:\/\/www.bojungle.eu\/pt-pt\/wp-json\/wp\/v2\/product_tag?post=46804"},{"taxonomy":"woo-feed-brand","embeddable":true,"href":"https:\/\/www.bojungle.eu\/pt-pt\/wp-json\/wp\/v2\/woo-feed-brand?post=46804"}],"curies":[{"name":"wp","href":"https:\/\/api.w.org\/{rel}","templated":true}]}}