{"id":47147,"date":"2023-08-22T14:44:15","date_gmt":"2023-08-22T12:44:15","guid":{"rendered":"https:\/\/www.bojungle.eu\/product\/ginasio-de-brincar-com-bolas-dobravel-tropical-discovery\/"},"modified":"2024-02-14T09:35:58","modified_gmt":"2024-02-14T08:35:58","slug":"ginasio-de-brincar-com-bolas-dobravel-tropical-discovery","status":"publish","type":"product","link":"https:\/\/www.bojungle.eu\/pt-pt\/produto\/ginasio-de-brincar-com-bolas-dobravel-tropical-discovery\/","title":{"rendered":"Gin\u00e1sio de brincar com bolas dobr\u00e1vel Tropical Discovery"},"content":{"rendered":"<ul>\n<li><span class=\"OYPEnA text-decoration-none text-strikethrough-none\">Design colorido<\/span><\/li>\n<li><span class=\"OYPEnA text-decoration-none text-strikethrough-none\">Livro de embalar com guincho<\/span><\/li>\n<li><span class=\"OYPEnA text-decoration-none text-strikethrough-none\">20 bolas coloridas<\/span><\/li>\n<li><span class=\"OYPEnA text-decoration-none text-strikethrough-none\">Diferentes guizos<\/span><\/li>\n<li><span class=\"OYPEnA text-decoration-none text-strikethrough-none\">Espelho<\/span><\/li>\n<li><span class=\"OYPEnA text-decoration-none text-strikethrough-none\">Almofada de barriga para baixo<\/span><\/li>\n<li><span class=\"OYPEnA text-decoration-none text-strikethrough-none\">Transform\u00e1vel em fosso de bolas<\/span><\/li>\n<li><span class=\"OYPEnA text-decoration-none text-strikethrough-none\">4 posi\u00e7\u00f5es de jogo (barriga, costas, gatinhar e sentar)<\/span><\/li>\n<li><span class=\"OYPEnA text-decoration-none text-strikethrough-none\">Diferentes melodias<\/span><\/li>\n<li><span class=\"OYPEnA text-decoration-none text-strikethrough-none\">Controlo do volume<\/span><\/li>\n<li><span class=\"OYPEnA text-decoration-none text-strikethrough-none\">Arco de jogo luminoso<\/span><\/li>\n<li><span class=\"OYPEnA text-decoration-none text-strikethrough-none\">3x Pilhas AAA (n\u00e3o inclu\u00eddas)<\/span><\/li>\n<\/ul>\n","protected":false},"excerpt":{"rendered":"<div class=\"w-full text-token-text-primary\" data-testid=\"conversation-turn-3\">\n<div class=\"px-4 py-2 justify-center text-base md:gap-6 m-auto\">\n<div class=\"flex flex-1 text-base mx-auto gap-3 md:px-5 lg:px-1 xl:px-5 md:max-w-3xl lg:max-w-[40rem] xl:max-w-[48rem] group final-completion\">\n<div class=\"relative flex w-full flex-col agent-turn\">\n<div class=\"flex-col gap-1 md:gap-3\">\n<div class=\"flex flex-grow flex-col max-w-full\">\n<div class=\"min-h-[20px] text-message flex flex-col items-start gap-3 whitespace-pre-wrap break-words [.text-message+&amp;]:mt-5 overflow-x-auto\" data-message-author-role=\"assistant\" data-message-id=\"82db606c-0594-41f5-8ade-70aa18437775\">\n<div class=\"markdown prose w-full break-words dark:prose-invert light\">\n<p>Descubra o Tropical Discovery Foldable Ball Pit Play Gym, a derradeira zona de aventura para o seu pequeno explorador! Este vibrante tapete de brincar funciona tamb\u00e9m como um delicioso po\u00e7o de bolas, oferecendo infinitas oportunidades de divers\u00e3o e desenvolvimento. Repleto de caracter\u00edsticas envolventes, como um livro com guincho, guizos, espelho e uma almofada confort\u00e1vel para a barriga, incentiva a explora\u00e7\u00e3o e a estimula\u00e7\u00e3o sensorial em quatro posi\u00e7\u00f5es de jogo vers\u00e1teis. Melodias deliciosas e luzes intermitentes cativam a imagina\u00e7\u00e3o do seu filho, enquanto o arco de jogo luminoso acrescenta um toque extra de magia. Com o seu design colorido, a possibilidade de dobrar convenientemente e o controlo do volume para tranquilidade dos pais, este gin\u00e1sio de brincar \u00e9 imprescind\u00edvel para experi\u00eancias de brincadeira alegres.    <\/p>\n<\/div>\n<\/div>\n<\/div>\n<div class=\"mt-1 flex justify-start gap-3 empty:hidden\">\n<div class=\"text-gray-400 flex self-end lg:self-center justify-center lg:justify-start mt-0 -ml-1 visible\">\n<p>&nbsp;<\/p>\n<div class=\"flex\"><\/div>\n<\/div>\n<\/div>\n<\/div>\n<\/div>\n<\/div>\n<\/div>\n<\/div>\n<div class=\"mx-auto\">\n<div data-projection-id=\"43\">\n<div class=\"mx-auto mt-2 inline-flex rounded-xl border border-gray-100 dark:border-gray-700\"><\/div>\n<\/div>\n<\/div>\n","protected":false},"featured_media":66010,"comment_status":"closed","ping_status":"closed","template":"","meta":{"_lmt_disableupdate":"","_lmt_disable":""},"product_brand":[],"product_cat":[477],"product_tag":[1224],"woo-feed-brand":[],"class_list":{"0":"post-47147","1":"product","2":"type-product","3":"status-publish","4":"has-post-thumbnail","6":"product_cat-hora-de-brincar","7":"product_tag-tapete-de-jogos","9":"first","10":"outofstock","11":"featured","12":"taxable","13":"shipping-taxable","14":"purchasable","15":"product-type-simple"},"_links":{"self":[{"href":"https:\/\/www.bojungle.eu\/pt-pt\/wp-json\/wp\/v2\/product\/47147","targetHints":{"allow":["GET"]}}],"collection":[{"href":"https:\/\/www.bojungle.eu\/pt-pt\/wp-json\/wp\/v2\/product"}],"about":[{"href":"https:\/\/www.bojungle.eu\/pt-pt\/wp-json\/wp\/v2\/types\/product"}],"replies":[{"embeddable":true,"href":"https:\/\/www.bojungle.eu\/pt-pt\/wp-json\/wp\/v2\/comments?post=47147"}],"version-history":[{"count":1,"href":"https:\/\/www.bojungle.eu\/pt-pt\/wp-json\/wp\/v2\/product\/47147\/revisions"}],"predecessor-version":[{"id":66069,"href":"https:\/\/www.bojungle.eu\/pt-pt\/wp-json\/wp\/v2\/product\/47147\/revisions\/66069"}],"wp:featuredmedia":[{"embeddable":true,"href":"https:\/\/www.bojungle.eu\/pt-pt\/wp-json\/wp\/v2\/media\/66010"}],"wp:attachment":[{"href":"https:\/\/www.bojungle.eu\/pt-pt\/wp-json\/wp\/v2\/media?parent=47147"}],"wp:term":[{"taxonomy":"product_brand","embeddable":true,"href":"https:\/\/www.bojungle.eu\/pt-pt\/wp-json\/wp\/v2\/product_brand?post=47147"},{"taxonomy":"product_cat","embeddable":true,"href":"https:\/\/www.bojungle.eu\/pt-pt\/wp-json\/wp\/v2\/product_cat?post=47147"},{"taxonomy":"product_tag","embeddable":true,"href":"https:\/\/www.bojungle.eu\/pt-pt\/wp-json\/wp\/v2\/product_tag?post=47147"},{"taxonomy":"woo-feed-brand","embeddable":true,"href":"https:\/\/www.bojungle.eu\/pt-pt\/wp-json\/wp\/v2\/woo-feed-brand?post=47147"}],"curies":[{"name":"wp","href":"https:\/\/api.w.org\/{rel}","templated":true}]}}