{"id":47385,"date":"2023-08-23T10:39:22","date_gmt":"2023-08-23T08:39:22","guid":{"rendered":"https:\/\/www.bojungle.eu\/product\/eddy-o-ourico-que-salta\/"},"modified":"2025-07-25T09:40:27","modified_gmt":"2025-07-25T07:40:27","slug":"eddy-the-popping-hedgehog-pt","status":"publish","type":"product","link":"https:\/\/www.bojungle.eu\/pt-pt\/produto\/eddy-the-popping-hedgehog-pt\/","title":{"rendered":"Eddy, o ouri\u00e7o que salta"},"content":{"rendered":"<ul>\n<li><span class=\"OYPEnA text-decoration-none text-strikethrough-none\">Desenvolve a destreza dos dedos<\/span><\/li>\n<li><span class=\"OYPEnA text-decoration-none text-strikethrough-none\">Estimula o c\u00e9rebro<\/span><\/li>\n<li><span class=\"OYPEnA text-decoration-none text-strikethrough-none\">Promove a curiosidade e o desejo de explorar<\/span><\/li>\n<li><span class=\"OYPEnA text-decoration-none text-strikethrough-none\">Faz saltar os bot\u00f5es de silicone<\/span><\/li>\n<li><span class=\"OYPEnA text-decoration-none text-strikethrough-none\">Extremamente giro<\/span><\/li>\n<\/ul>\n","protected":false},"excerpt":{"rendered":"<p><span class=\"OYPEnA text-decoration-none text-strikethrough-none\">Que comece a festa com este ador\u00e1vel ouri\u00e7o. Os seus espinhos coloridos s\u00e3o na realidade bot\u00f5es de silicone macios com diferentes texturas. Quando premidos, fazem um som de estalo muito giro. Perfeito para estimular os sentidos dos mais pequenos!   <\/span><\/p>\n","protected":false},"featured_media":75076,"comment_status":"closed","ping_status":"closed","template":"","meta":{"_lmt_disableupdate":"","_lmt_disable":""},"product_brand":[],"product_cat":[497,617,477],"product_tag":[],"woo-feed-brand":[],"class_list":{"0":"post-47385","1":"product","2":"type-product","3":"status-publish","4":"has-post-thumbnail","6":"product_cat-brinquedos-coloridos","7":"product_cat-brinquedos-de-actividade","8":"product_cat-hora-de-brincar","10":"first","11":"instock","12":"taxable","13":"shipping-taxable","14":"purchasable","15":"product-type-simple"},"_links":{"self":[{"href":"https:\/\/www.bojungle.eu\/pt-pt\/wp-json\/wp\/v2\/product\/47385","targetHints":{"allow":["GET"]}}],"collection":[{"href":"https:\/\/www.bojungle.eu\/pt-pt\/wp-json\/wp\/v2\/product"}],"about":[{"href":"https:\/\/www.bojungle.eu\/pt-pt\/wp-json\/wp\/v2\/types\/product"}],"replies":[{"embeddable":true,"href":"https:\/\/www.bojungle.eu\/pt-pt\/wp-json\/wp\/v2\/comments?post=47385"}],"version-history":[{"count":0,"href":"https:\/\/www.bojungle.eu\/pt-pt\/wp-json\/wp\/v2\/product\/47385\/revisions"}],"wp:featuredmedia":[{"embeddable":true,"href":"https:\/\/www.bojungle.eu\/pt-pt\/wp-json\/wp\/v2\/media\/75076"}],"wp:attachment":[{"href":"https:\/\/www.bojungle.eu\/pt-pt\/wp-json\/wp\/v2\/media?parent=47385"}],"wp:term":[{"taxonomy":"product_brand","embeddable":true,"href":"https:\/\/www.bojungle.eu\/pt-pt\/wp-json\/wp\/v2\/product_brand?post=47385"},{"taxonomy":"product_cat","embeddable":true,"href":"https:\/\/www.bojungle.eu\/pt-pt\/wp-json\/wp\/v2\/product_cat?post=47385"},{"taxonomy":"product_tag","embeddable":true,"href":"https:\/\/www.bojungle.eu\/pt-pt\/wp-json\/wp\/v2\/product_tag?post=47385"},{"taxonomy":"woo-feed-brand","embeddable":true,"href":"https:\/\/www.bojungle.eu\/pt-pt\/wp-json\/wp\/v2\/woo-feed-brand?post=47385"}],"curies":[{"name":"wp","href":"https:\/\/api.w.org\/{rel}","templated":true}]}}