{"id":47498,"date":"2023-08-28T14:37:49","date_gmt":"2023-08-28T12:37:49","guid":{"rendered":"https:\/\/www.bojungle.eu\/product\/toby-o-barco-a-jato-de-agua-com-bicos\/"},"modified":"2025-07-25T09:40:27","modified_gmt":"2025-07-25T07:40:27","slug":"toby-o-barco-a-jato-de-agua-com-bicos","status":"publish","type":"product","link":"https:\/\/www.bojungle.eu\/pt-pt\/produto\/toby-o-barco-a-jato-de-agua-com-bicos\/","title":{"rendered":"Toby, o barco a jato de \u00e1gua com bicos"},"content":{"rendered":"<ul>\n<li><span class=\"OYPEnA text-decoration-none text-strikethrough-none\">Fun\u00e7\u00e3o criativa de pulveriza\u00e7\u00e3o de \u00e1gua com rota\u00e7\u00e3o de 360<\/span><\/li>\n<li><span class=\"OYPEnA text-decoration-none text-strikethrough-none\">Navega automaticamente assim que atinge a \u00e1gua<\/span><\/li>\n<li><span class=\"OYPEnA text-decoration-none text-strikethrough-none\">Divers\u00e3o aqu\u00e1tica em todo o lado<\/span><\/li>\n<li><span class=\"OYPEnA text-decoration-none text-strikethrough-none\">Estimula as capacidades cognitivas<\/span><\/li>\n<li><span class=\"OYPEnA text-decoration-none text-strikethrough-none\">Estimula as capacidades motoras<\/span><\/li>\n<li><span class=\"OYPEnA text-decoration-none text-strikethrough-none\">Design \u00e0 prova de \u00e1gua<\/span><\/li>\n<li><span class=\"OYPEnA text-decoration-none text-strikethrough-none\">3x Pilhas AA (n\u00e3o inclu\u00eddas)<\/span><\/li>\n<li>As cores podem variar<\/li>\n<\/ul>\n<p>&nbsp;<\/p>\n","protected":false},"excerpt":{"rendered":"<p><span class=\"OYPEnA text-decoration-none text-strikethrough-none\">Toby, o barco a jato de \u00e1gua, est\u00e1 pronto para partir em miss\u00e3o! Coloca-o na \u00e1gua e a divers\u00e3o come\u00e7a imediatamente. Aponta-se o seu jato para tudo e todos e ele levanta voo a toda a velocidade.  <\/span><\/p>\n","protected":false},"featured_media":74372,"comment_status":"closed","ping_status":"closed","template":"","meta":{"_lmt_disableupdate":"","_lmt_disable":""},"product_brand":[],"product_cat":[517,477],"product_tag":[],"woo-feed-brand":[],"class_list":{"0":"post-47498","1":"product","2":"type-product","3":"status-publish","4":"has-post-thumbnail","6":"product_cat-brinquedos-de-banho","7":"product_cat-hora-de-brincar","9":"first","10":"instock","11":"taxable","12":"shipping-taxable","13":"purchasable","14":"product-type-simple"},"_links":{"self":[{"href":"https:\/\/www.bojungle.eu\/pt-pt\/wp-json\/wp\/v2\/product\/47498","targetHints":{"allow":["GET"]}}],"collection":[{"href":"https:\/\/www.bojungle.eu\/pt-pt\/wp-json\/wp\/v2\/product"}],"about":[{"href":"https:\/\/www.bojungle.eu\/pt-pt\/wp-json\/wp\/v2\/types\/product"}],"replies":[{"embeddable":true,"href":"https:\/\/www.bojungle.eu\/pt-pt\/wp-json\/wp\/v2\/comments?post=47498"}],"version-history":[{"count":0,"href":"https:\/\/www.bojungle.eu\/pt-pt\/wp-json\/wp\/v2\/product\/47498\/revisions"}],"wp:featuredmedia":[{"embeddable":true,"href":"https:\/\/www.bojungle.eu\/pt-pt\/wp-json\/wp\/v2\/media\/74372"}],"wp:attachment":[{"href":"https:\/\/www.bojungle.eu\/pt-pt\/wp-json\/wp\/v2\/media?parent=47498"}],"wp:term":[{"taxonomy":"product_brand","embeddable":true,"href":"https:\/\/www.bojungle.eu\/pt-pt\/wp-json\/wp\/v2\/product_brand?post=47498"},{"taxonomy":"product_cat","embeddable":true,"href":"https:\/\/www.bojungle.eu\/pt-pt\/wp-json\/wp\/v2\/product_cat?post=47498"},{"taxonomy":"product_tag","embeddable":true,"href":"https:\/\/www.bojungle.eu\/pt-pt\/wp-json\/wp\/v2\/product_tag?post=47498"},{"taxonomy":"woo-feed-brand","embeddable":true,"href":"https:\/\/www.bojungle.eu\/pt-pt\/wp-json\/wp\/v2\/woo-feed-brand?post=47498"}],"curies":[{"name":"wp","href":"https:\/\/api.w.org\/{rel}","templated":true}]}}