{"id":47589,"date":"2023-08-29T10:45:20","date_gmt":"2023-08-29T08:45:20","guid":{"rendered":"https:\/\/www.bojungle.eu\/?post_type=product&#038;p=47589"},"modified":"2025-06-05T14:28:38","modified_gmt":"2025-06-05T12:28:38","slug":"aquecedor-de-biberoes-superfast-digital-car-and-home-cinzento-escuro","status":"publish","type":"product","link":"https:\/\/www.bojungle.eu\/pt-pt\/produto\/aquecedor-de-biberoes-superfast-digital-car-and-home-cinzento-escuro\/","title":{"rendered":"Aquecedor de biber\u00f5es Superfast Digital Car and Home (cinzento escuro)"},"content":{"rendered":"<ul>\n<li>O maior e mais r\u00e1pido aquecedor de biber\u00f5es do mercado<\/li>\n<li>Inclui um adaptador para permitir o carregamento no carro<\/li>\n<li>\u00b1 1 min 30 para aquecer um biber\u00e3o de 240 ml<\/li>\n<li>\u00b1 2 min para aquecer um frasco de comida para beb\u00e9<\/li>\n<li>Di\u00e2metro interior de 8,5 cm<\/li>\n<li>Tempo de aquecimento configur\u00e1vel com um intervalo de 10 segundos<\/li>\n<li>Indica o tempo restante de aquecimento<\/li>\n<li>Anel adaptador para pequenos frascos<\/li>\n<li>P\u00e1ra automaticamente, alerta visual e sonoro<\/li>\n<li>Copo de medi\u00e7\u00e3o de \u00e1gua<\/li>\n<li>220V &#8211; 500 Watt<\/li>\n<\/ul>\n<table border=\"1\">\n<tbody>\n<tr>\n<td>Manual<\/td>\n<td><a href=\"https:\/\/www.bojungle.eu\/wp-content\/uploads\/2025\/06\/B510220-B-Bottle-Warmer-CarHome-Shady-Grey.pdf\">Clique aqui<\/a><\/td>\n<\/tr>\n<\/tbody>\n<\/table>\n<p>&nbsp;<\/p>\n","protected":false},"excerpt":{"rendered":"<p class=\"cvGsUA direction-ltr align-start para-style-body\"><span class=\"OYPEnA text-decoration-none text-strikethrough-none\">Em viagem ou em casa, este aquecedor de biber\u00f5es \u00e9 \u00fatil em todo o lado! \u00c9 a forma mais saud\u00e1vel de aquecer os biber\u00f5es do seu filho num instante. Com o dispensador inclu\u00eddo, pode facilmente adicionar \u00e1gua ao aquecedor de biber\u00f5es. Em seguida, coloque o biber\u00e3o no cesto que o acompanha e, se necess\u00e1rio, feche-o com o anel de ajuste. Desta forma, o vapor quente mant\u00e9m-se \u00e0 volta do biber\u00e3o e o tempo de aquecimento \u00e9 acelerado. De seguida, escolha o tempo desejado, que pode variar entre 1 e 12 minutos. Quando o tempo acabar ou a \u00e1gua se esgotar, ouvir\u00e1 um alarme. N\u00e3o se esque\u00e7a de agitar bem a garrafa para que o calor se espalhe.     <\/span><\/p>\n<p class=\"cvGsUA direction-ltr align-start para-style-body\"><span class=\"OYPEnA text-decoration-none text-strikethrough-none\">CUIDADO: Uma quantidade excessiva de \u00e1gua no dep\u00f3sito e\/ou na garrafa pode abrandar o processo de aquecimento.<\/span><\/p>\n","protected":false},"featured_media":72594,"comment_status":"closed","ping_status":"closed","template":"","meta":{"_lmt_disableupdate":"","_lmt_disable":""},"product_brand":[],"product_cat":[451,457],"product_tag":[],"woo-feed-brand":[],"class_list":{"0":"post-47589","1":"product","2":"type-product","3":"status-publish","4":"has-post-thumbnail","6":"product_cat-comida-e-bebida","7":"product_cat-preparativos-de-refeicoes","9":"first","10":"instock","11":"featured","12":"taxable","13":"shipping-taxable","14":"purchasable","15":"product-type-simple"},"_links":{"self":[{"href":"https:\/\/www.bojungle.eu\/pt-pt\/wp-json\/wp\/v2\/product\/47589","targetHints":{"allow":["GET"]}}],"collection":[{"href":"https:\/\/www.bojungle.eu\/pt-pt\/wp-json\/wp\/v2\/product"}],"about":[{"href":"https:\/\/www.bojungle.eu\/pt-pt\/wp-json\/wp\/v2\/types\/product"}],"replies":[{"embeddable":true,"href":"https:\/\/www.bojungle.eu\/pt-pt\/wp-json\/wp\/v2\/comments?post=47589"}],"version-history":[{"count":2,"href":"https:\/\/www.bojungle.eu\/pt-pt\/wp-json\/wp\/v2\/product\/47589\/revisions"}],"predecessor-version":[{"id":80102,"href":"https:\/\/www.bojungle.eu\/pt-pt\/wp-json\/wp\/v2\/product\/47589\/revisions\/80102"}],"wp:featuredmedia":[{"embeddable":true,"href":"https:\/\/www.bojungle.eu\/pt-pt\/wp-json\/wp\/v2\/media\/72594"}],"wp:attachment":[{"href":"https:\/\/www.bojungle.eu\/pt-pt\/wp-json\/wp\/v2\/media?parent=47589"}],"wp:term":[{"taxonomy":"product_brand","embeddable":true,"href":"https:\/\/www.bojungle.eu\/pt-pt\/wp-json\/wp\/v2\/product_brand?post=47589"},{"taxonomy":"product_cat","embeddable":true,"href":"https:\/\/www.bojungle.eu\/pt-pt\/wp-json\/wp\/v2\/product_cat?post=47589"},{"taxonomy":"product_tag","embeddable":true,"href":"https:\/\/www.bojungle.eu\/pt-pt\/wp-json\/wp\/v2\/product_tag?post=47589"},{"taxonomy":"woo-feed-brand","embeddable":true,"href":"https:\/\/www.bojungle.eu\/pt-pt\/wp-json\/wp\/v2\/woo-feed-brand?post=47589"}],"curies":[{"name":"wp","href":"https:\/\/api.w.org\/{rel}","templated":true}]}}