{"id":47752,"date":"2023-09-06T11:50:04","date_gmt":"2023-09-06T09:50:04","guid":{"rendered":"https:\/\/www.bojungle.eu\/?post_type=product&#038;p=47752"},"modified":"2025-06-25T13:56:28","modified_gmt":"2025-06-25T11:56:28","slug":"ginasio-de-brincar-com-bolas-goldy","status":"publish","type":"product","link":"https:\/\/www.bojungle.eu\/pt-pt\/produto\/ginasio-de-brincar-com-bolas-goldy\/","title":{"rendered":"Gin\u00e1sio de brincar com bolas Goldy"},"content":{"rendered":"<div id=\"description\" class=\"tab-pane fade in active\" role=\"tabpanel\">\n<div class=\"product-description\">\n<div class=\"elementor-element elementor-element-3a6de32 e-flex e-con-boxed e-con e-parent jet-parallax-section\" data-id=\"3a6de32\" data-element_type=\"container\" data-settings=\"{\"jet_parallax_layout_list\":[{\"jet_parallax_layout_image\":{\"url\":\"\",\"id\":\"\",\"size\":\"\"},\"_id\":\"097c7b3\",\"jet_parallax_layout_speed\":{\"unit\":\"%\",\"size\":50,\"sizes\":[]},\"jet_parallax_layout_image_tablet\":{\"url\":\"\",\"id\":\"\",\"size\":\"\"},\"jet_parallax_layout_image_mobile\":{\"url\":\"\",\"id\":\"\",\"size\":\"\"},\"jet_parallax_layout_type\":\"scroll\",\"jet_parallax_layout_direction\":null,\"jet_parallax_layout_fx_direction\":null,\"jet_parallax_layout_z_index\":\"\",\"jet_parallax_layout_bg_x\":50,\"jet_parallax_layout_bg_x_tablet\":\"\",\"jet_parallax_layout_bg_x_mobile\":\"\",\"jet_parallax_layout_bg_y\":50,\"jet_parallax_layout_bg_y_tablet\":\"\",\"jet_parallax_layout_bg_y_mobile\":\"\",\"jet_parallax_layout_bg_size\":\"auto\",\"jet_parallax_layout_bg_size_tablet\":\"\",\"jet_parallax_layout_bg_size_mobile\":\"\",\"jet_parallax_layout_animation_prop\":\"transform\",\"jet_parallax_layout_on\":[\"desktop\",\"tablet\"]}],\"content_width\":\"boxed\"}\" data-core-v316-plus=\"true\">\n<div class=\"e-con-inner\">\n<div class=\"elementor-element elementor-element-17a01e4 e-con-full e-flex e-con e-child\" data-id=\"17a01e4\" data-element_type=\"container\" data-settings=\"{\"content_width\":\"full\",\"jet_parallax_layout_list\":[]}\">\n<div class=\"elementor-element elementor-element-9a7b6bc elementor-widget elementor-widget-jet-single-content\" data-id=\"9a7b6bc\" data-element_type=\"widget\" data-widget_type=\"jet-single-content.default\">\n<div class=\"elementor-widget-container\">\n<div class=\"elementor-jet-single-content jet-woo-builder\">\n<div class=\"jet-single-content\">\n<div class=\"product\">\n<div id=\"description\" class=\"tab-pane fade in active\" role=\"tabpanel\">\n<div class=\"product-description\">\n<div class=\"flex-1 overflow-hidden\">\n<div class=\"react-scroll-to-bottom--css-fuibk-79elbk h-full\">\n<div class=\"react-scroll-to-bottom--css-fuibk-1n7m0yu\">\n<div class=\"flex flex-col pb-9 text-sm\">\n<div class=\"w-full text-token-text-primary\" data-testid=\"conversation-turn-5\">\n<div class=\"px-4 py-2 justify-center text-base md:gap-6 m-auto\">\n<div class=\"flex flex-1 text-base mx-auto gap-3 md:px-5 lg:px-1 xl:px-5 md:max-w-3xl lg:max-w-[40rem] xl:max-w-[48rem] group final-completion\">\n<div class=\"relative flex w-full flex-col lg:w-[calc(100%-115px)] agent-turn\">\n<div class=\"flex-col gap-1 md:gap-3\">\n<div class=\"flex flex-grow flex-col max-w-full\">\n<div class=\"min-h-[20px] text-message flex flex-col items-start gap-3 whitespace-pre-wrap break-words [.text-message+&amp;]:mt-5 overflow-x-auto\" data-message-author-role=\"assistant\" data-message-id=\"56127af4-1f04-405d-b559-028a9786080b\">\n<div class=\"markdown prose w-full break-words dark:prose-invert light\">\n<p>O nosso ball pit play gym goldy \u00e9 a mistura perfeita de entretenimento e est\u00e9tica, integrando-se perfeitamente em qualquer interior e garantindo horas de divers\u00e3o sem fim! Feito meticulosamente com espuma, possui uma capa de velboa macia lav\u00e1vel e amov\u00edvel para maior durabilidade e conforto. Com suas bordas arredondadas e bolas n\u00e3o t\u00f3xicas, certificadas pela CE, a seguran\u00e7a \u00e9 garantida. Mais do que um brinquedo, este po\u00e7o de bola estimula o desenvolvimento f\u00edsico e manual do seu pequeno. Acompanhado por 120 bolas vibrantes, \u00e9 uma adi\u00e7\u00e3o vers\u00e1til e envolvente ao repert\u00f3rio l\u00fadico do seu filho.  <\/p>\n<div class=\"group\/conversation-turn relative flex w-full min-w-0 flex-col agent-turn\">\n<div class=\"flex-col gap-1 md:gap-3\">\n<div class=\"flex max-w-full flex-col flex-grow\">\n<div class=\"min-h-[20px] text-message flex w-full flex-col items-end gap-2 break-words [.text-message+&amp;]:mt-5 overflow-x-auto whitespace-pre-wrap\" dir=\"auto\" data-message-author-role=\"assistant\" data-message-id=\"fedb9589-ff2d-4632-9e0d-009a6d3232ab\">\n<div class=\"flex w-full flex-col gap-1 empty:hidden first:pt-[3px]\">\n<div class=\"markdown prose w-full break-words dark:prose-invert light\">\n<table border=\"1\">\n<tbody>\n<tr>\n<td>Manual<\/td>\n<td><a href=\"https:\/\/www.bojungle.eu\/wp-content\/uploads\/2025\/06\/B910620-B910630-Handleiding.pdf\">Clique aqui<\/a><\/td>\n<\/tr>\n<\/tbody>\n<\/table>\n<\/div>\n<\/div>\n<\/div>\n<\/div>\n<\/div>\n<\/div>\n<p class=\"cvGsUA direction-ltr align-start para-style-body\">\n<\/div>\n<\/div>\n<\/div>\n<\/div>\n<\/div>\n<\/div>\n<\/div>\n<\/div>\n<\/div>\n<\/div>\n<\/div>\n<\/div>\n<\/div>\n<\/div>\n<\/div>\n<\/div>\n<\/div>\n<\/div>\n<\/div>\n<\/div>\n<\/div>\n<\/div>\n<\/div>\n<\/div>\n","protected":false},"excerpt":{"rendered":"<div id=\"description\" class=\"tab-pane fade in active\" role=\"tabpanel\">\n<div class=\"product-description\">\n<div class=\"elementor-element elementor-element-80cf67d elementor-widget elementor-widget-jet-single-excerpt\" data-id=\"80cf67d\" data-element_type=\"widget\" data-widget_type=\"jet-single-excerpt.default\">\n<div class=\"elementor-widget-container\">\n<div class=\"elementor-jet-single-excerpt jet-woo-builder\">\n<div class=\"woocommerce-product-details__short-description\">\n<div id=\"description\" class=\"tab-pane fade in active\" role=\"tabpanel\">\n<div class=\"product-description\">\n<p>A piscina dourada do gin\u00e1sio de jogos com fosso de bolas adapta-se a qualquer interior e garante horas de divers\u00e3o! A banheira \u00e9 feita de espuma e coberta com uma cobertura de velboa macia lav\u00e1vel e remov\u00edvel.<\/p>\n<\/div>\n<\/div>\n<\/div>\n<\/div>\n<\/div>\n<\/div>\n<div class=\"elementor-element elementor-element-c5d7d93 elementor-widget elementor-widget-spacer\" data-id=\"c5d7d93\" data-element_type=\"widget\" data-widget_type=\"spacer.default\">\n<div class=\"elementor-widget-container\">\n<div class=\"elementor-spacer\"><\/div>\n<\/div>\n<\/div>\n<p>&nbsp;<\/p>\n<\/div>\n<\/div>\n<div id=\"product-details\" class=\"tab-pane fade\" style=\"box-sizing: inherit; opacity: 1; transition: opacity 0.15s linear 0s; display: block; margin-bottom: 20px; color: #000000; font-family: Roboto, Arial, Helvetica, sans-serif; font-size: 13px; font-style: normal; font-variant-ligatures: normal; font-variant-caps: normal; font-weight: 400; letter-spacing: normal; orphans: 2; text-align: start; text-indent: 0px; text-transform: none; white-space: normal; widows: 2; word-spacing: 0px; -webkit-text-stroke-width: 0px; background-color: #ffffff; text-decoration-thickness: initial; text-decoration-style: initial; text-decoration-color: initial;\" role=\"tabpanel\" data-product=\"{\" id_shop_default=\"\" our=\"\" b-ball=\"\" pit=\"\" play=\"\" gym=\"\" grey=\"\" from=\"\" the=\"\" product=\"\" range:=\"\" playing=\"\" bo=\"\" jungle=\"\"><\/div>\n<p>p&gt;This beautiful ball pool fits into any interior and ensures hours of fun! The bathtub is made of foam and covered with a washable and removable soft velboa cover. The ball pool contains neither corners nor edges and the balls themselves are non-toxic and CE Certified. The ball pool promotes the physical and manual development of your little one. Contains 120 balls&lt;\/p&gt;rn&lt;p&gt;&lt;\/p&gt;&#8221;,&#8221;description_short&#8221;:&#8221;&lt;p&gt;B-Ball Pit Play Gym Grey&lt;\/p&gt;&#8221;,&#8221;available_now&#8221;:&#8221;&#8221;,&#8221;available_later&#8221;:&#8221;&#8221;,&#8221;id&#8221;:554,&#8221;id_product&#8221;:554,&#8221;out_of_stock&#8221;:0,&#8221;new&#8221;:0,&#8221;id_product_attribute&#8221;:&#8221;0&#8243;,&#8221;quantity_wanted&#8221;:1,&#8221;extraContent&#8221;:[],&#8221;allow_oosp&#8221;:true,&#8221;category&#8221;:&#8221;playing&#8221;,&#8221;category_name&#8221;:&#8221;Playing&#8221;,&#8221;link&#8221;:&#8221;https:\/\/bojungle.eu\/gb\/playing\/554-b-ball-pit-play-gym-grey-1703739106201.html&#8221;,&#8221;attribute_price&#8221;:0,&#8221;price_tax_exc&#8221;:57.842975,&#8221;price_without_reduction&#8221;:57.842975,&#8221;reduction&#8221;:0,&#8221;specific_prices&#8221;:[],&#8221;quantity&#8221;:835,&#8221;quantity_all_versions&#8221;:835,&#8221;id_image&#8221;:&#8221;gb-default&#8221;,&#8221;features&#8221;:[],&#8221;attachments&#8221;:[],&#8221;virtual&#8221;:0,&#8221;pack&#8221;:0,&#8221;packItems&#8221;:[],&#8221;nopackprice&#8221;:0,&#8221;customization_required&#8221;:false,&#8221;rate&#8221;:0,&#8221;tax_name&#8221;:&#8221;&#8221;,&#8221;ecotax_rate&#8221;:0,&#8221;unit_price&#8221;:&#8221;&#8221;,&#8221;customizations&#8221;:{&#8220;fields&#8221;:[]},&#8221;id_customization&#8221;:0,&#8221;is_customizable&#8221;:false,&#8221;show_quantities&#8221;:false,&#8221;quantity_label&#8221;:&#8221;Items&#8221;,&#8221;quantity_discounts&#8221;:[],&#8221;customer_group_discount&#8221;:0,&#8221;images&#8221;:[{&#8220;bySize&#8221;:{&#8220;small_default&#8221;:{&#8220;url&#8221;:&#8221;https:\/\/bojungle.eu\/2285-small_default\/b-ball-pit-play-gym-grey.jpg&#8221;,&#8221;width&#8221;:98,&#8221;height&#8221;:98},&#8221;cart_default&#8221;:{&#8220;url&#8221;:&#8221;https:\/\/bojungle.eu\/2285-cart_default\/b-ball-pit-play-gym-grey.jpg&#8221;,&#8221;width&#8221;:125,&#8221;height&#8221;:125},&#8221;home_default&#8221;:{&#8220;url&#8221;:&#8221;https:\/\/bojungle.eu\/2285-home_default\/b-ball-pit-play-gym-grey.jpg&#8221;,&#8221;width&#8221;:259,&#8221;height&#8221;:259},&#8221;medium_default&#8221;:{&#8220;url&#8221;:&#8221;https:\/\/bojungle.eu\/2285-medium_default\/b-ball-pit-play-gym-grey.jpg&#8221;,&#8221;width&#8221;:452,&#8221;height&#8221;:452},&#8221;large_default&#8221;:{&#8220;url&#8221;:&#8221;https:\/\/bojungle.eu\/2285-large_default\/b-ball-pit-play-gym-grey.jpg&#8221;,&#8221;width&#8221;:800,&#8221;height&#8221;:800}},&#8221;small&#8221;:{&#8220;url&#8221;:&#8221;https:\/\/bojungle.eu\/2285-small_default\/b-ball-pit-play-gym-grey.jpg&#8221;,&#8221;width&#8221;:98,&#8221;height&#8221;:98},&#8221;medium&#8221;:{&#8220;url&#8221;:&#8221;https:\/\/bojungle.eu\/2285-home_default\/b-ball-pit-play-gym-grey.jpg&#8221;,&#8221;width&#8221;:259,&#8221;height&#8221;:259},&#8221;large&#8221;:{&#8220;url&#8221;:&#8221;https:\/\/bojungle.eu\/2285-large_default\/b-ball-pit-play-gym-grey.jpg&#8221;,&#8221;width&#8221;:800,&#8221;height&#8221;:800},&#8221;legend&#8221;:&#8221;&#8221;,&#8221;id_image&#8221;:&#8221;2285&#8243;,&#8221;cover&#8221;:&#8221;1&#8243;,&#8221;position&#8221;:&#8221;1&#8243;,&#8221;associatedVariants&#8221;:[]},{&#8220;bySize&#8221;:{&#8220;small_default&#8221;:{&#8220;url&#8221;:&#8221;https:\/\/bojungle.eu\/2280-small_default\/b-ball-pit-play-gym-grey.jpg&#8221;,&#8221;width&#8221;:98,&#8221;height&#8221;:98},&#8221;cart_default&#8221;:{&#8220;url&#8221;:&#8221;https:\/\/bojungle.eu\/2280-cart_default\/b-ball-pit-play-gym-grey.jpg&#8221;,&#8221;width&#8221;:125,&#8221;height&#8221;:125},&#8221;home_default&#8221;:{&#8220;url&#8221;:&#8221;https:\/\/bojungle.eu\/2280-home_default\/b-ball-pit-play-gym-grey.jpg&#8221;,&#8221;width&#8221;:259,&#8221;height&#8221;:259},&#8221;medium_default&#8221;:{&#8220;url&#8221;:&#8221;https:\/\/bojungle.eu\/2280-medium_default\/b-ball-pit-play-gym-grey.jpg&#8221;,&#8221;width&#8221;:452,&#8221;height&#8221;:452},&#8221;large_default&#8221;:{&#8220;url&#8221;:&#8221;https:\/\/bojungle.eu\/2280-large_default\/b-ball-pit-play-gym-grey.jpg&#8221;,&#8221;width&#8221;:800,&#8221;height&#8221;:800}},&#8221;small&#8221;:{&#8220;url&#8221;:&#8221;https:\/\/bojungle.eu\/2280-small_default\/b-ball-pit-play-gym-grey.jpg&#8221;,&#8221;width&#8221;:98,&#8221;height&#8221;:98},&#8221;medium&#8221;:{&#8220;url&#8221;:&#8221;https:\/\/bojungle.eu\/2280-home_default\/b-ball-pit-play-gym-grey.jpg&#8221;,&#8221;width&#8221;:259,&#8221;height&#8221;:259},&#8221;large&#8221;:{&#8220;url&#8221;:&#8221;https:\/\/bojungle.eu\/2280-large_default\/b-ball-pit-play-gym-grey.jpg&#8221;,&#8221;width&#8221;:800,&#8221;height&#8221;:800},&#8221;legend&#8221;:&#8221;&#8221;,&#8221;id_image&#8221;:&#8221;2280&#8243;,&#8221;cover&#8221;:null,&#8221;position&#8221;:&#8221;2&#8243;,&#8221;associatedVariants&#8221;:[]},{&#8220;bySize&#8221;:{&#8220;small_default&#8221;:{&#8220;url&#8221;:&#8221;https:\/\/bojungle.eu\/2281-small_default\/b-ball-pit-play-gym-grey.jpg&#8221;,&#8221;width&#8221;:98,&#8221;height&#8221;:98},&#8221;cart_default&#8221;:{&#8220;url&#8221;:&#8221;https:\/\/bojungle.eu\/2281-cart_default\/b-ball-pit-play-gym-grey.jpg&#8221;,&#8221;width&#8221;:125,&#8221;height&#8221;:125},&#8221;home_default&#8221;:{&#8220;url&#8221;:&#8221;https:\/\/bojungle.eu\/2281-home_default\/b-ball-pit-play-gym-grey.jpg&#8221;,&#8221;width&#8221;:259,&#8221;height&#8221;:259},&#8221;medium_default&#8221;:{&#8220;url&#8221;:&#8221;https:\/\/bojungle.eu\/2281-medium_default\/b-ball-pit-play-gym-grey.jpg&#8221;,&#8221;width&#8221;:452,&#8221;height&#8221;:452},&#8221;large_default&#8221;:{&#8220;url&#8221;:&#8221;https:\/\/bojungle.eu\/2281-large_default\/b-ball-pit-play-gym-grey.jpg&#8221;,&#8221;width&#8221;:800,&#8221;height&#8221;:800}},&#8221;small&#8221;:{&#8220;url&#8221;:&#8221;https:\/\/bojungle.eu\/2281-small_default\/b-ball-pit-play-gym-grey.jpg&#8221;,&#8221;width&#8221;:98,&#8221;height&#8221;:98},&#8221;medium&#8221;:{&#8220;url&#8221;:&#8221;https:\/\/bojungle.eu\/2281-home_default\/b-ball-pit-play-gym-grey.jpg&#8221;,&#8221;width&#8221;:259,&#8221;height&#8221;:259},&#8221;large&#8221;:{&#8220;url&#8221;:&#8221;https:\/\/bojungle.eu\/2281-large_default\/b-ball-pit-play-gym-grey.jpg&#8221;,&#8221;width&#8221;:800,&#8221;height&#8221;:800},&#8221;legend&#8221;:&#8221;&#8221;,&#8221;id_image&#8221;:&#8221;2281&#8243;,&#8221;cover&#8221;:null,&#8221;position&#8221;:&#8221;3&#8243;,&#8221;associatedVariants&#8221;:[]},{&#8220;bySize&#8221;:{&#8220;small_default&#8221;:{&#8220;url&#8221;:&#8221;https:\/\/bojungle.eu\/2282-small_default\/b-ball-pit-play-gym-grey.jpg&#8221;,&#8221;width&#8221;:98,&#8221;height&#8221;:98},&#8221;cart_default&#8221;:{&#8220;url&#8221;:&#8221;https:\/\/bojungle.eu\/2282-cart_default\/b-ball-pit-play-gym-grey.jpg&#8221;,&#8221;width&#8221;:125,&#8221;height&#8221;:125},&#8221;home_default&#8221;:{&#8220;url&#8221;:&#8221;https:\/\/bojungle.eu\/2282-home_default\/b-ball-pit-play-gym-grey.jpg&#8221;,&#8221;width&#8221;:259,&#8221;height&#8221;:259},&#8221;medium_default&#8221;:{&#8220;url&#8221;:&#8221;https:\/\/bojungle.eu\/2282-medium_default\/b-ball-pit-play-gym-grey.jpg&#8221;,&#8221;width&#8221;:452,&#8221;height&#8221;:452},&#8221;large_default&#8221;:{&#8220;url&#8221;:&#8221;https:\/\/bojungle.eu\/2282-large_default\/b-ball-pit-play-gym-grey.jpg&#8221;,&#8221;width&#8221;:800,&#8221;height&#8221;:800}},&#8221;small&#8221;:{&#8220;url&#8221;:&#8221;https:\/\/bojungle.eu\/2282-small_default\/b-ball-pit-play-gym-grey.jpg&#8221;,&#8221;width&#8221;:98,&#8221;height&#8221;:98},&#8221;medium&#8221;:{&#8220;url&#8221;:&#8221;https:\/\/bojungle.eu\/2282-home_default\/b-ball-pit-play-gym-grey.jpg&#8221;,&#8221;width&#8221;:259,&#8221;height&#8221;:259},&#8221;large&#8221;:{&#8220;url&#8221;:&#8221;https:\/\/bojungle.eu\/2282-large_default\/b-ball-pit-play-gym-grey.jpg&#8221;,&#8221;width&#8221;:800,&#8221;height&#8221;:800},&#8221;legend&#8221;:&#8221;&#8221;,&#8221;id_image&#8221;:&#8221;2282&#8243;,&#8221;cover&#8221;:null,&#8221;position&#8221;:&#8221;4&#8243;,&#8221;associatedVariants&#8221;:[]},{&#8220;bySize&#8221;:{&#8220;small_default&#8221;:{&#8220;url&#8221;:&#8221;https:\/\/bojungle.eu\/2283-small_default\/b-ball-pit-play-gym-grey.jpg&#8221;,&#8221;width&#8221;:98,&#8221;height&#8221;:98},&#8221;cart_default&#8221;:{&#8220;url&#8221;:&#8221;https:\/\/bojungle.eu\/2283-cart_default\/b-ball-pit-play-gym-grey.jpg&#8221;,&#8221;width&#8221;:125,&#8221;height&#8221;:125},&#8221;home_default&#8221;:{&#8220;url&#8221;:&#8221;https:\/\/bojungle.eu\/2283-home_default\/b-ball-pit-play-gym-grey.jpg&#8221;,&#8221;width&#8221;:259,&#8221;height&#8221;:259},&#8221;medium_default&#8221;:{&#8220;url&#8221;:&#8221;https:\/\/bojungle.eu\/2283-medium_default\/b-ball-pit-play-gym-grey.jpg&#8221;,&#8221;width&#8221;:452,&#8221;height&#8221;:452},&#8221;large_default&#8221;:{&#8220;url&#8221;:&#8221;https:\/\/bojungle.eu\/2283-large_default\/b-ball-pit-play-gym-grey.jpg&#8221;,&#8221;width&#8221;:800,&#8221;height&#8221;:800}},&#8221;small&#8221;:{&#8220;url&#8221;:&#8221;https:\/\/bojungle.eu\/2283-small_default\/b-ball-pit-play-gym-grey.jpg&#8221;,&#8221;width&#8221;:98,&#8221;height&#8221;:98},&#8221;medium&#8221;:{&#8220;url&#8221;:&#8221;https:\/\/bojungle.eu\/2283-home_default\/b-ball-pit-play-gym-grey.jpg&#8221;,&#8221;width&#8221;:259,&#8221;height&#8221;:259},&#8221;large&#8221;:{&#8220;url&#8221;:&#8221;https:\/\/bojungle.eu\/2283-large_default\/b-ball-pit-play-gym-grey.jpg&#8221;,&#8221;width&#8221;:800,&#8221;height&#8221;:800},&#8221;legend&#8221;:&#8221;&#8221;,&#8221;id_image&#8221;:&#8221;2283&#8243;,&#8221;cover&#8221;:null,&#8221;position&#8221;:&#8221;5&#8243;,&#8221;associatedVariants&#8221;:[]},{&#8220;bySize&#8221;:{&#8220;small_default&#8221;:{&#8220;url&#8221;:&#8221;https:\/\/bojungle.eu\/2284-small_default\/b-ball-pit-play-gym-grey.jpg&#8221;,&#8221;width&#8221;:98,&#8221;height&#8221;:98},&#8221;cart_default&#8221;:{&#8220;url&#8221;:&#8221;https:\/\/bojungle.eu\/2284-cart_default\/b-ball-pit-play-gym-grey.jpg&#8221;,&#8221;width&#8221;:125,&#8221;height&#8221;:125},&#8221;home_default&#8221;:{&#8220;url&#8221;:&#8221;https:\/\/bojungle.eu\/2284-home_default\/b-ball-pit-play-gym-grey.jpg&#8221;,&#8221;width&#8221;:259,&#8221;height&#8221;:259},&#8221;medium_default&#8221;:{&#8220;url&#8221;:&#8221;https:\/\/bojungle.eu\/2284-medium_default\/b-ball-pit-play-gym-grey.jpg&#8221;,&#8221;width&#8221;:452,&#8221;height&#8221;:452},&#8221;large_default&#8221;:{&#8220;url&#8221;:&#8221;https:\/\/bojungle.eu\/2284-large_default\/b-ball-pit-play-gym-grey.jpg&#8221;,&#8221;width&#8221;:800,&#8221;height&#8221;:800}},&#8221;small&#8221;:{&#8220;url&#8221;:&#8221;https:\/\/bojungle.eu\/2284-small_default\/b-ball-pit-play-gym-grey.jpg&#8221;,&#8221;width&#8221;:98,&#8221;height&#8221;:98},&#8221;medium&#8221;:{&#8220;url&#8221;:&#8221;https:\/\/bojungle.eu\/2284-home_default\/b-ball-pit-play-gym-grey.jpg&#8221;,&#8221;width&#8221;:259,&#8221;height&#8221;:259},&#8221;large&#8221;:{&#8220;url&#8221;:&#8221;https:\/\/bojungle.eu\/2284-large_default\/b-ball-pit-play-gym-grey.jpg&#8221;,&#8221;width&#8221;:800,&#8221;height&#8221;:800},&#8221;legend&#8221;:&#8221;&#8221;,&#8221;id_image&#8221;:&#8221;2284&#8243;,&#8221;cover&#8221;:null,&#8221;position&#8221;:&#8221;6&#8243;,&#8221;associatedVariants&#8221;:[]}],&#8221;cover&#8221;:{&#8220;bySize&#8221;:{&#8220;small_default&#8221;:{&#8220;url&#8221;:&#8221;https:\/\/bojungle.eu\/2285-small_default\/b-ball-pit-play-gym-grey.jpg&#8221;,&#8221;width&#8221;:98,&#8221;height&#8221;:98},&#8221;cart_default&#8221;:{&#8220;url&#8221;:&#8221;https:\/\/bojungle.eu\/2285-cart_default\/b-ball-pit-play-gym-grey.jpg&#8221;,&#8221;width&#8221;:125,&#8221;height&#8221;:125},&#8221;home_default&#8221;:{&#8220;url&#8221;:&#8221;https:\/\/bojungle.eu\/2285-home_default\/b-ball-pit-play-gym-grey.jpg&#8221;,&#8221;width&#8221;:259,&#8221;height&#8221;:259},&#8221;medium_default&#8221;:{&#8220;url&#8221;:&#8221;https:\/\/bojungle.eu\/2285-medium_default\/b-ball-pit-play-gym-grey.jpg&#8221;,&#8221;width&#8221;:452,&#8221;height&#8221;:452},&#8221;large_default&#8221;:{&#8220;url&#8221;:&#8221;https:\/\/bojungle.eu\/2285-large_default\/b-ball-pit-play-gym-grey.jpg&#8221;,&#8221;width&#8221;:800,&#8221;height&#8221;:800}},&#8221;small&#8221;:{&#8220;url&#8221;:&#8221;https:\/\/bojungle.eu\/2285-small_default\/b-ball-pit-play-gym-grey.jpg&#8221;,&#8221;width&#8221;:98,&#8221;height&#8221;:98},&#8221;medium&#8221;:{&#8220;url&#8221;:&#8221;https:\/\/bojungle.eu\/2285-home_default\/b-ball-pit-play-gym-grey.jpg&#8221;,&#8221;width&#8221;:259,&#8221;height&#8221;:259},&#8221;large&#8221;:{&#8220;url&#8221;:&#8221;https:\/\/bojungle.eu\/2285-large_default\/b-ball-pit-play-gym-grey.jpg&#8221;,&#8221;width&#8221;:800,&#8221;height&#8221;:800},&#8221;legend&#8221;:&#8221;&#8221;,&#8221;id_image&#8221;:&#8221;2285&#8243;,&#8221;cover&#8221;:&#8221;1&#8243;,&#8221;position&#8221;:&#8221;1&#8243;,&#8221;associatedVariants&#8221;:[]},&#8221;has_discount&#8221;:false,&#8221;discount_type&#8221;:null,&#8221;discount_percentage&#8221;:null,&#8221;discount_percentage_absolute&#8221;:null,&#8221;discount_amount&#8221;:null,&#8221;discount_amount_to_display&#8221;:null,&#8221;price_amount&#8221;:57.84,&#8221;unit_price_full&#8221;:&#8221;&#8221;,&#8221;show_availability&#8221;:false,&#8221;availability_message&#8221;:null,&#8221;availability_date&#8221;:null,&#8221;availability&#8221;:null}&#8221;\/&gt;<\/p>\n","protected":false},"featured_media":65340,"comment_status":"closed","ping_status":"closed","template":"","meta":{"_lmt_disableupdate":"","_lmt_disable":""},"product_brand":[],"product_cat":[617,477],"product_tag":[],"woo-feed-brand":[],"class_list":{"0":"post-47752","1":"product","2":"type-product","3":"status-publish","4":"has-post-thumbnail","6":"product_cat-brinquedos-de-actividade","7":"product_cat-hora-de-brincar","9":"first","10":"instock","11":"taxable","12":"shipping-taxable","13":"purchasable","14":"product-type-simple"},"_links":{"self":[{"href":"https:\/\/www.bojungle.eu\/pt-pt\/wp-json\/wp\/v2\/product\/47752","targetHints":{"allow":["GET"]}}],"collection":[{"href":"https:\/\/www.bojungle.eu\/pt-pt\/wp-json\/wp\/v2\/product"}],"about":[{"href":"https:\/\/www.bojungle.eu\/pt-pt\/wp-json\/wp\/v2\/types\/product"}],"replies":[{"embeddable":true,"href":"https:\/\/www.bojungle.eu\/pt-pt\/wp-json\/wp\/v2\/comments?post=47752"}],"version-history":[{"count":2,"href":"https:\/\/www.bojungle.eu\/pt-pt\/wp-json\/wp\/v2\/product\/47752\/revisions"}],"predecessor-version":[{"id":80600,"href":"https:\/\/www.bojungle.eu\/pt-pt\/wp-json\/wp\/v2\/product\/47752\/revisions\/80600"}],"wp:featuredmedia":[{"embeddable":true,"href":"https:\/\/www.bojungle.eu\/pt-pt\/wp-json\/wp\/v2\/media\/65340"}],"wp:attachment":[{"href":"https:\/\/www.bojungle.eu\/pt-pt\/wp-json\/wp\/v2\/media?parent=47752"}],"wp:term":[{"taxonomy":"product_brand","embeddable":true,"href":"https:\/\/www.bojungle.eu\/pt-pt\/wp-json\/wp\/v2\/product_brand?post=47752"},{"taxonomy":"product_cat","embeddable":true,"href":"https:\/\/www.bojungle.eu\/pt-pt\/wp-json\/wp\/v2\/product_cat?post=47752"},{"taxonomy":"product_tag","embeddable":true,"href":"https:\/\/www.bojungle.eu\/pt-pt\/wp-json\/wp\/v2\/product_tag?post=47752"},{"taxonomy":"woo-feed-brand","embeddable":true,"href":"https:\/\/www.bojungle.eu\/pt-pt\/wp-json\/wp\/v2\/woo-feed-brand?post=47752"}],"curies":[{"name":"wp","href":"https:\/\/api.w.org\/{rel}","templated":true}]}}