{"id":47902,"date":"2023-09-06T13:21:36","date_gmt":"2023-09-06T11:21:36","guid":{"rendered":"https:\/\/www.bojungle.eu\/product\/andador-3-em-1-vermelho-rubi\/"},"modified":"2025-06-19T16:16:45","modified_gmt":"2025-06-19T14:16:45","slug":"andador-3-em-1-vermelho-rubi","status":"publish","type":"product","link":"https:\/\/www.bojungle.eu\/pt-pt\/produto\/andador-3-em-1-vermelho-rubi\/","title":{"rendered":"Andador 3 em 1 vermelho rubi"},"content":{"rendered":"<div class=\"flex-shrink-0 flex flex-col relative items-end\">\n<div>\n<div class=\"pt-0\">\n<div class=\"gizmo-bot-avatar flex h-8 w-8 items-center justify-center overflow-hidden rounded-full\">\n<div class=\"relative p-1 rounded-sm flex items-center justify-center bg-token-main-surface-primary text-token-text-primary h-8 w-8\">Deixe o motor estourar com o nosso 3-em-1 Walker Ruby Red , sua pequena estrela de corrida! Este andador vers\u00e1til foi concebido para crescer com o seu filho, transformando-se de uma cadeira auto de corrida fresca para um andador e at\u00e9 mesmo um carrinho de beb\u00e9. <\/div>\n<\/div>\n<\/div>\n<\/div>\n<\/div>\n<div class=\"group\/conversation-turn relative flex w-full min-w-0 flex-col agent-turn\">\n<div class=\"flex-col gap-1 md:gap-3\">\n<div class=\"flex max-w-full flex-col flex-grow\">\n<div class=\"min-h-[20px] text-message flex w-full flex-col items-end gap-2 break-words [.text-message+&amp;]:mt-5 overflow-x-auto whitespace-pre-wrap\" dir=\"auto\" data-message-author-role=\"assistant\" data-message-id=\"fedb9589-ff2d-4632-9e0d-009a6d3232ab\">\n<div class=\"flex w-full flex-col gap-1 empty:hidden first:pt-[3px]\">\n<div class=\"markdown prose w-full break-words dark:prose-invert light\">\n<h3>Caracter\u00edsticas:<\/h3>\n<ul>\n<li><strong>Cresce com o seu filho: <\/strong>Ajuste o assento em 3 alturas diferentes \u00e0 medida que a crian\u00e7a cresce, assegurando um ajuste confort\u00e1vel em todas as fases.<\/li>\n<li><strong>Volante divertido:<\/strong> O painel de instrumentos inclui um volante, luzes e diferentes melodias para manter o seu filho entretido.<\/li>\n<li><strong>F\u00e1cil de manobrar:<\/strong> Com 4 rodas e rota\u00e7\u00e3o frontal de 360\u00b0, a crian\u00e7a pode deslocar-se com facilidade e suavidade.<\/li>\n<li><strong>Armazenamento simples:<\/strong> O andarilho dobra-se rapidamente, facilitando a sua arruma\u00e7\u00e3o ou desloca\u00e7\u00e3o.<\/li>\n<li><strong>Design 3 em 1: <\/strong>Passa facilmente de um andarilho para um carrinho de beb\u00e9, dando-lhe flexibilidade para qualquer aventura<\/li>\n<li><strong>F\u00e1cil de limpar: <\/strong>A cobertura \u00e9 amov\u00edvel e lav\u00e1vel, mantendo o andarilho fresco e limpo.<\/li>\n<\/ul>\n<p>Deixe o seu filho dar os primeiros passos com alegria e emo\u00e7\u00e3o no 3-em-1 Walker Ruby Red. Quer estejam a passear pela casa ou a aprender a andar, este caminhante oferece divers\u00e3o e apoio sem fim. <\/p>\n<table border=\"1\">\n<tbody>\n<tr>\n<td>Manual<\/td>\n<td><a href=\"https:\/\/www.bojungle.eu\/wp-content\/uploads\/2025\/06\/B910530-910540-manual.pdf\">Clique aqui<\/a><\/td>\n<\/tr>\n<\/tbody>\n<\/table>\n<\/div>\n<\/div>\n<\/div>\n<\/div>\n<\/div>\n<\/div>\n<p class=\"cvGsUA direction-ltr align-start para-style-body\">\n","protected":false},"excerpt":{"rendered":"<div class=\"flex max-w-full flex-col flex-grow\">\n<div class=\"min-h-[20px] text-message flex w-full flex-col items-end gap-2 break-words [.text-message+&amp;]:mt-5 overflow-x-auto whitespace-pre-wrap\" dir=\"auto\" data-message-author-role=\"assistant\" data-message-id=\"409651fe-ab51-4f04-83c5-1b327069df1a\">\n<div class=\"flex w-full flex-col gap-1 empty:hidden first:pt-[3px]\">\n<div class=\"markdown prose w-full break-words dark:prose-invert light\">\n<p>Deixe o seu filho entrar em a\u00e7\u00e3o com o nosso 3-em-1 Walker Ruby Red! Este andador divertido e flex\u00edvel cresce com o seu filho, transformando-se facilmente de uma cadeira auto de corrida para um andador e at\u00e9 mesmo um carrinho de beb\u00e9. Com alturas ajust\u00e1veis, um volante brincalh\u00e3o com luzes e melodias, rodas girat\u00f3rias suaves de 360\u00b0 e um design dobr\u00e1vel para f\u00e1cil armazenamento, \u00e9 constru\u00eddo para divers\u00e3o e conveni\u00eancia. Al\u00e9m disso, a tampa remov\u00edvel e lav\u00e1vel mant\u00e9m-na limpa e fresca. Perfeito para os primeiros passos do seu filho e mais al\u00e9m.    <\/p>\n<\/div>\n<\/div>\n<\/div>\n<\/div>\n","protected":false},"featured_media":76445,"comment_status":"closed","ping_status":"closed","template":"","meta":{"_lmt_disableupdate":"","_lmt_disable":""},"product_brand":[],"product_cat":[477,497,617],"product_tag":[],"woo-feed-brand":[],"class_list":{"0":"post-47902","1":"product","2":"type-product","3":"status-publish","4":"has-post-thumbnail","6":"product_cat-hora-de-brincar","7":"product_cat-brinquedos-coloridos","8":"product_cat-brinquedos-de-actividade","10":"first","11":"instock","12":"taxable","13":"shipping-taxable","14":"purchasable","15":"product-type-simple"},"_links":{"self":[{"href":"https:\/\/www.bojungle.eu\/pt-pt\/wp-json\/wp\/v2\/product\/47902","targetHints":{"allow":["GET"]}}],"collection":[{"href":"https:\/\/www.bojungle.eu\/pt-pt\/wp-json\/wp\/v2\/product"}],"about":[{"href":"https:\/\/www.bojungle.eu\/pt-pt\/wp-json\/wp\/v2\/types\/product"}],"replies":[{"embeddable":true,"href":"https:\/\/www.bojungle.eu\/pt-pt\/wp-json\/wp\/v2\/comments?post=47902"}],"version-history":[{"count":2,"href":"https:\/\/www.bojungle.eu\/pt-pt\/wp-json\/wp\/v2\/product\/47902\/revisions"}],"predecessor-version":[{"id":80545,"href":"https:\/\/www.bojungle.eu\/pt-pt\/wp-json\/wp\/v2\/product\/47902\/revisions\/80545"}],"wp:featuredmedia":[{"embeddable":true,"href":"https:\/\/www.bojungle.eu\/pt-pt\/wp-json\/wp\/v2\/media\/76445"}],"wp:attachment":[{"href":"https:\/\/www.bojungle.eu\/pt-pt\/wp-json\/wp\/v2\/media?parent=47902"}],"wp:term":[{"taxonomy":"product_brand","embeddable":true,"href":"https:\/\/www.bojungle.eu\/pt-pt\/wp-json\/wp\/v2\/product_brand?post=47902"},{"taxonomy":"product_cat","embeddable":true,"href":"https:\/\/www.bojungle.eu\/pt-pt\/wp-json\/wp\/v2\/product_cat?post=47902"},{"taxonomy":"product_tag","embeddable":true,"href":"https:\/\/www.bojungle.eu\/pt-pt\/wp-json\/wp\/v2\/product_tag?post=47902"},{"taxonomy":"woo-feed-brand","embeddable":true,"href":"https:\/\/www.bojungle.eu\/pt-pt\/wp-json\/wp\/v2\/woo-feed-brand?post=47902"}],"curies":[{"name":"wp","href":"https:\/\/api.w.org\/{rel}","templated":true}]}}