{"id":47982,"date":"2023-09-06T15:42:25","date_gmt":"2023-09-06T13:42:25","guid":{"rendered":"https:\/\/www.bojungle.eu\/?post_type=product&#038;p=47982"},"modified":"2025-05-26T15:15:50","modified_gmt":"2025-05-26T13:15:50","slug":"urso-de-banho-em-terracota","status":"publish","type":"product","link":"https:\/\/www.bojungle.eu\/pt-pt\/produto\/urso-de-banho-em-terracota\/","title":{"rendered":"Urso de banho em terracota"},"content":{"rendered":"<p>Descubra o Bath Bear Terracotta \u2013 o novo companheiro de banho favorito do seu beb\u00e9! Com o seu bonito design de orelhas de urso e a sua forma confort\u00e1vel, a hora do banho tornou-se muito mais divertida.<\/p>\n<p>Esta banheira para beb\u00e9 inclui um pr\u00e1tico redutor de banho, perfeito para rec\u00e9m-nascidos, que os mant\u00e9m seguros com ventosas. E quando for altura de escoar a \u00e1gua, basta abrir a tampa de escoamento para uma limpeza r\u00e1pida e f\u00e1cil. <\/p>\n<p>Inclu\u00edmos tamb\u00e9m uma saboneteira amov\u00edvel feita de silicone ecol\u00f3gico, para que possa manter todos os seus artigos essenciais de banho por perto sem qualquer confus\u00e3o. Al\u00e9m disso, fique tranquilo sabendo que o Bath Bear Terracotta n\u00e3o cont\u00e9m BPA, mantendo seu filho seguro durante suas aventuras.<\/p>\n<table border=\"1\">\n<tbody>\n<tr>\n<td>Manual<\/td>\n<td><a href=\"https:\/\/www.bojungle.eu\/wp-content\/uploads\/2025\/05\/Manual-Bath-Bear.pdf\">Clique aqui<\/a><\/td>\n<\/tr>\n<\/tbody>\n<\/table>\n","protected":false},"excerpt":{"rendered":"<div class=\"elementor-element elementor-element-80cf67d elementor-widget elementor-widget-jet-single-excerpt\" data-id=\"80cf67d\" data-element_type=\"widget\" data-widget_type=\"jet-single-excerpt.default\">\n<div class=\"elementor-widget-container\">\n<div class=\"elementor-jet-single-excerpt jet-woo-builder\">\n<div class=\"woocommerce-product-details__short-description\">\n<p>Conhe\u00e7a o Bath Bear Terracota \u2013 o melhor companheiro para a hora do banho do seu beb\u00ea! Com as suas ador\u00e1veis orelhas de urso e o seu design ergon\u00f3mico, a hora do banho ficou muito mais bonita e confort\u00e1vel. Completo com um redutor de banho para rec\u00e9m-nascidos, tampa de escoamento f\u00e1cil e saboneteira ecol\u00f3gica, \u00e9 a mistura perfeita de divers\u00e3o e funcionalidade. Al\u00e9m disso, \u00e9 isento de BPA para sua tranquilidade.   Prepare-se para aventuras limpas com o Bath Bear Terracotta!<\/p>\n<\/div>\n<\/div>\n<\/div>\n<\/div>\n<div class=\"elementor-element elementor-element-c5d7d93 elementor-widget elementor-widget-spacer\" data-id=\"c5d7d93\" data-element_type=\"widget\" data-widget_type=\"spacer.default\">\n<div class=\"elementor-widget-container\">\n<div class=\"elementor-spacer\"><\/div>\n<\/div>\n<\/div>\n<p>&nbsp;<\/p>\n","protected":false},"featured_media":69224,"comment_status":"closed","ping_status":"closed","template":"","meta":{"_lmt_disableupdate":"","_lmt_disable":""},"product_brand":[],"product_cat":[594,516],"product_tag":[],"woo-feed-brand":[],"class_list":{"0":"post-47982","1":"product","2":"type-product","3":"status-publish","4":"has-post-thumbnail","6":"product_cat-bebe-no-banho","7":"product_cat-tosquia","9":"first","10":"instock","11":"taxable","12":"shipping-taxable","13":"purchasable","14":"product-type-simple"},"_links":{"self":[{"href":"https:\/\/www.bojungle.eu\/pt-pt\/wp-json\/wp\/v2\/product\/47982","targetHints":{"allow":["GET"]}}],"collection":[{"href":"https:\/\/www.bojungle.eu\/pt-pt\/wp-json\/wp\/v2\/product"}],"about":[{"href":"https:\/\/www.bojungle.eu\/pt-pt\/wp-json\/wp\/v2\/types\/product"}],"replies":[{"embeddable":true,"href":"https:\/\/www.bojungle.eu\/pt-pt\/wp-json\/wp\/v2\/comments?post=47982"}],"version-history":[{"count":2,"href":"https:\/\/www.bojungle.eu\/pt-pt\/wp-json\/wp\/v2\/product\/47982\/revisions"}],"predecessor-version":[{"id":79909,"href":"https:\/\/www.bojungle.eu\/pt-pt\/wp-json\/wp\/v2\/product\/47982\/revisions\/79909"}],"wp:featuredmedia":[{"embeddable":true,"href":"https:\/\/www.bojungle.eu\/pt-pt\/wp-json\/wp\/v2\/media\/69224"}],"wp:attachment":[{"href":"https:\/\/www.bojungle.eu\/pt-pt\/wp-json\/wp\/v2\/media?parent=47982"}],"wp:term":[{"taxonomy":"product_brand","embeddable":true,"href":"https:\/\/www.bojungle.eu\/pt-pt\/wp-json\/wp\/v2\/product_brand?post=47982"},{"taxonomy":"product_cat","embeddable":true,"href":"https:\/\/www.bojungle.eu\/pt-pt\/wp-json\/wp\/v2\/product_cat?post=47982"},{"taxonomy":"product_tag","embeddable":true,"href":"https:\/\/www.bojungle.eu\/pt-pt\/wp-json\/wp\/v2\/product_tag?post=47982"},{"taxonomy":"woo-feed-brand","embeddable":true,"href":"https:\/\/www.bojungle.eu\/pt-pt\/wp-json\/wp\/v2\/woo-feed-brand?post=47982"}],"curies":[{"name":"wp","href":"https:\/\/api.w.org\/{rel}","templated":true}]}}