{"id":48455,"date":"2023-09-07T14:05:40","date_gmt":"2023-09-07T12:05:40","guid":{"rendered":"https:\/\/www.bojungle.eu\/product\/estacao-de-aquecimento-cinzento-escuro\/"},"modified":"2025-06-06T13:15:45","modified_gmt":"2025-06-06T11:15:45","slug":"estacao-de-aquecimento-cinzento-escuro","status":"publish","type":"product","link":"https:\/\/www.bojungle.eu\/pt-pt\/produto\/estacao-de-aquecimento-cinzento-escuro\/","title":{"rendered":"Esta\u00e7\u00e3o de aquecimento cinzento escuro"},"content":{"rendered":"<p>Apresentamos a Warming Station Shady Grey, a sua solu\u00e7\u00e3o definitiva para manter sem esfor\u00e7o a \u00e1gua \u00e0 temperatura perfeita para v\u00e1rias bebidas e necessidades. Este aparelho elegante e moderno foi concebido para tornar as suas rotinas di\u00e1rias mais f\u00e1ceis e c\u00f3modas do que nunca. <\/p>\n<p>Com um generoso dep\u00f3sito de \u00e1gua em a\u00e7o inoxid\u00e1vel com uma capacidade de 1250 ml, a Warming Station Shady Grey permite-lhe encher facilmente v\u00e1rias garrafas, garantindo que tem sempre \u00e0 m\u00e3o um fornecimento constante de \u00e1gua quente. Diga adeus ao inc\u00f3modo de reaquecer constantemente a \u00e1gua ou de esperar que esta atinja a temperatura desejada. <\/p>\n<p>Com controlos de temperatura predefinidos, incluindo op\u00e7\u00f5es como 37\u00b0C para aquecer leite, 45\u00b0C para sopas ou 85\u00b0C para ch\u00e1, pode personalizar sem esfor\u00e7o a temperatura da \u00e1gua de acordo com as suas prefer\u00eancias. Em alternativa, pode assumir o controlo total com ajustes manuais de temperatura para satisfazer quaisquer requisitos espec\u00edficos. <\/p>\n<p>N\u00e3o s\u00f3 pode definir a temperatura, como tamb\u00e9m pode ajustar o volume de \u00e1gua dispensada, que varia entre 30 ml e 330 ml em pr\u00e1ticos incrementos de 30 ml. Quer necessite de uma pequena quantidade para uma bebida r\u00e1pida ou de uma quantidade maior para cozinhar, a Warming Station Shady Grey tem tudo o que precisa. <\/p>\n<p>Para aqueles momentos em que precisa de arrefecer a \u00e1gua rapidamente, basta utilizar a fun\u00e7\u00e3o de arrefecimento para baixar a temperatura com facilidade.<\/p>\n<p>Manter a higiene \u00e9 f\u00e1cil com a fun\u00e7\u00e3o de esteriliza\u00e7\u00e3o e fervura, que atinge temperaturas de 100 \u00b0C para garantir a limpeza e esteriliza\u00e7\u00e3o completas do aparelho. Mantenha a sua esta\u00e7\u00e3o de \u00e1gua imaculada e segura para o uso di\u00e1rio com o m\u00ednimo de esfor\u00e7o. <\/p>\n<p>Concebida a pensar na funcionalidade e no estilo, a Esta\u00e7\u00e3o de Aquecimento Shady Grey apresenta um design moderno que complementa qualquer cozinha ou ambiente de trabalho. Diga ol\u00e1 \u00e0 praticidade e efici\u00eancia com esta vers\u00e1til e inovadora esta\u00e7\u00e3o de aquecimento de \u00e1gua. <\/p>\n<p>&nbsp;<\/p>\n<table border=\"1\">\n<tbody>\n<tr>\n<td>Manual<\/td>\n<td><a href=\"https:\/\/www.bojungle.eu\/wp-content\/uploads\/2025\/06\/B553000-Warming-Station-2024.pdf\" target=\"_blank\" rel=\"noopener\">Clique aqui<\/a><\/td>\n<\/tr>\n<\/tbody>\n<\/table>\n","protected":false},"excerpt":{"rendered":"<p>Com esta esta\u00e7\u00e3o de aquecimento de \u00e1gua, ter\u00e1 \u00e1gua \u00e0 temperatura correcta num instante. Gra\u00e7as ao grande dep\u00f3sito de \u00e1gua em a\u00e7o inoxid\u00e1vel, pode encher facilmente v\u00e1rias garrafas e a \u00e1gua mant\u00e9m-se \u00e0 temperatura desejada. Existem temperaturas predefinidas, tais como 37\u00b0C para leite, 45\u00b0C para sopa ou 85\u00b0C para ch\u00e1. N\u00e3o s\u00f3 a temperatura, mas tamb\u00e9m a quantidade de \u00e1gua pode ser definida. Esta varia entre 30 ml e 330 ml e aumenta em incrementos de 30 ml. Se quiser baixar a temperatura mais rapidamente, pode utilizar a fun\u00e7\u00e3o de arrefecimento do aparelho. Esterilizar o aparelho tamb\u00e9m \u00e9 uma brincadeira de crian\u00e7as.      <\/p>\n","protected":false},"featured_media":62475,"comment_status":"closed","ping_status":"closed","template":"","meta":{"_lmt_disableupdate":"","_lmt_disable":""},"product_brand":[],"product_cat":[457,451],"product_tag":[],"woo-feed-brand":[],"class_list":{"0":"post-48455","1":"product","2":"type-product","3":"status-publish","4":"has-post-thumbnail","6":"product_cat-preparativos-de-refeicoes","7":"product_cat-comida-e-bebida","9":"first","10":"outofstock","11":"taxable","12":"shipping-taxable","13":"purchasable","14":"product-type-simple"},"_links":{"self":[{"href":"https:\/\/www.bojungle.eu\/pt-pt\/wp-json\/wp\/v2\/product\/48455","targetHints":{"allow":["GET"]}}],"collection":[{"href":"https:\/\/www.bojungle.eu\/pt-pt\/wp-json\/wp\/v2\/product"}],"about":[{"href":"https:\/\/www.bojungle.eu\/pt-pt\/wp-json\/wp\/v2\/types\/product"}],"replies":[{"embeddable":true,"href":"https:\/\/www.bojungle.eu\/pt-pt\/wp-json\/wp\/v2\/comments?post=48455"}],"version-history":[{"count":2,"href":"https:\/\/www.bojungle.eu\/pt-pt\/wp-json\/wp\/v2\/product\/48455\/revisions"}],"predecessor-version":[{"id":80145,"href":"https:\/\/www.bojungle.eu\/pt-pt\/wp-json\/wp\/v2\/product\/48455\/revisions\/80145"}],"wp:featuredmedia":[{"embeddable":true,"href":"https:\/\/www.bojungle.eu\/pt-pt\/wp-json\/wp\/v2\/media\/62475"}],"wp:attachment":[{"href":"https:\/\/www.bojungle.eu\/pt-pt\/wp-json\/wp\/v2\/media?parent=48455"}],"wp:term":[{"taxonomy":"product_brand","embeddable":true,"href":"https:\/\/www.bojungle.eu\/pt-pt\/wp-json\/wp\/v2\/product_brand?post=48455"},{"taxonomy":"product_cat","embeddable":true,"href":"https:\/\/www.bojungle.eu\/pt-pt\/wp-json\/wp\/v2\/product_cat?post=48455"},{"taxonomy":"product_tag","embeddable":true,"href":"https:\/\/www.bojungle.eu\/pt-pt\/wp-json\/wp\/v2\/product_tag?post=48455"},{"taxonomy":"woo-feed-brand","embeddable":true,"href":"https:\/\/www.bojungle.eu\/pt-pt\/wp-json\/wp\/v2\/woo-feed-brand?post=48455"}],"curies":[{"name":"wp","href":"https:\/\/api.w.org\/{rel}","templated":true}]}}