{"id":48586,"date":"2023-09-08T10:49:22","date_gmt":"2023-09-08T08:49:22","guid":{"rendered":"https:\/\/www.bojungle.eu\/product\/irrigadores-nasais-para-bebes-2-pecas\/"},"modified":"2024-11-21T11:52:13","modified_gmt":"2024-11-21T10:52:13","slug":"baby-nasal-irrigators-2-pcs","status":"publish","type":"product","link":"https:\/\/www.bojungle.eu\/pt-pt\/produto\/baby-nasal-irrigators-2-pcs\/","title":{"rendered":"Irrigadores nasais para beb\u00e9s (2 pe\u00e7as)"},"content":{"rendered":"<p><span class=\"OYPEnA text-decoration-none text-strikethrough-none\">O irrigador nasal Bo Jungle \u00e9 uma seringa de 10 ml que permite enxaguar facilmente o nariz e aliviar imediatamente o excesso de mucosa nasal com um simples toque. As obstru\u00e7\u00f5es nasais podem ter um grande impacto no sono e no bem-estar geral do seu filho. A ponta de silicone torna a inser\u00e7\u00e3o no nariz mais f\u00e1cil e suave.  <\/span> <span class=\"OYPEnA text-decoration-none text-strikethrough-none\">Altamente recomendada para jovens pais com beb\u00e9s desde o nascimento at\u00e9 que estes consigam assoar o nariz sozinhos. Tamb\u00e9m para os adultos, esta seringa pode proporcionar o al\u00edvio t\u00e3o necess\u00e1rio de um nariz entupido. <\/span><\/p>\n<ul>\n<li><span class=\"OYPEnA text-decoration-none text-strikethrough-none\">Para todas as idades<\/span><\/li>\n<li><span class=\"OYPEnA text-decoration-none text-strikethrough-none\">10ml<\/span><\/li>\n<li><span class=\"OYPEnA text-decoration-none text-strikethrough-none\">Ponta de silicone<\/span><\/li>\n<li><span class=\"OYPEnA text-decoration-none text-strikethrough-none\">2 seringas<\/span><\/li>\n<\/ul>\n","protected":false},"excerpt":{"rendered":"<p><span class=\"OYPEnA text-decoration-none text-strikethrough-none\">O irrigador nasal Bo Jungle \u00e9 uma seringa de 10 ml que permite enxaguar facilmente o nariz e aliviar imediatamente o excesso de mucosa nasal com um simples toque. As obstru\u00e7\u00f5es nasais podem ter um grande impacto no sono e no bem-estar geral do seu filho. A ponta de silicone torna a inser\u00e7\u00e3o no nariz mais f\u00e1cil e suave.  <\/span> <span class=\"OYPEnA text-decoration-none text-strikethrough-none\">Altamente recomendada para jovens pais com beb\u00e9s desde o nascimento at\u00e9 que estes consigam assoar o nariz sozinhos. Tamb\u00e9m para os adultos, esta seringa pode proporcionar o al\u00edvio t\u00e3o necess\u00e1rio de um nariz entupido. <\/span><\/p>\n","protected":false},"featured_media":62638,"comment_status":"closed","ping_status":"closed","template":"","meta":{"_lmt_disableupdate":"","_lmt_disable":""},"product_brand":[],"product_cat":[595,516],"product_tag":[],"woo-feed-brand":[],"class_list":{"0":"post-48586","1":"product","2":"type-product","3":"status-publish","4":"has-post-thumbnail","6":"product_cat-a-beleza-e-a-saude-do-bebe","7":"product_cat-tosquia","9":"first","10":"instock","11":"taxable","12":"shipping-taxable","13":"purchasable","14":"product-type-simple"},"_links":{"self":[{"href":"https:\/\/www.bojungle.eu\/pt-pt\/wp-json\/wp\/v2\/product\/48586","targetHints":{"allow":["GET"]}}],"collection":[{"href":"https:\/\/www.bojungle.eu\/pt-pt\/wp-json\/wp\/v2\/product"}],"about":[{"href":"https:\/\/www.bojungle.eu\/pt-pt\/wp-json\/wp\/v2\/types\/product"}],"replies":[{"embeddable":true,"href":"https:\/\/www.bojungle.eu\/pt-pt\/wp-json\/wp\/v2\/comments?post=48586"}],"version-history":[{"count":1,"href":"https:\/\/www.bojungle.eu\/pt-pt\/wp-json\/wp\/v2\/product\/48586\/revisions"}],"predecessor-version":[{"id":78454,"href":"https:\/\/www.bojungle.eu\/pt-pt\/wp-json\/wp\/v2\/product\/48586\/revisions\/78454"}],"wp:featuredmedia":[{"embeddable":true,"href":"https:\/\/www.bojungle.eu\/pt-pt\/wp-json\/wp\/v2\/media\/62638"}],"wp:attachment":[{"href":"https:\/\/www.bojungle.eu\/pt-pt\/wp-json\/wp\/v2\/media?parent=48586"}],"wp:term":[{"taxonomy":"product_brand","embeddable":true,"href":"https:\/\/www.bojungle.eu\/pt-pt\/wp-json\/wp\/v2\/product_brand?post=48586"},{"taxonomy":"product_cat","embeddable":true,"href":"https:\/\/www.bojungle.eu\/pt-pt\/wp-json\/wp\/v2\/product_cat?post=48586"},{"taxonomy":"product_tag","embeddable":true,"href":"https:\/\/www.bojungle.eu\/pt-pt\/wp-json\/wp\/v2\/product_tag?post=48586"},{"taxonomy":"woo-feed-brand","embeddable":true,"href":"https:\/\/www.bojungle.eu\/pt-pt\/wp-json\/wp\/v2\/woo-feed-brand?post=48586"}],"curies":[{"name":"wp","href":"https:\/\/api.w.org\/{rel}","templated":true}]}}