{"id":48606,"date":"2023-09-08T11:50:16","date_gmt":"2023-09-08T09:50:16","guid":{"rendered":"https:\/\/www.bojungle.eu\/product\/limpa-narizes-para-bebes\/"},"modified":"2024-11-21T11:12:20","modified_gmt":"2024-11-21T10:12:20","slug":"limpa-narizes-para-bebes","status":"publish","type":"product","link":"https:\/\/www.bojungle.eu\/pt-pt\/produto\/limpa-narizes-para-bebes\/","title":{"rendered":"Limpa narizes para beb\u00e9s"},"content":{"rendered":"<p>Ajude o seu filho a respirar melhor com o nosso limpa-nariz para beb\u00e9. Remove r\u00e1pida e suavemente o muco, perfeito para narizes entupidos ou constipa\u00e7\u00f5es. Seguro para utilizar desde o nascimento, \u00e9 f\u00e1cil de limpar e simples de utilizar.  <\/p>\n<ul>\n<li><strong>Tamanho compacto<\/strong>: \u00d3timo para usar em casa ou em viagem.<\/li>\n<li><strong>Acess\u00f3rio amov\u00edvel:<\/strong> Torna a limpeza r\u00e1pida e f\u00e1cil.<\/li>\n<li><strong>Seguro para rec\u00e9m-nascidos:<\/strong> Suave e seguro para narizes pequenos.<\/li>\n<\/ul>\n<p>Mantenha o seu beb\u00e9 confort\u00e1vel e limpo com este pr\u00e1tico limpa-nariz!<\/p>\n","protected":false},"excerpt":{"rendered":"<p><span class=\"OYPEnA text-decoration-none text-strikethrough-none\">Este limpa-nariz para beb\u00e9 remove o muco do seu filho de forma r\u00e1pida e f\u00e1cil. Pode ser utilizado desde o nascimento e \u00e9 ideal para um nariz entupido ou constipa\u00e7\u00e3o. Al\u00e9m disso, pode ser facilmente limpo no interior, gra\u00e7as ao acess\u00f3rio amov\u00edvel.  <\/span><\/p>\n","protected":false},"featured_media":79497,"comment_status":"closed","ping_status":"closed","template":"","meta":{"_lmt_disableupdate":"","_lmt_disable":""},"product_brand":[],"product_cat":[595,516],"product_tag":[],"woo-feed-brand":[],"class_list":{"0":"post-48606","1":"product","2":"type-product","3":"status-publish","4":"has-post-thumbnail","6":"product_cat-a-beleza-e-a-saude-do-bebe","7":"product_cat-tosquia","9":"first","10":"instock","11":"taxable","12":"shipping-taxable","13":"purchasable","14":"product-type-simple"},"_links":{"self":[{"href":"https:\/\/www.bojungle.eu\/pt-pt\/wp-json\/wp\/v2\/product\/48606","targetHints":{"allow":["GET"]}}],"collection":[{"href":"https:\/\/www.bojungle.eu\/pt-pt\/wp-json\/wp\/v2\/product"}],"about":[{"href":"https:\/\/www.bojungle.eu\/pt-pt\/wp-json\/wp\/v2\/types\/product"}],"replies":[{"embeddable":true,"href":"https:\/\/www.bojungle.eu\/pt-pt\/wp-json\/wp\/v2\/comments?post=48606"}],"version-history":[{"count":1,"href":"https:\/\/www.bojungle.eu\/pt-pt\/wp-json\/wp\/v2\/product\/48606\/revisions"}],"predecessor-version":[{"id":78443,"href":"https:\/\/www.bojungle.eu\/pt-pt\/wp-json\/wp\/v2\/product\/48606\/revisions\/78443"}],"wp:featuredmedia":[{"embeddable":true,"href":"https:\/\/www.bojungle.eu\/pt-pt\/wp-json\/wp\/v2\/media\/79497"}],"wp:attachment":[{"href":"https:\/\/www.bojungle.eu\/pt-pt\/wp-json\/wp\/v2\/media?parent=48606"}],"wp:term":[{"taxonomy":"product_brand","embeddable":true,"href":"https:\/\/www.bojungle.eu\/pt-pt\/wp-json\/wp\/v2\/product_brand?post=48606"},{"taxonomy":"product_cat","embeddable":true,"href":"https:\/\/www.bojungle.eu\/pt-pt\/wp-json\/wp\/v2\/product_cat?post=48606"},{"taxonomy":"product_tag","embeddable":true,"href":"https:\/\/www.bojungle.eu\/pt-pt\/wp-json\/wp\/v2\/product_tag?post=48606"},{"taxonomy":"woo-feed-brand","embeddable":true,"href":"https:\/\/www.bojungle.eu\/pt-pt\/wp-json\/wp\/v2\/woo-feed-brand?post=48606"}],"curies":[{"name":"wp","href":"https:\/\/api.w.org\/{rel}","templated":true}]}}