{"id":49092,"date":"2023-10-11T14:16:23","date_gmt":"2023-10-11T12:16:23","guid":{"rendered":"https:\/\/www.bojungle.eu\/?post_type=product&#038;p=49092"},"modified":"2024-04-23T14:13:44","modified_gmt":"2024-04-23T12:13:44","slug":"royal-foxy-drinking-copo-360","status":"publish","type":"product","link":"https:\/\/www.bojungle.eu\/pt-pt\/produto\/royal-foxy-drinking-copo-360\/","title":{"rendered":"Copo Royal Foxy 360\u00b0"},"content":{"rendered":"<p>Apresentamos o Copo Royal Foxy 360\u00b0, o companheiro perfeito para as aventuras de bebida do seu filho! Projetado com a divers\u00e3o e a funcionalidade em mente, este copo de treinamento inovador foi criado para facilitar a transi\u00e7\u00e3o para a bebida independente. Apresentando um design divertido de 360\u00b0, este copo incentiva seu filho a saborear e explorar de qualquer \u00e2ngulo, promovendo habilidades essenciais para beber e ao mesmo tempo reduzindo a bagun\u00e7a ao m\u00ednimo. A borda de silicone integrada garante que o l\u00edquido flua apenas quando o seu filho aplica press\u00e3o, reduzindo derramamentos e permitindo uma experi\u00eancia de consumo mais controlada. Adornada com um ador\u00e1vel design de raposa, completa com al\u00e7as charmosas para facilitar o manuseio e uma tampa conveniente para manter o conte\u00fado fresco entre os goles, esta x\u00edcara combina praticidade com fofura irresist\u00edvel. Diga adeus aos vazamentos e derramamentos com nossa tecnologia anti-vazamento, proporcionando tranquilidade a cada gole. Com uma generosa capacidade de 240ml, \u00e9 perfeito para matar a sede do seu filho durante as brincadeiras ou aventuras em movimento. E na hora de limpar, basta coloc\u00e1-lo na m\u00e1quina de lavar lou\u00e7a para uma manuten\u00e7\u00e3o sem esfor\u00e7o, deixando voc\u00ea com mais tempo para desfrutar de momentos preciosos com seu filho. Torne a bebida divertida e sem bagun\u00e7a com o Royal Foxy Drinking Cup 360\u00b0 &#8211; porque cada gole deve ser uma aventura! <\/p>\n","protected":false},"excerpt":{"rendered":"<div class=\"elementor-element elementor-element-80cf67d elementor-widget elementor-widget-jet-single-excerpt\" data-id=\"80cf67d\" data-element_type=\"widget\" data-widget_type=\"jet-single-excerpt.default\">\n<div class=\"elementor-widget-container\">\n<div class=\"elementor-jet-single-excerpt jet-woo-builder\">\n<div class=\"woocommerce-product-details__short-description\">\n<div class=\"elementor-element elementor-element-80cf67d elementor-widget elementor-widget-jet-single-excerpt\" data-id=\"80cf67d\" data-element_type=\"widget\" data-widget_type=\"jet-single-excerpt.default\">\n<div class=\"elementor-widget-container\">\n<div class=\"elementor-jet-single-excerpt jet-woo-builder\">\n<div class=\"woocommerce-product-details__short-description\">\n<p>Descubra o Copo Royal Foxy 360\u00b0! \u00c9 uma forma l\u00fadica de o seu filho aprender a beber de forma independente. Gra\u00e7as \u00e0 borda de silicone, os respingos s\u00e3o reduzidos, tornando-o divertido e sem bagun\u00e7a. Com seu lindo design de raposa, al\u00e7as para f\u00e1cil manuseio e tampa para manter as bebidas frescas, \u00e9 ador\u00e1vel e pr\u00e1tico. Al\u00e9m disso, \u00e9 \u00e0 prova de vazamentos e pode ser lavado na m\u00e1quina de lavar lou\u00e7a para facilitar a limpeza. Com capacidade de 240ml, \u00e9 perfeito para a sede do seu filho. Diga ol\u00e1 para beber sem complica\u00e7\u00f5es com o Royal Foxy Drinking Cup 360\u00b0!      <\/p>\n<\/div>\n<\/div>\n<\/div>\n<\/div>\n<div class=\"elementor-element elementor-element-c5d7d93 elementor-widget elementor-widget-spacer\" data-id=\"c5d7d93\" data-element_type=\"widget\" data-widget_type=\"spacer.default\">\n<div class=\"elementor-widget-container\">\n<div class=\"elementor-spacer\"><\/div>\n<\/div>\n<\/div>\n<\/div>\n<\/div>\n<\/div>\n<\/div>\n<div class=\"elementor-element elementor-element-c5d7d93 elementor-widget elementor-widget-spacer\" data-id=\"c5d7d93\" data-element_type=\"widget\" data-widget_type=\"spacer.default\">\n<div class=\"elementor-widget-container\">\n<div class=\"elementor-spacer\"><\/div>\n<\/div>\n<\/div>\n","protected":false},"featured_media":73890,"comment_status":"closed","ping_status":"closed","template":"","meta":{"_lmt_disableupdate":"","_lmt_disable":""},"product_brand":[],"product_cat":[457,451],"product_tag":[],"woo-feed-brand":[],"class_list":{"0":"post-49092","1":"product","2":"type-product","3":"status-publish","4":"has-post-thumbnail","6":"product_cat-preparativos-de-refeicoes","7":"product_cat-comida-e-bebida","9":"first","10":"instock","11":"taxable","12":"shipping-taxable","13":"purchasable","14":"product-type-simple"},"_links":{"self":[{"href":"https:\/\/www.bojungle.eu\/pt-pt\/wp-json\/wp\/v2\/product\/49092","targetHints":{"allow":["GET"]}}],"collection":[{"href":"https:\/\/www.bojungle.eu\/pt-pt\/wp-json\/wp\/v2\/product"}],"about":[{"href":"https:\/\/www.bojungle.eu\/pt-pt\/wp-json\/wp\/v2\/types\/product"}],"replies":[{"embeddable":true,"href":"https:\/\/www.bojungle.eu\/pt-pt\/wp-json\/wp\/v2\/comments?post=49092"}],"version-history":[{"count":2,"href":"https:\/\/www.bojungle.eu\/pt-pt\/wp-json\/wp\/v2\/product\/49092\/revisions"}],"predecessor-version":[{"id":74586,"href":"https:\/\/www.bojungle.eu\/pt-pt\/wp-json\/wp\/v2\/product\/49092\/revisions\/74586"}],"wp:featuredmedia":[{"embeddable":true,"href":"https:\/\/www.bojungle.eu\/pt-pt\/wp-json\/wp\/v2\/media\/73890"}],"wp:attachment":[{"href":"https:\/\/www.bojungle.eu\/pt-pt\/wp-json\/wp\/v2\/media?parent=49092"}],"wp:term":[{"taxonomy":"product_brand","embeddable":true,"href":"https:\/\/www.bojungle.eu\/pt-pt\/wp-json\/wp\/v2\/product_brand?post=49092"},{"taxonomy":"product_cat","embeddable":true,"href":"https:\/\/www.bojungle.eu\/pt-pt\/wp-json\/wp\/v2\/product_cat?post=49092"},{"taxonomy":"product_tag","embeddable":true,"href":"https:\/\/www.bojungle.eu\/pt-pt\/wp-json\/wp\/v2\/product_tag?post=49092"},{"taxonomy":"woo-feed-brand","embeddable":true,"href":"https:\/\/www.bojungle.eu\/pt-pt\/wp-json\/wp\/v2\/woo-feed-brand?post=49092"}],"curies":[{"name":"wp","href":"https:\/\/api.w.org\/{rel}","templated":true}]}}