{"id":64155,"date":"2024-01-08T16:24:48","date_gmt":"2024-01-08T15:24:48","guid":{"rendered":"https:\/\/www.bojungle.eu\/product\/part-tigela-do-processador-de-alimentos-para-b580000\/"},"modified":"2025-07-25T09:40:35","modified_gmt":"2025-07-25T07:40:35","slug":"part-tigela-do-processador-de-alimentos-para-b580000","status":"publish","type":"product","link":"https:\/\/www.bojungle.eu\/pt-pt\/produto\/part-tigela-do-processador-de-alimentos-para-b580000\/","title":{"rendered":"Part &#8211; Tigela do processador de alimentos para B580000"},"content":{"rendered":"<p>Pe\u00e7a de reposi\u00e7\u00e3o &#8216;tigela&#8217; para B580000 processador de alimentos<\/p>\n","protected":false},"excerpt":{"rendered":"<p>Pe\u00e7a de reposi\u00e7\u00e3o &#8216;tigela&#8217; para B580000 processador de alimentos<\/p>\n","protected":false},"featured_media":64144,"comment_status":"closed","ping_status":"closed","template":"","meta":{"_lmt_disableupdate":"","_lmt_disable":""},"product_brand":[],"product_cat":[451,457],"product_tag":[],"woo-feed-brand":[],"class_list":{"0":"post-64155","1":"product","2":"type-product","3":"status-publish","4":"has-post-thumbnail","6":"product_cat-comida-e-bebida","7":"product_cat-preparativos-de-refeicoes","9":"first","10":"instock","11":"taxable","12":"shipping-taxable","13":"purchasable","14":"product-type-simple"},"_links":{"self":[{"href":"https:\/\/www.bojungle.eu\/pt-pt\/wp-json\/wp\/v2\/product\/64155","targetHints":{"allow":["GET"]}}],"collection":[{"href":"https:\/\/www.bojungle.eu\/pt-pt\/wp-json\/wp\/v2\/product"}],"about":[{"href":"https:\/\/www.bojungle.eu\/pt-pt\/wp-json\/wp\/v2\/types\/product"}],"replies":[{"embeddable":true,"href":"https:\/\/www.bojungle.eu\/pt-pt\/wp-json\/wp\/v2\/comments?post=64155"}],"version-history":[{"count":0,"href":"https:\/\/www.bojungle.eu\/pt-pt\/wp-json\/wp\/v2\/product\/64155\/revisions"}],"wp:featuredmedia":[{"embeddable":true,"href":"https:\/\/www.bojungle.eu\/pt-pt\/wp-json\/wp\/v2\/media\/64144"}],"wp:attachment":[{"href":"https:\/\/www.bojungle.eu\/pt-pt\/wp-json\/wp\/v2\/media?parent=64155"}],"wp:term":[{"taxonomy":"product_brand","embeddable":true,"href":"https:\/\/www.bojungle.eu\/pt-pt\/wp-json\/wp\/v2\/product_brand?post=64155"},{"taxonomy":"product_cat","embeddable":true,"href":"https:\/\/www.bojungle.eu\/pt-pt\/wp-json\/wp\/v2\/product_cat?post=64155"},{"taxonomy":"product_tag","embeddable":true,"href":"https:\/\/www.bojungle.eu\/pt-pt\/wp-json\/wp\/v2\/product_tag?post=64155"},{"taxonomy":"woo-feed-brand","embeddable":true,"href":"https:\/\/www.bojungle.eu\/pt-pt\/wp-json\/wp\/v2\/woo-feed-brand?post=64155"}],"curies":[{"name":"wp","href":"https:\/\/api.w.org\/{rel}","templated":true}]}}