{"id":64870,"date":"2024-01-26T13:24:53","date_gmt":"2024-01-26T12:24:53","guid":{"rendered":"https:\/\/www.bojungle.eu\/product\/termometro-digital\/"},"modified":"2025-05-15T13:17:24","modified_gmt":"2025-05-15T11:17:24","slug":"termometro-digital","status":"publish","type":"product","link":"https:\/\/www.bojungle.eu\/pt-pt\/produto\/termometro-digital\/","title":{"rendered":"Term\u00f3metro Digital"},"content":{"rendered":"<p>O nosso term\u00f3metro digital oferece leituras r\u00e1pidas e fi\u00e1veis para toda a fam\u00edlia, com uma precis\u00e3o de 0,1 graus. Esta precis\u00e3o garante que obt\u00e9m sempre os resultados mais fi\u00e1veis, quer seja para uma verifica\u00e7\u00e3o ligeira da febre ou para uma monitoriza\u00e7\u00e3o de rotina. <\/p>\n<p>Concebido com uma ponta macia e dobr\u00e1vel, este term\u00f3metro \u00e9 confort\u00e1vel e suave tanto para crian\u00e7as como para adultos, tornando-o f\u00e1cil de utilizar mesmo para os doentes mais pequenos. A sua constru\u00e7\u00e3o sem BPA garante uma utiliza\u00e7\u00e3o segura, livre de qu\u00edmicos nocivos. O visor LCD de f\u00e1cil leitura apresenta leituras claras, permitindo obter resultados num relance.  <\/p>\n<p>Quer precise de verificar as temperaturas rapidamente ou de as monitorizar ao longo do tempo, o nosso term\u00f3metro digital combina efici\u00eancia e seguran\u00e7a numa ferramenta simples.<\/p>\n<p>&nbsp;<\/p>\n<table border=\"1\">\n<tbody>\n<tr>\n<td>Manual<\/td>\n<td><a href=\"https:\/\/www.bojungle.eu\/wp-content\/uploads\/2025\/05\/B400400.jpg\">Clique aqui<\/a><\/td>\n<\/tr>\n<\/tbody>\n<\/table>\n<p>&nbsp;<\/p>\n","protected":false},"excerpt":{"rendered":"<p><span class=\"OYPEnA text-decoration-none text-strikethrough-none\">Este term\u00f3metro digital d\u00e1-lhe uma leitura fi\u00e1vel e precisa. Gra\u00e7as \u00e0 sua forma e ponta flex\u00edvel, a temperatura corporal pode ser medida por via oral, retal ou atrav\u00e9s da axila. Ap\u00f3s o sinal sonoro, pode ler a temperatura corporal exata no ecr\u00e3 LCD.<\/span><\/p>\n","protected":false},"featured_media":64861,"comment_status":"closed","ping_status":"closed","template":"","meta":{"_lmt_disableupdate":"","_lmt_disable":""},"product_brand":[],"product_cat":[595,516],"product_tag":[],"woo-feed-brand":[],"class_list":{"0":"post-64870","1":"product","2":"type-product","3":"status-publish","4":"has-post-thumbnail","6":"product_cat-a-beleza-e-a-saude-do-bebe","7":"product_cat-tosquia","9":"first","10":"instock","11":"taxable","12":"shipping-taxable","13":"purchasable","14":"product-type-simple"},"_links":{"self":[{"href":"https:\/\/www.bojungle.eu\/pt-pt\/wp-json\/wp\/v2\/product\/64870","targetHints":{"allow":["GET"]}}],"collection":[{"href":"https:\/\/www.bojungle.eu\/pt-pt\/wp-json\/wp\/v2\/product"}],"about":[{"href":"https:\/\/www.bojungle.eu\/pt-pt\/wp-json\/wp\/v2\/types\/product"}],"replies":[{"embeddable":true,"href":"https:\/\/www.bojungle.eu\/pt-pt\/wp-json\/wp\/v2\/comments?post=64870"}],"version-history":[{"count":2,"href":"https:\/\/www.bojungle.eu\/pt-pt\/wp-json\/wp\/v2\/product\/64870\/revisions"}],"predecessor-version":[{"id":79747,"href":"https:\/\/www.bojungle.eu\/pt-pt\/wp-json\/wp\/v2\/product\/64870\/revisions\/79747"}],"wp:featuredmedia":[{"embeddable":true,"href":"https:\/\/www.bojungle.eu\/pt-pt\/wp-json\/wp\/v2\/media\/64861"}],"wp:attachment":[{"href":"https:\/\/www.bojungle.eu\/pt-pt\/wp-json\/wp\/v2\/media?parent=64870"}],"wp:term":[{"taxonomy":"product_brand","embeddable":true,"href":"https:\/\/www.bojungle.eu\/pt-pt\/wp-json\/wp\/v2\/product_brand?post=64870"},{"taxonomy":"product_cat","embeddable":true,"href":"https:\/\/www.bojungle.eu\/pt-pt\/wp-json\/wp\/v2\/product_cat?post=64870"},{"taxonomy":"product_tag","embeddable":true,"href":"https:\/\/www.bojungle.eu\/pt-pt\/wp-json\/wp\/v2\/product_tag?post=64870"},{"taxonomy":"woo-feed-brand","embeddable":true,"href":"https:\/\/www.bojungle.eu\/pt-pt\/wp-json\/wp\/v2\/woo-feed-brand?post=64870"}],"curies":[{"name":"wp","href":"https:\/\/api.w.org\/{rel}","templated":true}]}}