{"id":64893,"date":"2024-01-26T14:44:14","date_gmt":"2024-01-26T13:44:14","guid":{"rendered":"https:\/\/www.bojungle.eu\/product\/dobbs-tapete-de-banho-antiderrapante\/"},"modified":"2024-08-26T13:43:27","modified_gmt":"2024-08-26T11:43:27","slug":"dobbs-tapete-de-banho-antiderrapante","status":"publish","type":"product","link":"https:\/\/www.bojungle.eu\/pt-pt\/produto\/dobbs-tapete-de-banho-antiderrapante\/","title":{"rendered":"Dobbs &#8211; Tapete de banho antiderrapante"},"content":{"rendered":"<p>As paredes escorregadias da banheira ou as bases de duche tornam a hora do banho uma experi\u00eancia enervante? Com o nosso tapete de banho antiderrapante Dobbs, pode transformar a sua casa de banho num espa\u00e7o seguro e divertido para o seu filho. Este ador\u00e1vel tapete de banho com uma baleia divertida foi concebido para manter o seu filho seguro e feliz enquanto toma banho ou duche. O Tapete de Banho Antiderrapante Dobbs est\u00e1 equipado com v\u00e1rias ventosas na parte inferior, garantindo que se mant\u00e9m firme em qualquer superf\u00edcie lisa, evitando escorregadelas e quedas. O design cuidado inclui um pr\u00e1tico orif\u00edcio na cauda, permitindo-lhe pendurar facilmente o tapete para secar ap\u00f3s a utiliza\u00e7\u00e3o. Inclu\u00edmos tamb\u00e9m um pr\u00e1tico gancho com ventosa, para que possa manter o tapete de banho bem guardado e pronto para a pr\u00f3xima aventura.      <strong>Caracter\u00edsticas principais:<\/strong><\/p>\n<ul>\n<li><strong>Desenhos ador\u00e1veis: <\/strong>Uma baleia alegre para tornar a hora do banho mais divertida.<\/li>\n<li><strong>Superf\u00edcie anti-derrapante: <\/strong>Evita que a crian\u00e7a escorregue na banheira ou no duche.<\/li>\n<li><strong>Ventosas seguras:<\/strong> Forte ader\u00eancia ao ch\u00e3o da banheira ou do duche para evitar acidentes.<\/li>\n<li><strong>F\u00e1cil de secar:<\/strong> O orif\u00edcio incorporado permite pendurar e secar facilmente no gancho inclu\u00eddo.<\/li>\n<li><strong>Gancho pr\u00e1tico: <\/strong>Inclui um gancho com ventosa para facilitar a arruma\u00e7\u00e3o quando n\u00e3o est\u00e1 a ser utilizado.<\/li>\n<\/ul>\n<p> Torne a hora do banho segura e agrad\u00e1vel com o Tapete de Banho Antiderrapante Dobbs. Perfeito para crian\u00e7as que adoram divertir-se e pais que valorizam a seguran\u00e7a.  &nbsp;<\/p>\n","protected":false},"excerpt":{"rendered":"<p>Traga seguran\u00e7a e divers\u00e3o para a hora do banho com o Tapete de Banho Antiderrapante Dobbs! Este ador\u00e1vel tapete em forma de baleia tem uma superf\u00edcie antiderrapante e v\u00e1rias ventosas para agarrar firmemente o ch\u00e3o da banheira ou do duche, evitando escorregadelas e quedas. Um pr\u00e1tico orif\u00edcio na cauda da baleia permite pendur\u00e1-la facilmente no gancho com ventosa inclu\u00eddo. Perfeita para os mais pequenos que adoram uma aventura com salpicos.   <\/p>\n","protected":false},"featured_media":64881,"comment_status":"closed","ping_status":"closed","template":"","meta":{"_lmt_disableupdate":"","_lmt_disable":""},"product_brand":[],"product_cat":[594,516],"product_tag":[],"woo-feed-brand":[],"class_list":{"0":"post-64893","1":"product","2":"type-product","3":"status-publish","4":"has-post-thumbnail","6":"product_cat-bebe-no-banho","7":"product_cat-tosquia","9":"first","10":"instock","11":"taxable","12":"shipping-taxable","13":"purchasable","14":"product-type-simple"},"_links":{"self":[{"href":"https:\/\/www.bojungle.eu\/pt-pt\/wp-json\/wp\/v2\/product\/64893","targetHints":{"allow":["GET"]}}],"collection":[{"href":"https:\/\/www.bojungle.eu\/pt-pt\/wp-json\/wp\/v2\/product"}],"about":[{"href":"https:\/\/www.bojungle.eu\/pt-pt\/wp-json\/wp\/v2\/types\/product"}],"replies":[{"embeddable":true,"href":"https:\/\/www.bojungle.eu\/pt-pt\/wp-json\/wp\/v2\/comments?post=64893"}],"version-history":[{"count":1,"href":"https:\/\/www.bojungle.eu\/pt-pt\/wp-json\/wp\/v2\/product\/64893\/revisions"}],"predecessor-version":[{"id":76534,"href":"https:\/\/www.bojungle.eu\/pt-pt\/wp-json\/wp\/v2\/product\/64893\/revisions\/76534"}],"wp:featuredmedia":[{"embeddable":true,"href":"https:\/\/www.bojungle.eu\/pt-pt\/wp-json\/wp\/v2\/media\/64881"}],"wp:attachment":[{"href":"https:\/\/www.bojungle.eu\/pt-pt\/wp-json\/wp\/v2\/media?parent=64893"}],"wp:term":[{"taxonomy":"product_brand","embeddable":true,"href":"https:\/\/www.bojungle.eu\/pt-pt\/wp-json\/wp\/v2\/product_brand?post=64893"},{"taxonomy":"product_cat","embeddable":true,"href":"https:\/\/www.bojungle.eu\/pt-pt\/wp-json\/wp\/v2\/product_cat?post=64893"},{"taxonomy":"product_tag","embeddable":true,"href":"https:\/\/www.bojungle.eu\/pt-pt\/wp-json\/wp\/v2\/product_tag?post=64893"},{"taxonomy":"woo-feed-brand","embeddable":true,"href":"https:\/\/www.bojungle.eu\/pt-pt\/wp-json\/wp\/v2\/woo-feed-brand?post=64893"}],"curies":[{"name":"wp","href":"https:\/\/api.w.org\/{rel}","templated":true}]}}