{"id":64917,"date":"2024-01-26T14:59:18","date_gmt":"2024-01-26T13:59:18","guid":{"rendered":"https:\/\/www.bojungle.eu\/product\/rumpy-tapete-de-banho-antiderrapante\/"},"modified":"2024-08-26T14:08:15","modified_gmt":"2024-08-26T12:08:15","slug":"rumpy-tapete-de-banho-antiderrapante","status":"publish","type":"product","link":"https:\/\/www.bojungle.eu\/pt-pt\/produto\/rumpy-tapete-de-banho-antiderrapante\/","title":{"rendered":"Rumpy &#8211; Tapete de banho antiderrapante"},"content":{"rendered":"<p>As paredes da banheira ou as bases do duche est\u00e3o escorregadias tornando a hora do banho uma experi\u00eancia stressante? Com o nosso Tapete de Banho Antiderrapante Rumpy, pode transformar a sua casa de banho num espa\u00e7o seguro e divertido para o seu filho. Este ador\u00e1vel tapete de banho com um hipop\u00f3tamo alegre foi concebido para manter o seu filho seguro e feliz enquanto toma banho. O Tapete de Banho Antiderrapante Rumpy est\u00e1 equipado com m\u00faltiplas ventosas na parte inferior, garantindo que se mant\u00e9m firme no lugar em qualquer superf\u00edcie lisa, evitando escorreg\u00f5es e quedas. O design inteligente inclui um orif\u00edcio conveniente na cauda, permitindo pendurar facilmente o tapete para secar ap\u00f3s a utiliza\u00e7\u00e3o. Inclu\u00edmos tamb\u00e9m um pr\u00e1tico gancho com ventosa, para que possa manter o seu tapete de banho bem guardado e pronto para a pr\u00f3xima aventura.      <strong>Caracter\u00edsticas principais:<\/strong><\/p>\n<ul>\n<li><strong>Desenhos ador\u00e1veis:<\/strong> Um hipop\u00f3tamo alegre para tornar a hora do banho mais divertida.<\/li>\n<li><strong>Superf\u00edcie anti-derrapante: <\/strong>Evita que a crian\u00e7a escorregue na banheira ou no duche.<\/li>\n<li><strong>Ventosas seguras:<\/strong> Forte ader\u00eancia ao ch\u00e3o da banheira ou do duche para evitar acidentes.<\/li>\n<li><strong>F\u00e1cil de secar:<\/strong> O orif\u00edcio incorporado permite pendurar e secar facilmente no gancho inclu\u00eddo.<\/li>\n<li><strong>Gancho pr\u00e1tico: <\/strong>Inclui um gancho com ventosa para facilitar a arruma\u00e7\u00e3o quando n\u00e3o est\u00e1 a ser utilizado.<\/li>\n<\/ul>\n<p> Torne a hora do banho segura e agrad\u00e1vel com o tapete de banho antiderrapante Rumpy. Perfeito para crian\u00e7as que gostam de se divertir e pais que valorizam a seguran\u00e7a.  &nbsp;<\/p>\n","protected":false},"excerpt":{"rendered":"<p>Essas paredes de banho ou bases de duche escorregadias tamb\u00e9m lhe parecem t\u00e3o perigosas? Ent\u00e3o agora h\u00e1 nossos tapetes de banho antiderrapantes extremamente bonitos. O nosso hipop\u00f3tamo e a nossa baleia garantir\u00e3o que o seu beb\u00e9 possa tomar banho ou duche em seguran\u00e7a sem escorregar. Existem v\u00e1rias ventosas na parte inferior dos tapetes de banho, por isso aderem com seguran\u00e7a \u00e0 superf\u00edcie. Al\u00e9m disso, h\u00e1 um orif\u00edcio para que voc\u00ea possa facilmente pendurar o tapete de banho para secar ap\u00f3s o uso em um gancho inclu\u00eddo, que tamb\u00e9m tem uma ventosa.<\/p>\n","protected":false},"featured_media":64904,"comment_status":"closed","ping_status":"closed","template":"","meta":{"_lmt_disableupdate":"","_lmt_disable":""},"product_brand":[],"product_cat":[594,516],"product_tag":[],"woo-feed-brand":[],"class_list":{"0":"post-64917","1":"product","2":"type-product","3":"status-publish","4":"has-post-thumbnail","6":"product_cat-bebe-no-banho","7":"product_cat-tosquia","9":"first","10":"instock","11":"taxable","12":"shipping-taxable","13":"purchasable","14":"product-type-simple"},"_links":{"self":[{"href":"https:\/\/www.bojungle.eu\/pt-pt\/wp-json\/wp\/v2\/product\/64917","targetHints":{"allow":["GET"]}}],"collection":[{"href":"https:\/\/www.bojungle.eu\/pt-pt\/wp-json\/wp\/v2\/product"}],"about":[{"href":"https:\/\/www.bojungle.eu\/pt-pt\/wp-json\/wp\/v2\/types\/product"}],"replies":[{"embeddable":true,"href":"https:\/\/www.bojungle.eu\/pt-pt\/wp-json\/wp\/v2\/comments?post=64917"}],"version-history":[{"count":1,"href":"https:\/\/www.bojungle.eu\/pt-pt\/wp-json\/wp\/v2\/product\/64917\/revisions"}],"predecessor-version":[{"id":76543,"href":"https:\/\/www.bojungle.eu\/pt-pt\/wp-json\/wp\/v2\/product\/64917\/revisions\/76543"}],"wp:featuredmedia":[{"embeddable":true,"href":"https:\/\/www.bojungle.eu\/pt-pt\/wp-json\/wp\/v2\/media\/64904"}],"wp:attachment":[{"href":"https:\/\/www.bojungle.eu\/pt-pt\/wp-json\/wp\/v2\/media?parent=64917"}],"wp:term":[{"taxonomy":"product_brand","embeddable":true,"href":"https:\/\/www.bojungle.eu\/pt-pt\/wp-json\/wp\/v2\/product_brand?post=64917"},{"taxonomy":"product_cat","embeddable":true,"href":"https:\/\/www.bojungle.eu\/pt-pt\/wp-json\/wp\/v2\/product_cat?post=64917"},{"taxonomy":"product_tag","embeddable":true,"href":"https:\/\/www.bojungle.eu\/pt-pt\/wp-json\/wp\/v2\/product_tag?post=64917"},{"taxonomy":"woo-feed-brand","embeddable":true,"href":"https:\/\/www.bojungle.eu\/pt-pt\/wp-json\/wp\/v2\/woo-feed-brand?post=64917"}],"curies":[{"name":"wp","href":"https:\/\/api.w.org\/{rel}","templated":true}]}}